{"id":880,"date":"2026-01-30T17:44:05","date_gmt":"2026-01-30T16:44:05","guid":{"rendered":"https:\/\/piximat.com\/index.php\/themes\/"},"modified":"2026-01-30T17:44:15","modified_gmt":"2026-01-30T16:44:15","slug":"themes","status":"publish","type":"page","link":"https:\/\/piximat.com\/index.php\/themes\/","title":{"rendered":"Th\u00e8mes"},"content":{"rendered":"\n  \n    <section class=\"u-clearfix u-section-1\" id=\"sec-9a2f\">\n      <div class=\"u-clearfix u-sheet u-valign-middle-lg u-valign-middle-md u-valign-middle-sm u-valign-middle-xs u-sheet-1\">\n        <div class=\"data-layout-selected u-clearfix u-expanded-width u-gutter-20 u-layout-wrap u-layout-wrap-1\">\n          <div class=\"u-layout\">\n            <div class=\"u-layout-row\">\n              <div class=\"u-size-30 u-size-60-md\">\n                <div class=\"u-layout-col\">\n                  <div class=\"skrollable u-container-style u-image u-image-round u-layout-cell u-parallax u-radius u-shape-rectangle u-size-40 u-image-1\" data-image-width=\"709\" data-image-height=\"709\" style=\"background-image: url(&quot;https:\/\/piximat.com\/wp-content\/uploads\/2026\/01\/PixiBox-Magazine-Gatsby.jpg&quot;);\">\n                    <div class=\"u-container-layout u-valign-bottom-lg u-valign-bottom-md u-valign-bottom-sm u-valign-bottom-xs u-container-layout-1\"><\/div>\n                  <\/div>\n                  <div class=\"u-container-align-center u-container-style u-layout-cell u-size-20 u-layout-cell-2\">\n                    <div class=\"u-container-layout u-valign-middle-lg u-valign-middle-md u-valign-middle-sm u-valign-middle-xs u-container-layout-2\">\n                      <h2 class=\"u-align-center u-subtitle u-text u-text-default u-text-1\"> Du glamour des ann\u00e9es folles \u00e0 la rigueur d'une identit\u00e9 de marque, nos studios mobiles s'adaptent pour devenir une pi\u00e8ce ma\u00eetresse de votre sc\u00e9nographie.<\/h2>\n                    <\/div>\n                  <\/div>\n                <\/div>\n              <\/div>\n              <div class=\"u-size-30 u-size-60-md\">\n                <div class=\"u-layout-col\">\n                  <div class=\"u-container-align-center u-container-style u-layout-cell u-size-20 u-layout-cell-3\">\n                    <div class=\"u-container-layout u-valign-middle u-container-layout-3\">\n                      <h1 class=\"u-align-center u-custom-font u-text u-text-body-color u-text-default u-title u-text-2\"> CR\u00c9EZ L'IMMERSION. SUBLIMEZ VOTRE TH\u00c8ME.<\/h1>\n                    <\/div>\n                  <\/div>\n                  <div class=\"skrollable u-container-style u-image u-image-round u-layout-cell u-parallax u-radius u-shape-rectangle u-size-40 u-image-2\" data-image-width=\"832\" data-image-height=\"1041\" style=\"background-image: url(&quot;https:\/\/piximat.com\/wp-content\/uploads\/2026\/01\/Piximat-IA-Futuriste.jpg&quot;);\">\n                    <div class=\"u-container-layout u-valign-middle-lg u-valign-middle-md u-valign-middle-sm u-valign-middle-xs u-container-layout-4\"><\/div>\n                  <\/div>\n                <\/div>\n              <\/div>\n            <\/div>\n          <\/div>\n        <\/div>\n      <\/div>\n    <\/section>\n    <section class=\"u-align-center u-black u-clearfix u-container-align-center u-section-2\" id=\"sec-71db\">\n      <div class=\"u-clearfix u-sheet u-sheet-1\"><span class=\"u-custom-color-7 u-file-icon u-icon u-icon-circle u-icon-1\"><img decoding=\"async\" src=\"https:\/\/piximat.com\/wp-content\/uploads\/2026\/01\/28e26126.png\" alt=\"\"><\/span>\n        <h2 class=\"u-custom-font u-text u-text-custom-color-7 u-text-1\"> UNE PERSONNALISATION \u00c0 360\u00b0.<\/h2>\n        <h6 class=\"u-text u-text-default u-text-2\"> Un th\u00e8me r\u00e9ussi se joue dans les d\u00e9tails.&nbsp;<br>\n          <br>Chez Piximat, nous ne nous contentons pas de poser une borne dans un coin.<br>Nous adaptons <b>l'interface tactile<\/b> de l'\u00e9cran d'accueil, nous cr\u00e9ons des&nbsp;<br><b>maquettes d'impression<\/b> sur-mesure qui respectent vos polices et vos couleurs,&nbsp;<br>et nous pouvons m\u00eame <b>habiller physiquement la borne<\/b> pour qu'elle se fonde&nbsp;<br>totalement dans votre d\u00e9cor.&nbsp;<br>\n          <br>L'exp\u00e9rience est coh\u00e9rente, de l'approche jusqu'au tirage papier.\"\n        <\/h6>\n      <\/div>\n    <\/section>\n    \n    \n    \n    \n    \n    \n  \n","protected":false},"excerpt":{"rendered":"<p>Du glamour des ann\u00e9es folles \u00e0 la rigueur d&rsquo;une identit\u00e9 de marque, nos studios mobiles s&rsquo;adaptent pour devenir une pi\u00e8ce ma\u00eetresse de votre sc\u00e9nographie. CR\u00c9EZ L&rsquo;IMMERSION. SUBLIMEZ VOTRE TH\u00c8ME. UNE PERSONNALISATION \u00c0 360\u00b0. Un th\u00e8me r\u00e9ussi se joue dans les d\u00e9tails.&nbsp; Chez Piximat, nous ne nous contentons pas de poser une borne dans un coin.Nous &hellip; <a href=\"https:\/\/piximat.com\/index.php\/themes\/\" class=\"more-link\">Continue reading<span class=\"screen-reader-text\"> \u00ab\u00a0Th\u00e8mes\u00a0\u00bb<\/span><\/a><\/p>\n","protected":false},"author":1,"featured_media":0,"parent":0,"menu_order":2,"comment_status":"closed","ping_status":"closed","template":"","meta":{"footnotes":""},"class_list":["post-880","page","type-page","status-publish","hentry"],"_links":{"self":[{"href":"https:\/\/piximat.com\/index.php\/wp-json\/wp\/v2\/pages\/880","targetHints":{"allow":["GET"]}}],"collection":[{"href":"https:\/\/piximat.com\/index.php\/wp-json\/wp\/v2\/pages"}],"about":[{"href":"https:\/\/piximat.com\/index.php\/wp-json\/wp\/v2\/types\/page"}],"author":[{"embeddable":true,"href":"https:\/\/piximat.com\/index.php\/wp-json\/wp\/v2\/users\/1"}],"replies":[{"embeddable":true,"href":"https:\/\/piximat.com\/index.php\/wp-json\/wp\/v2\/comments?post=880"}],"version-history":[{"count":1,"href":"https:\/\/piximat.com\/index.php\/wp-json\/wp\/v2\/pages\/880\/revisions"}],"predecessor-version":[{"id":897,"href":"https:\/\/piximat.com\/index.php\/wp-json\/wp\/v2\/pages\/880\/revisions\/897"}],"wp:attachment":[{"href":"https:\/\/piximat.com\/index.php\/wp-json\/wp\/v2\/media?parent=880"}],"curies":[{"name":"wp","href":"https:\/\/api.w.org\/{rel}","templated":true}]}}