{"id":586,"date":"2025-09-26T15:30:56","date_gmt":"2025-09-26T13:30:56","guid":{"rendered":"https:\/\/piximat.com\/index.php\/accueil-6\/"},"modified":"2025-09-26T15:30:58","modified_gmt":"2025-09-26T13:30:58","slug":"accueil-6","status":"publish","type":"page","link":"https:\/\/piximat.com\/index.php\/accueil-6\/","title":{"rendered":"Accueil"},"content":{"rendered":"\n   \n    <section class=\"u-align-left u-clearfix u-container-align-center u-container-align-left u-section-1\" id=\"sec-0717\">\n      <div class=\"u-clearfix u-sheet u-valign-middle-lg u-valign-middle-md u-sheet-1\">\n        <h2 class=\"u-align-center u-text u-text-custom-color-1 u-text-1\">D\u00e9couvrez notre gamme de Photobooth<\/h2>\n        <p class=\"u-align-center u-text u-text-2\">Nos photobooth sont originaux et innovants !&nbsp;<br>D\u00e9couvrez les pour choisir celui qui r\u00e9pondra parfaitement \u00e0 vos besoins&nbsp;<br>et fera de votre \u00e9v\u00e9nement une r\u00e9ussite ! \n        <\/p>\n        <div class=\"u-expanded-width u-list u-list-1\">\n          <div class=\"u-repeater u-repeater-1\">\n            <div class=\"u-align-center u-container-align-center u-container-style u-image u-image-round u-list-item u-radius u-repeater-item u-image-1\" data-image-width=\"832\" data-image-height=\"1248\" data-href=\"https:\/\/piximat.com\/index.php\/pixibox-magazine\/\" title=\"PixiBox Magazine\" style=\"background-image: url(&quot;https:\/\/piximat.com\/wp-content\/uploads\/2025\/09\/PixiBox-Magazine-Accueil-1.jpg&quot;);\">\n              <div class=\"u-container-layout u-similar-container u-valign-bottom-lg u-valign-bottom-md u-valign-bottom-sm u-valign-bottom-xs u-container-layout-1\">\n                <h5 class=\"u-text u-text-3\">PixiBox Magazine<\/h5>\n              <\/div>\n            <\/div>\n            <div class=\"u-align-center u-container-align-center u-container-style u-image u-image-round u-list-item u-radius u-repeater-item u-image-2\" data-image-width=\"832\" data-image-height=\"1248\" data-href=\"https:\/\/piximat.com\/index.php\/pixibox-ia\/\" title=\"PixiBox IA\" style=\"background-image: url(&quot;https:\/\/piximat.com\/wp-content\/uploads\/2025\/09\/Piximat-IA-Accueil-1.jpg&quot;);\">\n              <div class=\"u-container-layout u-similar-container u-valign-bottom-lg u-valign-bottom-md u-valign-bottom-sm u-valign-bottom-xs u-container-layout-2\">\n                <h5 class=\"u-text u-text-4\"><span style=\"font-weight: 700;\">PixiBox IA<\/span>\n                <\/h5>\n              <\/div>\n            <\/div>\n            <div class=\"u-align-center u-container-align-center u-container-style u-image u-image-round u-list-item u-radius u-repeater-item u-image-3\" data-image-width=\"832\" data-image-height=\"1248\" data-href=\"https:\/\/piximat.com\/index.php\/piximat-1900-2\/\" title=\"Piximat 1900\" style=\"background-image: url(&quot;https:\/\/piximat.com\/wp-content\/uploads\/2025\/09\/Piximat-1900-1.jpg&quot;);\">\n              <div class=\"u-container-layout u-similar-container u-valign-bottom-lg u-valign-bottom-md u-valign-bottom-sm u-valign-bottom-xs u-container-layout-3\">\n                <h5 class=\"u-text u-text-5\">Piximat 1900 <\/h5>\n              <\/div>\n            <\/div>\n            <div class=\"u-align-center u-container-align-center u-container-style u-image u-image-round u-list-item u-radius u-repeater-item u-image-4\" data-image-width=\"832\" data-image-height=\"1248\" data-href=\"https:\/\/piximat.com\/index.php\/pixibooth\/\" title=\"PixiBooth\" style=\"background-image: url(&quot;https:\/\/piximat.com\/wp-content\/uploads\/2025\/09\/PixiBooth-Accueil-1.jpg&quot;);\">\n              <div class=\"u-container-layout u-similar-container u-valign-bottom-lg u-valign-bottom-md u-valign-bottom-sm u-valign-bottom-xs u-container-layout-4\">\n                <h5 class=\"u-text u-text-6\">PixiBooth<\/h5>\n              <\/div>\n            <\/div>\n          <\/div>\n        <\/div>\n        <a href=\"https:\/\/piximat.com\/index.php\/devis-6\/\" class=\"u-active-custom-color-1 u-border-none u-btn u-btn-round u-button-style u-custom-color-2 u-hover-custom-color-1 u-radius-8 u-text-active-white u-text-body-alt-color u-text-hover-white u-btn-1\">Demandez votre devis ! <\/a>\n      <\/div>\n    <\/section>\n    <section class=\"u-align-center-lg u-align-center-md u-align-center-sm u-align-center-xl u-align-left-xs u-clearfix u-grey-10 u-section-2\" id=\"sec-1960\">\n      <div class=\"u-clearfix u-sheet u-sheet-1\">\n        <h2 class=\"u-align-center u-text u-text-custom-color-1 u-text-1\">Qui Sommes Nous ?<\/h2>\n        <p class=\"u-align-center-lg u-align-center-md u-align-center-sm u-align-center-xl u-align-justify-xs u-text u-text-2\">Depuis 2011 nous proposons notre service de location de photobooth pour vos \u00e9v\u00e9nements sur les cantons de Gen\u00e8ve et Vaud (anniversaires, mariages, soir\u00e9es d'entreprises, op\u00e9rations marketing et commerciales ...)\u200b.<br>\n          <br>Nous avons d\u00e9but\u00e9 notre aventure en proposant des cabines photos avec et sans impression instantan\u00e9e puis des bornes photos plus petite avec et sans impression instantan\u00e9e.<br>\n          <br>Pouss\u00e9s par l'envie d'offrir de nouvelles exp\u00e9riences, nous recherchons en permanence de nouveaux concept de photobooth \u00e0 vous proposer pour animer vos \u00e9v\u00e9nements&nbsp;<br>et cr\u00e9er de nouveaux souvenirs instantan\u00e9s !<br>\n          <br>Envie d'une animation photo innovante ?<br>Contactez-nous ! Nous serons ravis de participer \u00e0 la r\u00e9ussite de votre \u00e9v\u00e9nement !\n        <\/p>\n      <\/div>\n    <\/section>\n    <section class=\"u-align-center u-clearfix u-container-align-center u-grey-10 u-section-3\" id=\"carousel_463f\">\n      <div class=\"u-clearfix u-sheet u-valign-middle-sm u-sheet-1\">\n        <div class=\"u-shape u-shape-svg u-text-custom-color-1 u-shape-1\">\n          <svg class=\"u-svg-link\" preserveAspectRatio=\"none\" viewBox=\"0 0 160 140\" style=\"\"><use xmlns:xlink=\"http:\/\/www.w3.org\/1999\/xlink\" xlink:href=\"#svg-c4d4\"><\/use><\/svg>\n          <svg xmlns=\"http:\/\/www.w3.org\/2000\/svg\" xmlns:xlink=\"http:\/\/www.w3.org\/1999\/xlink\" version=\"1.1\" xml:space=\"preserve\" class=\"u-svg-content\" viewBox=\"0 0 160 140\" x=\"0px\" y=\"0px\" id=\"svg-c4d4\"><g><g><path d=\"M138.9,102.2c-9.5,10.1-24.4,20.2-41.2,27.4C63.2,144.5,21,147.1,3.1,112.4c-9.9-19.1,6.5-28.8,11.8-45.7\n\t\t\tc5.3-16.9-11.4-32.3-5.1-49.9c1.8-4.9,4.9-9,8.9-11.9C24,1,30.8-0.8,37.8,0.3C43.6,1.2,49,3.5,54.3,5.7c8.8,3.7,17.4,7.1,26.3,9.8\n\t\t\tc15.7,4.7,31.3,3.7,47.1,7.2c8.5,1.9,16.7,5.6,22.6,11.8C170.3,55.7,155.8,84.1,138.9,102.2z\"><\/path>\n<\/g>\n<\/g><\/svg>\n        <\/div>\n        <div class=\"u-shape u-shape-svg u-text-custom-color-1 u-shape-2\">\n          <svg class=\"u-svg-link\" preserveAspectRatio=\"none\" viewBox=\"0 0 160 120\" style=\"\"><use xmlns:xlink=\"http:\/\/www.w3.org\/1999\/xlink\" xlink:href=\"#svg-b310\"><\/use><\/svg>\n          <svg xmlns=\"http:\/\/www.w3.org\/2000\/svg\" xmlns:xlink=\"http:\/\/www.w3.org\/1999\/xlink\" version=\"1.1\" xml:space=\"preserve\" class=\"u-svg-content\" viewBox=\"0 0 160 120\" x=\"0px\" y=\"0px\" id=\"svg-b310\"><path d=\"M124.3,80.3c20.5-1.1,32-18.4,34.8-31.5c4.7-22.6-6.7-55.4-81.5-47.7c-124.8,12.7-75.1,145.7-16.9,114\n\tC99.9,93.7,86.4,82.3,124.3,80.3z\"><\/path><\/svg>\n        <\/div>\n        <div class=\"data-layout-selected u-clearfix u-layout-wrap u-layout-wrap-1\">\n          <div class=\"u-gutter-0 u-layout\">\n            <div class=\"u-layout-row\">\n              <div class=\"u-align-left u-container-align-left u-container-style u-layout-cell u-left-cell u-size-30 u-white u-layout-cell-1\">\n                <div class=\"u-container-layout u-container-layout-1\">\n                  <h2 class=\"u-text u-text-custom-color-2 u-text-1\">Contactez Nous<\/h2>\n                  <p class=\"u-text u-text-2\">Piximat - Souvenirs Instantan\u00e9s<br>Chemin du Champ des Filles 19<br>1228 Plan-Les-Ouates<br>\n                    <a href=\"mailto:\" class=\"u-active-none u-border-none u-btn u-button-link u-button-style u-hover-none u-none u-text-palette-1-base u-btn-1\" target=\"_blank\">contact@piximat.com<\/a>\n                    <br>\n                    <br>Pour toute question, \u00e9crivez nous un message ou demandez votre devis en ligne \u00e0 l'aide de notre formulaire.\n                  <\/p>\n                  <div class=\"u-social-icons u-social-icons-1\">\n                    <a class=\"u-social-url\" target=\"_blank\" href=\"\"><span class=\"u-icon u-icon-circle u-social-facebook u-social-icon u-icon-1\"><svg class=\"u-svg-link\" preserveAspectRatio=\"xMidYMin slice\" viewBox=\"0 0 112 112\" style=\"\"><use xmlns:xlink=\"http:\/\/www.w3.org\/1999\/xlink\" xlink:href=\"#svg-50ee\"><\/use><\/svg><svg xmlns=\"http:\/\/www.w3.org\/2000\/svg\" xmlns:xlink=\"http:\/\/www.w3.org\/1999\/xlink\" version=\"1.1\" xml:space=\"preserve\" class=\"u-svg-content\" viewBox=\"0 0 112 112\" x=\"0px\" y=\"0px\" id=\"svg-50ee\"><path d=\"M75.5,28.8H65.4c-1.5,0-4,0.9-4,4.3v9.4h13.9l-1.5,15.8H61.4v45.1H42.8V58.3h-8.8V42.4h8.8V32.2 c0-7.4,3.4-18.8,18.8-18.8h13.8v15.4H75.5z\"><\/path><\/svg><\/span>\n                    <\/a>\n                    <a class=\"u-social-url\" target=\"_blank\" href=\"\"><span class=\"u-icon u-icon-circle u-social-icon u-social-twitter u-icon-2\"><svg class=\"u-svg-link\" preserveAspectRatio=\"xMidYMin slice\" viewBox=\"0 0 112 112\" style=\"\"><use xmlns:xlink=\"http:\/\/www.w3.org\/1999\/xlink\" xlink:href=\"#svg-d346\"><\/use><\/svg><svg xmlns=\"http:\/\/www.w3.org\/2000\/svg\" xmlns:xlink=\"http:\/\/www.w3.org\/1999\/xlink\" version=\"1.1\" xml:space=\"preserve\" class=\"u-svg-content\" viewBox=\"0 0 112 112\" x=\"0px\" y=\"0px\" id=\"svg-d346\"><path d=\"M92.2,38.2c0,0.8,0,1.6,0,2.3c0,24.3-18.6,52.4-52.6,52.4c-10.6,0.1-20.2-2.9-28.5-8.2 c1.4,0.2,2.9,0.2,4.4,0.2c8.7,0,16.7-2.9,23-7.9c-8.1-0.2-14.9-5.5-17.3-12.8c1.1,0.2,2.4,0.2,3.4,0.2c1.6,0,3.3-0.2,4.8-0.7 c-8.4-1.6-14.9-9.2-14.9-18c0-0.2,0-0.2,0-0.2c2.5,1.4,5.4,2.2,8.4,2.3c-5-3.3-8.3-8.9-8.3-15.4c0-3.4,1-6.5,2.5-9.2 c9.1,11.1,22.7,18.5,38,19.2c-0.2-1.4-0.4-2.8-0.4-4.3c0.1-10,8.3-18.2,18.5-18.2c5.4,0,10.1,2.2,13.5,5.7c4.3-0.8,8.1-2.3,11.7-4.5 c-1.4,4.3-4.3,7.9-8.1,10.1c3.7-0.4,7.3-1.4,10.6-2.9C98.9,32.3,95.7,35.5,92.2,38.2z\"><\/path><\/svg><\/span>\n                    <\/a>\n                    <a class=\"u-social-url\" target=\"_blank\" href=\"\"><span class=\"u-icon u-icon-circle u-social-icon u-social-instagram u-icon-3\"><svg class=\"u-svg-link\" preserveAspectRatio=\"xMidYMin slice\" viewBox=\"0 0 112 112\" style=\"\"><use xmlns:xlink=\"http:\/\/www.w3.org\/1999\/xlink\" xlink:href=\"#svg-dd2a\"><\/use><\/svg><svg xmlns=\"http:\/\/www.w3.org\/2000\/svg\" xmlns:xlink=\"http:\/\/www.w3.org\/1999\/xlink\" version=\"1.1\" xml:space=\"preserve\" class=\"u-svg-content\" viewBox=\"0 0 112 112\" x=\"0px\" y=\"0px\" id=\"svg-dd2a\"><path d=\"M55.9,32.9c-12.8,0-23.2,10.4-23.2,23.2s10.4,23.2,23.2,23.2s23.2-10.4,23.2-23.2S68.7,32.9,55.9,32.9z M55.9,69.4c-7.4,0-13.3-6-13.3-13.3c-0.1-7.4,6-13.3,13.3-13.3s13.3,6,13.3,13.3C69.3,63.5,63.3,69.4,55.9,69.4z\"><\/path><path d=\"M79.7,26.8c-3,0-5.4,2.5-5.4,5.4s2.5,5.4,5.4,5.4c3,0,5.4-2.5,5.4-5.4S82.7,26.8,79.7,26.8z\"><\/path><path d=\"M78.2,11H33.5C21,11,10.8,21.3,10.8,33.7v44.7c0,12.6,10.2,22.8,22.7,22.8h44.7c12.6,0,22.7-10.2,22.7-22.7 V33.7C100.8,21.1,90.6,11,78.2,11z M91,78.4c0,7.1-5.8,12.8-12.8,12.8H33.5c-7.1,0-12.8-5.8-12.8-12.8V33.7 c0-7.1,5.8-12.8,12.8-12.8h44.7c7.1,0,12.8,5.8,12.8,12.8V78.4z\"><\/path><\/svg><\/span>\n                    <\/a>\n                    <a class=\"u-social-url\" target=\"_blank\" href=\"\"><span class=\"u-icon u-icon-circle u-social-google u-social-icon u-icon-4\"><svg class=\"u-svg-link\" preserveAspectRatio=\"xMidYMin slice\" viewBox=\"0 0 112 112\" style=\"\"><use xmlns:xlink=\"http:\/\/www.w3.org\/1999\/xlink\" xlink:href=\"#svg-102d\"><\/use><\/svg><svg xmlns=\"http:\/\/www.w3.org\/2000\/svg\" xmlns:xlink=\"http:\/\/www.w3.org\/1999\/xlink\" version=\"1.1\" xml:space=\"preserve\" class=\"u-svg-content\" viewBox=\"0 0 112 112\" x=\"0px\" y=\"0px\" id=\"svg-102d\"><path d=\"M62.2,81.6c-8.6,11.2-24.6,14.4-37.6,10C10.9,87,0.8,73.2,1,58.5c-0.8-18,15.2-34.6,33.1-34.9 c9.2-0.8,18.2,2.7,25,8.6c-2.9,3.1-5.7,6.2-8.9,9.2c-6.2-3.8-13.5-6.5-20.6-4C18.1,40.7,11,54.2,15.4,65.6 c3.5,11.8,17.8,18.3,29.2,13.2c5.8-2.1,9.7-7.4,11.3-13.2c-6.6-0.1-13.2,0-20.1-0.3c0-3.9,0-7.9,0-11.9c11.2,0,22.2,0,33.3,0 C69.9,63.4,68.3,73.9,62.2,81.6z M110.9,63.7c-3.4,0-6.6,0-10,0c0,3.4,0,6.6,0,10c-3.4,0-6.6,0-10,0c0-3.4,0-6.6,0-10 c-3.4,0-6.6,0-10,0c0-3.4,0-6.6,0-10c3.4,0,6.6,0,10,0c0-3.4,0-6.6,0.1-10c3.4,0,6.6,0,10,0c0,3.4,0,6.6,0,10c3.4,0,6.6,0,10,0 C110.9,56.9,110.9,60.3,110.9,63.7z\"><\/path><\/svg><\/span>\n                    <\/a>\n                  <\/div>\n                  <a href=\"https:\/\/piximat.com\/index.php\/devis-6\/\" class=\"u-active-custom-color-1 u-border-none u-btn u-btn-round u-button-style u-custom-color-2 u-hover-custom-color-1 u-radius-8 u-text-active-white u-text-body-alt-color u-text-hover-white u-btn-2\"> &nbsp;Formulaire de demande&nbsp;<br>de Devis\n                  <\/a>\n                <\/div>\n              <\/div>\n              <div class=\"u-align-left u-container-align-left u-container-style u-layout-cell u-right-cell u-size-30 u-white u-layout-cell-2\">\n                <div class=\"u-container-layout u-valign-middle u-container-layout-2\">\n                  <div class=\"u-expanded-width u-form u-form-1\">\n                    <form action=\"https:\/\/forms.nicepagesrv.com\/v2\/form\/process\" class=\"u-clearfix u-form-spacing-24 u-form-vertical u-inner-form\" style=\"padding: 24px;\" source=\"email\" name=\"form\">\n                      <div class=\"u-form-group u-form-name\">\n                        <label for=\"name-3b9a\" class=\"u-label\">Nom et Pr\u00e9nom<\/label>\n                        <input type=\"text\" placeholder=\"Nom et Pr\u00e9nom\" id=\"name-3b9a\" name=\"Nom et Pr\u00e9nom\" class=\"u-border-2 u-border-black u-border-no-left u-border-no-right u-border-no-top u-input u-input-rectangle u-input-1\" required=\"\">\n                      <\/div>\n                      <div class=\"u-form-email u-form-group\">\n                        <label for=\"email-3b9a\" class=\"u-label\">Adresse Email<\/label>\n                        <input type=\"email\" placeholder=\"Adresse email\" id=\"email-3b9a\" name=\"email\" class=\"u-border-2 u-border-black u-border-no-left u-border-no-right u-border-no-top u-input u-input-rectangle u-input-2\" required=\"\">\n                      <\/div>\n                      <div class=\"u-form-group u-form-phone u-form-group-3\">\n                        <label for=\"phone-dd00\" class=\"u-label\">Num\u00e9ro de t\u00e9l\u00e9phone<\/label>\n                        <input type=\"tel\" pattern=\"+?d{0,3}[s(-]?([0-9]{2,3})[s)-]?([s-]?)([0-9]{3})[s-]?([0-9]{2})[s-]?([0-9]{2})\" placeholder=\"T\u00e9l\u00e9phone\" id=\"phone-dd00\" name=\"T\u00e9l\u00e9phone\" class=\"u-border-2 u-border-black u-border-no-left u-border-no-right u-border-no-top u-input u-input-rectangle u-input-3\" required=\"\">\n                      <\/div>\n                      <div class=\"u-form-group u-form-message\">\n                        <label for=\"message-3b9a\" class=\"u-label\">Votre Message<\/label>\n                        <textarea placeholder=\"Taper votre message\" rows=\"4\" cols=\"50\" id=\"message-3b9a\" name=\"Message\" class=\"u-border-2 u-border-black u-border-no-left u-border-no-right u-border-no-top u-input u-input-rectangle u-input-4\" required=\"\"><\/textarea>\n                      <\/div>\n                      <div class=\"u-align-left u-form-group u-form-submit\">\n                        <a href=\"#\" class=\"u-border-none u-btn u-btn-submit u-button-style u-custom-color-2 u-hover-custom-color-1 u-btn-3\">envoyer<\/a>\n                        <input type=\"submit\" value=\"submit\" class=\"u-form-control-hidden\">\n                      <\/div>\n                      <div class=\"u-form-send-message u-form-send-success\">Merci ! Votre message a bien \u00e9t\u00e9 envoy\u00e9.<\/div>\n                      <div class=\"u-form-send-error u-form-send-message\">Impossible d'envoyer votre message ! Merci de r\u00e9essayer plus tard.<\/div>\n                      <input type=\"hidden\" value=\"\" name=\"recaptchaResponse\">\n                      <input type=\"hidden\" name=\"formServices\" value=\"c9e875d9-cd57-6bec-15cc-9fdcf2c1d27a\">\n                    <\/form>\n                  <\/div>\n                <\/div>\n              <\/div>\n            <\/div>\n          <\/div>\n        <\/div>\n      <\/div>\n    <\/section>\n    \n    \n    \n    \n    \n  \n","protected":false},"excerpt":{"rendered":"<p>D\u00e9couvrez notre gamme de Photobooth Nos photobooth sont originaux et innovants !&nbsp;D\u00e9couvrez les pour choisir celui qui r\u00e9pondra parfaitement \u00e0 vos besoins&nbsp;et fera de votre \u00e9v\u00e9nement une r\u00e9ussite ! PixiBox Magazine PixiBox IA Piximat 1900 PixiBooth Demandez votre devis ! Qui Sommes Nous ? Depuis 2011 nous proposons notre service de location de photobooth pour &hellip; <a href=\"https:\/\/piximat.com\/index.php\/accueil-6\/\" class=\"more-link\">Continue reading<span class=\"screen-reader-text\"> \u00ab\u00a0Accueil\u00a0\u00bb<\/span><\/a><\/p>\n","protected":false},"author":1,"featured_media":0,"parent":0,"menu_order":7,"comment_status":"closed","ping_status":"closed","template":"","meta":{"footnotes":""},"class_list":["post-586","page","type-page","status-publish","hentry"],"_links":{"self":[{"href":"https:\/\/piximat.com\/index.php\/wp-json\/wp\/v2\/pages\/586","targetHints":{"allow":["GET"]}}],"collection":[{"href":"https:\/\/piximat.com\/index.php\/wp-json\/wp\/v2\/pages"}],"about":[{"href":"https:\/\/piximat.com\/index.php\/wp-json\/wp\/v2\/types\/page"}],"author":[{"embeddable":true,"href":"https:\/\/piximat.com\/index.php\/wp-json\/wp\/v2\/users\/1"}],"replies":[{"embeddable":true,"href":"https:\/\/piximat.com\/index.php\/wp-json\/wp\/v2\/comments?post=586"}],"version-history":[{"count":1,"href":"https:\/\/piximat.com\/index.php\/wp-json\/wp\/v2\/pages\/586\/revisions"}],"predecessor-version":[{"id":599,"href":"https:\/\/piximat.com\/index.php\/wp-json\/wp\/v2\/pages\/586\/revisions\/599"}],"wp:attachment":[{"href":"https:\/\/piximat.com\/index.php\/wp-json\/wp\/v2\/media?parent=586"}],"curies":[{"name":"wp","href":"https:\/\/api.w.org\/{rel}","templated":true}]}}