{"id":306,"date":"2025-03-30T10:54:50","date_gmt":"2025-03-30T08:54:50","guid":{"rendered":"https:\/\/piximat.com\/index.php\/devis-4\/"},"modified":"2025-03-30T10:54:53","modified_gmt":"2025-03-30T08:54:53","slug":"devis-4","status":"publish","type":"page","link":"https:\/\/piximat.com\/index.php\/devis-4\/","title":{"rendered":"Devis"},"content":{"rendered":"\n   \n    <section class=\"u-align-center u-clearfix u-container-align-center u-section-1\" id=\"sec-f92c\">\n      <div class=\"u-clearfix u-sheet u-sheet-1\">\n        <div class=\"data-layout-selected u-clearfix u-layout-wrap u-layout-wrap-1\">\n          <div class=\"u-gutter-0 u-layout\">\n            <div class=\"u-layout-row\">\n              <div class=\"u-container-align-left u-container-style u-layout-cell u-left-cell u-size-60 u-white u-layout-cell-1\">\n                <div class=\"u-container-layout u-container-layout-1\">\n                  <h2 class=\"u-align-left u-text u-text-custom-color-2 u-text-1\">Demande de Devis<\/h2>\n                  <p class=\"u-align-justify u-text u-text-grey-50 u-text-2\">Merci de remplir le formulaire ci-dessous afin d'obtenir un devis personnalis\u00e9 pour votre \u00e9v\u00e9nement (tous les champs doivent \u00eatre remplis).<br>Nous nous engageons \u00e0 vous retourner votre offre personnalis\u00e9e sous 48h maximum.<br>\n                    <br>Attention, votre demande de devis ne constitue en aucun cas une r\u00e9servation.&nbsp;<br>Les r\u00e9servations sont confirm\u00e9es par l'envoi d'un contrat de location que vous devrez nous retourner sign\u00e9 et un acompte devra \u00eatre vers\u00e9 pour que votre r\u00e9servation soit effective.<br>\n                    <br>Votre Team Piximat !\n                  <\/p>\n                <\/div>\n              <\/div>\n            <\/div>\n          <\/div>\n        <\/div>\n      <\/div>\n    <\/section>\n    <section class=\"u-align-center u-clearfix u-container-align-center u-section-2\" id=\"carousel_1edd\">\n      <div class=\"u-clearfix u-sheet u-valign-middle-sm u-valign-middle-xs u-sheet-1\">\n        <div class=\"u-shape u-shape-svg u-text-custom-color-1 u-shape-1\">\n          <svg class=\"u-svg-link\" preserveAspectRatio=\"none\" viewBox=\"0 0 160 140\" style=\"\"><use xmlns:xlink=\"http:\/\/www.w3.org\/1999\/xlink\" xlink:href=\"#svg-c4d4\"><\/use><\/svg>\n          <svg xmlns=\"http:\/\/www.w3.org\/2000\/svg\" xmlns:xlink=\"http:\/\/www.w3.org\/1999\/xlink\" version=\"1.1\" xml:space=\"preserve\" class=\"u-svg-content\" viewBox=\"0 0 160 140\" x=\"0px\" y=\"0px\" id=\"svg-c4d4\"><g><g><path d=\"M138.9,102.2c-9.5,10.1-24.4,20.2-41.2,27.4C63.2,144.5,21,147.1,3.1,112.4c-9.9-19.1,6.5-28.8,11.8-45.7\n\t\t\tc5.3-16.9-11.4-32.3-5.1-49.9c1.8-4.9,4.9-9,8.9-11.9C24,1,30.8-0.8,37.8,0.3C43.6,1.2,49,3.5,54.3,5.7c8.8,3.7,17.4,7.1,26.3,9.8\n\t\t\tc15.7,4.7,31.3,3.7,47.1,7.2c8.5,1.9,16.7,5.6,22.6,11.8C170.3,55.7,155.8,84.1,138.9,102.2z\"><\/path>\n<\/g>\n<\/g><\/svg>\n        <\/div>\n        <div class=\"u-shape u-shape-svg u-text-custom-color-1 u-shape-2\">\n          <svg class=\"u-svg-link\" preserveAspectRatio=\"none\" viewBox=\"0 0 160 120\" style=\"\"><use xmlns:xlink=\"http:\/\/www.w3.org\/1999\/xlink\" xlink:href=\"#svg-b310\"><\/use><\/svg>\n          <svg xmlns=\"http:\/\/www.w3.org\/2000\/svg\" xmlns:xlink=\"http:\/\/www.w3.org\/1999\/xlink\" version=\"1.1\" xml:space=\"preserve\" class=\"u-svg-content\" viewBox=\"0 0 160 120\" x=\"0px\" y=\"0px\" id=\"svg-b310\"><path d=\"M124.3,80.3c20.5-1.1,32-18.4,34.8-31.5c4.7-22.6-6.7-55.4-81.5-47.7c-124.8,12.7-75.1,145.7-16.9,114\n\tC99.9,93.7,86.4,82.3,124.3,80.3z\"><\/path><\/svg>\n        <\/div>\n        <div class=\"data-layout-selected u-clearfix u-layout-wrap u-layout-wrap-1\">\n          <div class=\"u-gutter-0 u-layout\">\n            <div class=\"u-layout-row\">\n              <div class=\"u-align-left u-container-align-left u-container-style u-layout-cell u-right-cell u-size-60 u-white u-layout-cell-1\">\n                <div class=\"u-container-layout u-container-layout-1\">\n                  <div class=\"custom-expanded u-form u-form-1\">\n                    <form action=\"https:\/\/forms.nicepagesrv.com\/v2\/form\/process\" class=\"u-clearfix u-form-spacing-26 u-form-vertical u-inner-form\" style=\"padding: 12px;\" source=\"email\" name=\"form\">\n                      <div class=\"u-form-group u-form-name u-form-partition-factor-2 u-form-group-1\">\n                        <label for=\"name-3fbe\" class=\"u-label u-text-custom-color-1 u-label-1\">Pr\u00e9nom<\/label>\n                        <input type=\"text\" placeholder=\"Saisir votre Pr\u00e9nom\" id=\"name-3fbe\" name=\"Pr\u00e9nom\" class=\"u-border-2 u-border-black u-border-no-left u-border-no-right u-border-no-top u-input u-input-rectangle u-input-1\" required=\"\">\n                      <\/div>\n                      <div class=\"u-form-group u-form-name u-form-partition-factor-2 u-form-group-2\">\n                        <label for=\"name-3fbe\" class=\"u-label u-text-custom-color-1 u-label-2\">Nom<\/label>\n                        <input type=\"text\" placeholder=\"Saisir votre Nom\" id=\"name-3fbe\" name=\"Nom\" class=\"u-border-2 u-border-black u-border-no-left u-border-no-right u-border-no-top u-input u-input-rectangle u-input-2\" required=\"\">\n                      <\/div>\n                      <div class=\"u-form-email u-form-group\">\n                        <label for=\"email-3b9a\" class=\"u-label u-text-custom-color-1 u-label-3\">Adresse email<\/label>\n                        <input type=\"email\" placeholder=\"Entrez une adresse email\" id=\"email-3b9a\" name=\"Email\" class=\"u-border-2 u-border-black u-border-no-left u-border-no-right u-border-no-top u-input u-input-rectangle u-input-3\" required=\"\">\n                      <\/div>\n                      <div class=\"u-form-group u-form-phone u-form-group-4\">\n                        <label for=\"phone-0eb4\" class=\"u-label u-text-custom-color-1 u-label-4\">T\u00e9l\u00e9phone<\/label>\n                        <input type=\"tel\" pattern=\"+?d{0,3}[s(-]?([0-9]{2,3})[s)-]?([s-]?)([0-9]{3})[s-]?([0-9]{2})[s-]?([0-9]{2})\" placeholder=\"Saisir votre t\u00e9l\u00e9phone\" id=\"phone-0eb4\" name=\"T\u00e9l\u00e9phone\" class=\"u-border-2 u-border-black u-border-no-left u-border-no-right u-border-no-top u-input u-input-rectangle u-input-4\" required=\"\">\n                      <\/div>\n                      <div class=\"u-form-date u-form-group u-form-partition-factor-2 u-form-group-5\">\n                        <label for=\"date-8c8d\" class=\"u-label u-text-custom-color-1 u-label-5\">Date de votre \u00e9v\u00e9nement<\/label>\n                        <input type=\"text\" placeholder=\"JJ\/MM\/AAAA\" id=\"date-8c8d\" name=\"Date Ev\u00e9nement\" class=\"u-border-2 u-border-black u-border-no-left u-border-no-right u-border-no-top u-input u-input-rectangle u-input-5\" required=\"\" data-date-format=\"dd\/mm\/yyyy\">\n                      <\/div>\n                      <div class=\"u-form-date u-form-group u-form-partition-factor-2 u-form-group-6\">\n                        <label for=\"date-a945\" class=\"u-label u-text-custom-color-1 u-label-6\">Date de la fin de votre \u00e9v\u00e9nement (si location sur plusieurs jours)<\/label>\n                        <input type=\"text\" placeholder=\"JJ\/MM\/AAAA\" id=\"date-a945\" name=\"Date Fin Event\" class=\"u-border-2 u-border-black u-border-no-left u-border-no-right u-border-no-top u-input u-input-rectangle u-input-6\" data-date-format=\"dd\/mm\/yyyy\">\n                      <\/div>\n                      <div class=\"u-form-group u-form-partition-factor-2 u-form-select u-form-group-7\">\n                        <label for=\"select-74b8\" class=\"u-label u-text-custom-color-1 u-label-7\">Type d'\u00e9v\u00e9nement<\/label>\n                        <div class=\"u-form-select-wrapper\">\n                          <select id=\"select-74b8\" name=\"Type Ev\u00e9nement\" class=\"u-border-2 u-border-black u-border-no-left u-border-no-right u-border-no-top u-input u-input-rectangle u-input-7\" required=\"required\">\n                            <option value=\"Anniversaire\" data-calc=\"\">Anniversaire<\/option>\n                            <option value=\"Mariage\" data-calc=\"\">Mariage<\/option>\n                            <option value=\"Soir\u00e9e d'entreprise\" data-calc=\"\">Soir\u00e9e d'entreprise<\/option>\n                            <option value=\"EVJF \/ EVG\" data-calc=\"\">EVJF \/ EVG<\/option>\n                            <option value=\"Soir\u00e9e Priv\u00e9e\" data-calc=\"\">Soir\u00e9e Priv\u00e9e<\/option>\n                            <option value=\"Autre\" data-calc=\"\">Autre<\/option>\n                          <\/select>\n                          <svg class=\"u-caret u-caret-svg\" version=\"1.1\" id=\"Layer_1\" xmlns=\"http:\/\/www.w3.org\/2000\/svg\" xmlns:xlink=\"http:\/\/www.w3.org\/1999\/xlink\" x=\"0px\" y=\"0px\" width=\"16px\" height=\"16px\" viewBox=\"0 0 16 16\" style=\"fill:currentColor;\" xml:space=\"preserve\"><polygon class=\"st0\" points=\"8,12 2,4 14,4 \"><\/polygon><\/svg>\n                        <\/div>\n                      <\/div>\n                      <div class=\"u-form-group u-form-number u-form-number-layout-number u-form-partition-factor-2 u-form-group-8\">\n                        <label for=\"number-15de\" class=\"u-label u-text-custom-color-1 u-label-8\">Nombre de convives<\/label>\n                        <div class=\"u-input-row\" data-value=\"0\">\n                          <input value=\"0\" min=\"0\" max=\"2000\" step=\"1\" type=\"number\" placeholder=\"\" id=\"number-15de\" name=\"Nombre de convives\" class=\"u-border-2 u-border-black u-border-no-left u-border-no-right u-border-no-top u-input u-input-rectangle u-text-black u-input-8\">\n                        <\/div>\n                      <\/div>\n                      <div class=\"u-form-group u-form-partition-factor-2 u-form-select u-form-group-9\">\n                        <label for=\"select-1b53\" class=\"u-label u-text-custom-color-1 u-label-9\">Heure D\u00e9but Ev\u00e9nement<\/label>\n                        <div class=\"u-form-select-wrapper\">\n                          <select id=\"select-1b53\" name=\"Heure D\u00e9but\" class=\"u-border-2 u-border-black u-border-no-left u-border-no-right u-border-no-top u-input u-input-rectangle u-input-9\" required=\"required\">\n                            <option value=\"8:00\" data-calc=\"\">8:00<\/option>\n                            <option value=\"9:00\" data-calc=\"\">9:00<\/option>\n                            <option value=\"10:00\" data-calc=\"\">10:00<\/option>\n                            <option value=\"11:00\" data-calc=\"\">11:00<\/option>\n                            <option value=\"12:00\" data-calc=\"\">12:00<\/option>\n                            <option value=\"13:00\" data-calc=\"\">13:00<\/option>\n                            <option value=\"14:00\" data-calc=\"\">14:00<\/option>\n                            <option value=\"15:00\" data-calc=\"\">15:00<\/option>\n                            <option value=\"16:00\" data-calc=\"\">16:00<\/option>\n                            <option value=\"17:00\" data-calc=\"\">17:00<\/option>\n                            <option value=\"18:00\" data-calc=\"\">18:00<\/option>\n                            <option value=\"19:00\" data-calc=\"\">19:00<\/option>\n                            <option value=\"20:00\" data-calc=\"\">20:00<\/option>\n                            <option value=\"21:00\" data-calc=\"\">21:00<\/option>\n                            <option value=\"22:00\" data-calc=\"\">22:00<\/option>\n                            <option value=\"23:00\" data-calc=\"\">23:00<\/option>\n                            <option value=\"00:00\" data-calc=\"\">00:00<\/option>\n                            <option value=\"01:00\" data-calc=\"\">01:00<\/option>\n                            <option value=\"02:00\" data-calc=\"\">02:00<\/option>\n                            <option value=\"03:00\" data-calc=\"\">03:00<\/option>\n                            <option value=\"04:00\" data-calc=\"\">04:00<\/option>\n                            <option value=\"05:00\" data-calc=\"\">05:00<\/option>\n                            <option value=\"06:00\" data-calc=\"\">06:00<\/option>\n                            <option value=\"07:00\" data-calc=\"\">07:00<\/option>\n                          <\/select>\n                          <svg class=\"u-caret u-caret-svg\" version=\"1.1\" id=\"Layer_1\" xmlns=\"http:\/\/www.w3.org\/2000\/svg\" xmlns:xlink=\"http:\/\/www.w3.org\/1999\/xlink\" x=\"0px\" y=\"0px\" width=\"16px\" height=\"16px\" viewBox=\"0 0 16 16\" style=\"fill:currentColor;\" xml:space=\"preserve\"><polygon class=\"st0\" points=\"8,12 2,4 14,4 \"><\/polygon><\/svg>\n                        <\/div>\n                      <\/div>\n                      <div class=\"u-form-group u-form-partition-factor-2 u-form-select u-form-group-10\">\n                        <label for=\"select-0eb5\" class=\"u-label u-text-custom-color-1 u-label-10\">Heure Fin Ev\u00e9nement<\/label>\n                        <div class=\"u-form-select-wrapper\">\n                          <select id=\"select-0eb5\" name=\"Heure Fin\" class=\"u-border-2 u-border-black u-border-no-left u-border-no-right u-border-no-top u-input u-input-rectangle u-input-10\" required=\"required\">\n                            <option value=\"22:00\" data-calc=\"\">22:00<\/option>\n                            <option value=\"23:00\" data-calc=\"\">23:00<\/option>\n                            <option value=\"00:00\" data-calc=\"\">00:00<\/option>\n                            <option value=\"01:00\" data-calc=\"\">01:00<\/option>\n                            <option value=\"02:00\" data-calc=\"\">02:00<\/option>\n                            <option value=\"03:00\" data-calc=\"\">03:00<\/option>\n                            <option value=\"04:00\" data-calc=\"\">04:00<\/option>\n                            <option value=\"05:00\" data-calc=\"\">05:00<\/option>\n                            <option value=\"06:00\" data-calc=\"\">06:00<\/option>\n                            <option value=\"07:00\" data-calc=\"\">07:00<\/option>\n                            <option value=\"08:00\" data-calc=\"\">08:00<\/option>\n                            <option value=\"09:00\" data-calc=\"\">09:00<\/option>\n                            <option value=\"10:00\" data-calc=\"\">10:00<\/option>\n                            <option value=\"11:00\" data-calc=\"\">11:00<\/option>\n                            <option value=\"12:00\" data-calc=\"\">12:00<\/option>\n                            <option value=\"13:00\" data-calc=\"\">13:00<\/option>\n                            <option value=\"14:00\" data-calc=\"\">14:00<\/option>\n                            <option value=\"15:00\" data-calc=\"\">15:00<\/option>\n                            <option value=\"16:00\" data-calc=\"\">16:00<\/option>\n                            <option value=\"17:00\" data-calc=\"\">17:00<\/option>\n                            <option value=\"18:00\" data-calc=\"\">18:00<\/option>\n                            <option value=\"19:00\" data-calc=\"\">19:00<\/option>\n                            <option value=\"20:00\" data-calc=\"\">20:00<\/option>\n                            <option value=\"21:00\" data-calc=\"\">21:00<\/option>\n                          <\/select>\n                          <svg class=\"u-caret u-caret-svg\" version=\"1.1\" id=\"Layer_1\" xmlns=\"http:\/\/www.w3.org\/2000\/svg\" xmlns:xlink=\"http:\/\/www.w3.org\/1999\/xlink\" x=\"0px\" y=\"0px\" width=\"16px\" height=\"16px\" viewBox=\"0 0 16 16\" style=\"fill:currentColor;\" xml:space=\"preserve\"><polygon class=\"st0\" points=\"8,12 2,4 14,4 \"><\/polygon><\/svg>\n                        <\/div>\n                      <\/div>\n                      <div class=\"u-form-group u-form-partition-factor-2 u-form-select u-form-group-11\">\n                        <label for=\"select-4db9\" class=\"u-label u-text-custom-color-1 u-label-11\">Type de Box ou Cabine souhait\u00e9e ?<\/label>\n                        <div class=\"u-form-select-wrapper\">\n                          <select id=\"select-4db9\" name=\"select\" class=\"u-border-2 u-border-black u-border-no-left u-border-no-right u-border-no-top u-input u-input-rectangle u-input-11\">\n                            <option value=\"PixiBox Mag Printer\" data-calc=\"PixiBox Mag Printer\" selected=\"selected\">PixiBox Magazine AVEC IMPRESSION<\/option>\n                            <option value=\"PixiBox Mag NO Printer\" data-calc=\"PixiBox Mag NO Printer\">PixiBox Magazine SANS IMPRESSION<\/option>\n                            <option data-calc=\"PixiBox Mini Printer\" value=\"PixiBox Mini Printer\">PixiBox Mini AVEC IMPRESSION<\/option>\n                            <option data-calc=\"Pixibox Mini No Printer\" value=\"Pixibox Mini No Printer\">PixiBox Mini SANS IMPRESSION<\/option>\n                          <\/select>\n                          <svg class=\"u-caret u-caret-svg\" version=\"1.1\" id=\"Layer_1\" xmlns=\"http:\/\/www.w3.org\/2000\/svg\" xmlns:xlink=\"http:\/\/www.w3.org\/1999\/xlink\" x=\"0px\" y=\"0px\" width=\"16px\" height=\"16px\" viewBox=\"0 0 16 16\" style=\"fill:currentColor;\" xml:space=\"preserve\"><polygon class=\"st0\" points=\"8,12 2,4 14,4 \"><\/polygon><\/svg>\n                        <\/div>\n                      <\/div>\n                      <div class=\"u-form-group u-form-number u-form-number-layout-number u-form-partition-factor-2 u-form-group-12\">\n                        <label for=\"number-72ba\" class=\"u-label u-text-custom-color-1 u-label-12\">Quantit\u00e9 de Box ou Cabine souhait\u00e9e<\/label>\n                        <div class=\"u-input-row\" data-value=\"1\">\n                          <input value=\"1\" min=\"0\" max=\"10\" step=\"1\" type=\"number\" placeholder=\"\" id=\"number-72ba\" name=\"Nombre Box\" class=\"u-border-2 u-border-black u-border-no-left u-border-no-right u-border-no-top u-input u-input-rectangle u-text-black u-input-12\">\n                        <\/div>\n                      <\/div>\n                      <div class=\"u-form-group u-form-group-13\">\n                        <label for=\"name-1b95\" class=\"u-label u-text-custom-color-1 u-label-13\">Votre adresse<\/label>\n                        <input type=\"text\" placeholder=\"Saisir votre rue\" id=\"name-1b95\" name=\"Rue\" class=\"u-border-2 u-border-black u-border-no-left u-border-no-right u-border-no-top u-input u-input-rectangle u-input-13\" required=\"required\">\n                      <\/div>\n                      <div class=\"u-form-group u-form-partition-factor-3 u-form-group-14\">\n                        <label for=\"name-1b95\" class=\"u-label u-text-custom-color-1 u-label-14\">Ville<\/label>\n                        <input type=\"text\" placeholder=\"Saisir votre ville\" id=\"name-1b95\" name=\"Ville\" class=\"u-border-2 u-border-black u-border-no-left u-border-no-right u-border-no-top u-input u-input-rectangle u-input-14\" required=\"required\">\n                      <\/div>\n                      <div class=\"u-form-group u-form-partition-factor-3 u-form-group-15\">\n                        <label for=\"name-1b95\" class=\"u-label u-text-custom-color-1 u-label-15\">Code postal<\/label>\n                        <input type=\"text\" placeholder=\"Saisir votre code postal\" id=\"name-1b95\" name=\"Code Postal\" class=\"u-border-2 u-border-black u-border-no-left u-border-no-right u-border-no-top u-input u-input-rectangle u-input-15\" required=\"required\">\n                      <\/div>\n                      <div class=\"u-form-country u-form-group u-form-partition-factor-3 u-form-group-16\">\n                        <label for=\"country-1b95\" class=\"u-label u-text-custom-color-1 u-label-16\">Pays<\/label>\n                        <div class=\"u-form-select-wrapper\">\n                          <select id=\"country-1b95\" name=\"Pays\" class=\"u-border-2 u-border-black u-border-no-left u-border-no-right u-border-no-top u-input u-input-rectangle u-input-16\" required=\"required\" data-country-code=\"ch\"><\/select>\n                          <svg class=\"u-caret u-caret-svg\" version=\"1.1\" id=\"Layer_1\" xmlns=\"http:\/\/www.w3.org\/2000\/svg\" xmlns:xlink=\"http:\/\/www.w3.org\/1999\/xlink\" x=\"0px\" y=\"0px\" width=\"16px\" height=\"16px\" viewBox=\"0 0 16 16\" style=\"fill:currentColor;\" xml:space=\"preserve\"><polygon class=\"st0\" points=\"8,12 2,4 14,4 \"><\/polygon><\/svg>\n                        <\/div>\n                      <\/div>\n                      <div class=\"u-form-checkbox-group u-form-group u-form-group-17\">\n                        <label class=\"u-label u-text-custom-color-1 u-label-17\">Options Souhait\u00e9es<\/label>\n                        <div class=\"u-form-checkbox-group-wrapper\">\n                          <div class=\"u-input-row\">\n                            <input id=\"field-e46a\" type=\"checkbox\" name=\"Options[]\" value=\"Marquage Borne Photo\" class=\"u-field-input\" data-calc=\"Marquage Borne Photo\">\n                            <label class=\"u-field-label\" for=\"field-e46a\">Personnalisation de la Borne Photo avec un Logo ou Visuel<\/label>\n                          <\/div>\n                          <div class=\"u-input-row\">\n                            <input id=\"field-50fa\" type=\"checkbox\" name=\"Options[]\" value=\"Marquage Ext\u00e9rieur Magazine Box\" class=\"u-field-input\" data-calc=\"Marquage Ext\u00e9rieur Magazine Box\">\n                            <label class=\"u-field-label\" for=\"field-50fa\">Personnalisation Ext\u00e9rieur de la Magazine Box<\/label>\n                          <\/div>\n                          <div class=\"u-input-row\">\n                            <input id=\"field-0d02\" data-calc=\"Staff pendant Event\" type=\"checkbox\" name=\"checkbox[]\" value=\"Staff pendant Event\" class=\"u-field-input\">\n                            <label class=\"u-field-label\" for=\"field-0d02\">Personnel d'Animation pendant l'\u00e9v\u00e9nement<\/label>\n                          <\/div>\n                          <div class=\"u-input-row\">\n                            <input id=\"field-8765\" type=\"checkbox\" name=\"Options[]\" value=\"Livre d'Or\" class=\"u-field-input\" data-calc=\"Livre d'Or\">\n                            <label class=\"u-field-label\" for=\"field-8765\">Livre d'Or avec stylos et adh\u00e9sif<\/label>\n                          <\/div>\n                          <div class=\"u-input-row\">\n                            <input id=\"field-4919\" type=\"checkbox\" name=\"Options[]\" value=\"Mosa\u00efque\" class=\"u-field-input\" data-calc=\"Mosa\u00efque\">\n                            <label class=\"u-field-label\" for=\"field-4919\">Mosa\u00efque photo grand format (cr\u00e9ation + impression apr\u00e8s l'\u00e9v\u00e9nement)<\/label>\n                          <\/div>\n                          <div class=\"u-input-row\">\n                            <input id=\"field-ee32\" type=\"checkbox\" name=\"Options[]\" value=\"Vid\u00e9o acc\u00e9l\u00e9r\u00e9e\" class=\"u-field-input\" data-calc=\"Vid\u00e9o acc\u00e9l\u00e9r\u00e9e\">\n                            <label class=\"u-field-label\" for=\"field-ee32\">Vid\u00e9o acc\u00e9l\u00e9r\u00e9e sur fond musical<\/label>\n                          <\/div>\n                          <div class=\"u-input-row\">\n                            <input id=\"field-3a79\" type=\"checkbox\" name=\"Options[]\" value=\"Layout Full Perso PixiBox Mini\" class=\"u-field-input\" data-calc=\"Layout Full Perso PixiBox Mini\">\n                            <label class=\"u-field-label\" for=\"field-3a79\">Personnalisation Compl\u00e8te des impressions (PixiBox Mini)<\/label>\n                          <\/div>\n                        <\/div>\n                      <\/div>\n                      <div class=\"u-form-group u-form-message\">\n                        <label for=\"message-3b9a\" class=\"u-label u-text-custom-color-1 u-label-18\">Informations compl\u00e9mentaire <\/label>\n                        <textarea placeholder=\"Saisissez votre message\" rows=\"4\" cols=\"50\" id=\"message-3b9a\" name=\"Message \" class=\"u-border-2 u-border-black u-border-no-left u-border-no-right u-border-no-top u-input u-input-rectangle u-input-17\" required=\"\"><\/textarea>\n                      <\/div>\n                      <div class=\"u-align-center u-form-group u-form-submit\">\n                        <a href=\"#\" class=\"u-border-none u-btn u-btn-submit u-button-style u-custom-color-2 u-hover-custom-color-1 u-btn-1\">Envoyer<\/a>\n                        <input type=\"submit\" value=\"submit\" class=\"u-form-control-hidden\">\n                      <\/div>\n                      <div class=\"u-form-send-message u-form-send-success\">Merci ! \nVotre demande de devis a bien \u00e9t\u00e9 envoy\u00e9e !<\/div>\n                      <div class=\"u-form-send-error u-form-send-message\">Erreur !\nImpossible d'envoyer votre demande. Merci de r\u00e9essayer ult\u00e9rieurement.<\/div>\n                      <input type=\"hidden\" value=\"\" name=\"recaptchaResponse\">\n                      <input type=\"hidden\" name=\"formServices\" value=\"c9e875d9-cd57-6bec-15cc-9fdcf2c1d27a\">\n                    <\/form>\n                  <\/div>\n                <\/div>\n              <\/div>\n            <\/div>\n          <\/div>\n        <\/div>\n      <\/div>\n    <\/section>\n    \n    \n    \n    \n    \n  \n","protected":false},"excerpt":{"rendered":"<p>Demande de Devis Merci de remplir le formulaire ci-dessous afin d&rsquo;obtenir un devis personnalis\u00e9 pour votre \u00e9v\u00e9nement (tous les champs doivent \u00eatre remplis).Nous nous engageons \u00e0 vous retourner votre offre personnalis\u00e9e sous 48h maximum. Attention, votre demande de devis ne constitue en aucun cas une r\u00e9servation.&nbsp;Les r\u00e9servations sont confirm\u00e9es par l&rsquo;envoi d&rsquo;un contrat de location &hellip; <a href=\"https:\/\/piximat.com\/index.php\/devis-4\/\" class=\"more-link\">Continue reading<span class=\"screen-reader-text\"> \u00ab\u00a0Devis\u00a0\u00bb<\/span><\/a><\/p>\n","protected":false},"author":1,"featured_media":0,"parent":0,"menu_order":2,"comment_status":"closed","ping_status":"closed","template":"","meta":{"footnotes":""},"class_list":["post-306","page","type-page","status-publish","hentry"],"_links":{"self":[{"href":"https:\/\/piximat.com\/index.php\/wp-json\/wp\/v2\/pages\/306","targetHints":{"allow":["GET"]}}],"collection":[{"href":"https:\/\/piximat.com\/index.php\/wp-json\/wp\/v2\/pages"}],"about":[{"href":"https:\/\/piximat.com\/index.php\/wp-json\/wp\/v2\/types\/page"}],"author":[{"embeddable":true,"href":"https:\/\/piximat.com\/index.php\/wp-json\/wp\/v2\/users\/1"}],"replies":[{"embeddable":true,"href":"https:\/\/piximat.com\/index.php\/wp-json\/wp\/v2\/comments?post=306"}],"version-history":[{"count":1,"href":"https:\/\/piximat.com\/index.php\/wp-json\/wp\/v2\/pages\/306\/revisions"}],"predecessor-version":[{"id":316,"href":"https:\/\/piximat.com\/index.php\/wp-json\/wp\/v2\/pages\/306\/revisions\/316"}],"wp:attachment":[{"href":"https:\/\/piximat.com\/index.php\/wp-json\/wp\/v2\/media?parent=306"}],"curies":[{"name":"wp","href":"https:\/\/api.w.org\/{rel}","templated":true}]}}