{"id":1346,"date":"2026-02-18T13:32:27","date_gmt":"2026-02-18T12:32:27","guid":{"rendered":"https:\/\/piximat.com\/index.php\/accueil-12\/"},"modified":"2026-02-18T13:32:29","modified_gmt":"2026-02-18T12:32:29","slug":"accueil-12","status":"publish","type":"page","link":"https:\/\/piximat.com\/","title":{"rendered":"Accueil"},"content":{"rendered":"\n  \n    <section class=\"u-clearfix u-section-1\" id=\"block-5\">\n      <div class=\"u-expanded-width u-list u-list-1\">\n        <div class=\"u-repeater u-repeater-1\">\n          <div class=\"u-container-style u-image u-list-item u-repeater-item u-image-1\" data-image-width=\"709\" data-image-height=\"991\" data-href=\"https:\/\/piximat.com\/index.php\/pixibox-magazine-7\/\" title=\"PixiBox Magazine\" style=\"background-image: url(&quot;https:\/\/piximat.com\/wp-content\/uploads\/2026\/02\/PixiBox-Magazine-JP-Birthday-2.jpg&quot;);\">\n            <div class=\"u-container-layout u-similar-container u-container-layout-1\"><\/div>\n          <\/div>\n          <div class=\"u-container-style u-image u-list-item u-repeater-item u-image-2\" data-image-width=\"896\" data-image-height=\"1152\" data-href=\"https:\/\/piximat.com\/index.php\/pixibox-magazine-7\/\" title=\"PixiBox Magazine\" style=\"background-image: url(&quot;https:\/\/piximat.com\/wp-content\/uploads\/2026\/02\/PixiBoxMagazineGalaBooth-2.png&quot;);\">\n            <div class=\"u-container-layout u-similar-container u-container-layout-2\"><\/div>\n          <\/div>\n          <div class=\"u-container-style u-image u-list-item u-repeater-item u-image-3\" data-image-width=\"567\" data-image-height=\"793\" data-href=\"https:\/\/piximat.com\/index.php\/pixibox-magazine-7\/\" title=\"PixiBox Magazine\" style=\"background-image: url(&quot;https:\/\/piximat.com\/wp-content\/uploads\/2026\/02\/Cover-Magazine-Fashion-Piximat-Homepage-2.jpg&quot;);\">\n            <div class=\"u-container-layout u-similar-container u-container-layout-3\"><\/div>\n          <\/div>\n        <\/div>\n      <\/div>\n    <\/section>\n    <section class=\"u-align-left u-clearfix u-container-align-left u-section-2\" id=\"sec-3289\">\n      <h2 class=\"u-align-center u-custom-font u-text u-text-body-color u-text-1\">Offrez \u00e0 vos invit\u00e9s l'exp\u00e9rience \" Cover Star \"<br><span style=\"font-weight: 700;\"><span style=\"font-weight: 400;\">avec notre<\/span> PixiBox Magazine<\/span>\n        <br>Design unique, Qualit\u00e9 Studio, Souvenirs \u00e9ternels.<br>\n        <br>Transformez votre \u00e9v\u00e9nement en Une de Magazine !\n      <\/h2>\n      <a href=\"https:\/\/piximat.com\/index.php\/pixibox-magazine-7\/\" class=\"u-active-palette-3-dark-1 u-border-none u-btn u-button-style u-custom-color-7 u-custom-font u-hover-custom-color-3 u-btn-1\" title=\"PixiBox Magazine\">D\u00c9COUVRIR l'EXP\u00c9RIENCE <\/a>\n    <\/section>\n    <section class=\"u-clearfix u-container-align-center-lg u-container-align-center-md u-container-align-center-xl u-valign-middle-lg u-valign-middle-md u-valign-middle-xs u-section-3\" id=\"sec-9f47\">\n      <h2 class=\"u-align-center u-text u-text-body-alt-color u-text-default-lg u-text-default-md u-text-default-xl u-text-1\"> Du tapis rouge du Met Gala \u00e0 l'intimit\u00e9 d'un mariage,<br>Piximat cr\u00e9e l'exp\u00e9rience photo qui vous ressemble.\n      <\/h2>\n      <div class=\"u-expanded-width u-layout-horizontal u-list u-list-1\">\n        <div class=\"u-repeater u-repeater-1\">\n          <div class=\"u-container-style u-image u-list-item u-repeater-item u-shading u-image-1\" data-image-width=\"896\" data-image-height=\"1152\" data-href=\"https:\/\/piximat.com\/index.php\/pixibox-magazine-7\/\" title=\"PixiBox Magazine\" style=\"background-image: linear-gradient(0deg, rgba(0, 0, 0, 0.25), rgba(0, 0, 0, 0.25)), url(&quot;https:\/\/piximat.com\/wp-content\/uploads\/2026\/02\/PixiBox-Magazine-Met-Gala-2025-2.jpg&quot;);\">\n            <div class=\"u-container-layout u-similar-container u-valign-bottom u-container-layout-1\">\n              <div class=\"u-container-style u-custom-color-7 u-expanded-width u-group u-group-1\">\n                <div class=\"u-container-layout u-valign-middle-lg u-valign-middle-md u-valign-middle-sm u-valign-middle-xs u-container-layout-2\">\n                  <h3 class=\"u-align-left u-text u-text-2\"> PixiBox Magazine<\/h3>\n                  <p class=\"u-align-left u-text u-text-default u-text-3\"> La Box Magazine<\/p>\n                <\/div>\n              <\/div>\n            <\/div>\n          <\/div>\n          <div class=\"u-container-style u-image u-list-item u-repeater-item u-shading u-image-2\" data-image-width=\"709\" data-image-height=\"879\" data-href=\"https:\/\/piximat.com\/index.php\/pixibox-mini-11\/\" title=\"Piximat Mini\" style=\"background-image: linear-gradient(0deg, rgba(0, 0, 0, 0.25), rgba(0, 0, 0, 0.25)), url(&quot;https:\/\/piximat.com\/wp-content\/uploads\/2026\/02\/PixiBox-Mini-20261-2.jpg&quot;);\">\n            <div class=\"u-container-layout u-similar-container u-valign-bottom u-container-layout-3\">\n              <div class=\"u-container-style u-custom-color-7 u-expanded-width u-group u-group-2\">\n                <div class=\"u-container-layout u-valign-middle-lg u-valign-middle-md u-valign-middle-sm u-valign-middle-xs u-container-layout-4\">\n                  <h3 class=\"u-align-left u-text u-text-4\"> PixiBox Mini<\/h3>\n                  <p class=\"u-align-left u-text u-text-default u-text-5\"> La Borne Standard<\/p>\n                <\/div>\n              <\/div>\n            <\/div>\n          <\/div>\n          <div class=\"u-container-style u-image u-list-item u-repeater-item u-shading u-image-3\" data-image-width=\"1696\" data-image-height=\"1778\" data-href=\"https:\/\/piximat.com\/index.php\/pixibooth-7\/\" title=\"PixiBooth\" style=\"background-image: linear-gradient(0deg, rgba(0, 0, 0, 0.25), rgba(0, 0, 0, 0.25)), url(&quot;https:\/\/piximat.com\/wp-content\/uploads\/2026\/02\/PixiBooth-2026-2.jpg&quot;);\">\n            <div class=\"u-container-layout u-similar-container u-valign-bottom u-container-layout-5\">\n              <div class=\"u-container-style u-custom-color-7 u-expanded-width u-group u-group-3\">\n                <div class=\"u-container-layout u-valign-middle-lg u-valign-middle-md u-valign-middle-sm u-valign-middle-xs u-container-layout-6\">\n                  <h3 class=\"u-align-left u-text u-text-6\"> PixiBooth<\/h3>\n                  <p class=\"u-align-left u-text u-text-default u-text-7\"> La Cabine Vintage<\/p>\n                <\/div>\n              <\/div>\n            <\/div>\n          <\/div>\n          <div class=\"u-container-style u-image u-list-item u-repeater-item u-shading u-image-4\" data-image-width=\"709\" data-image-height=\"879\" data-href=\"https:\/\/piximat.com\/index.php\/pixibox-ia-7\/\" title=\"PixiBox IA\" style=\"background-image: linear-gradient(0deg, rgba(0, 0, 0, 0.25), rgba(0, 0, 0, 0.25)), url(&quot;https:\/\/piximat.com\/wp-content\/uploads\/2026\/02\/Piximat_IA_2026-2.jpg&quot;);\">\n            <div class=\"u-container-layout u-similar-container u-valign-bottom u-container-layout-7\">\n              <div class=\"u-container-style u-custom-color-7 u-expanded-width u-group u-group-4\">\n                <div class=\"u-container-layout u-valign-middle-lg u-valign-middle-md u-valign-middle-sm u-valign-middle-xs u-container-layout-8\">\n                  <h3 class=\"u-align-left u-text u-text-8\"> PixiBox IA<\/h3>\n                  <p class=\"u-align-left u-text u-text-default u-text-9\"> La Borne Technologique<\/p>\n                <\/div>\n              <\/div>\n            <\/div>\n          <\/div>\n        <\/div>\n        <a class=\"u-absolute-vcenter u-gallery-nav u-gallery-nav-prev u-icon-circle u-opacity u-opacity-70 u-spacing-10 u-white u-gallery-nav-1\" href=\"#\" role=\"button\"><span aria-hidden=\"true\">\n            <svg viewBox=\"0 0 451.847 451.847\"><path d=\"M97.141,225.92c0-8.095,3.091-16.192,9.259-22.366L300.689,9.27c12.359-12.359,32.397-12.359,44.751,0\nc12.354,12.354,12.354,32.388,0,44.748L173.525,225.92l171.903,171.909c12.354,12.354,12.354,32.391,0,44.744\nc-12.354,12.365-32.386,12.365-44.745,0l-194.29-194.281C100.226,242.115,97.141,234.018,97.141,225.92z\"><\/path><\/svg><\/span><span class=\"sr-only\">\n            <svg viewBox=\"0 0 451.847 451.847\"><path d=\"M97.141,225.92c0-8.095,3.091-16.192,9.259-22.366L300.689,9.27c12.359-12.359,32.397-12.359,44.751,0\nc12.354,12.354,12.354,32.388,0,44.748L173.525,225.92l171.903,171.909c12.354,12.354,12.354,32.391,0,44.744\nc-12.354,12.365-32.386,12.365-44.745,0l-194.29-194.281C100.226,242.115,97.141,234.018,97.141,225.92z\"><\/path><\/svg><\/span>\n        <\/a>\n        <a class=\"u-absolute-vcenter u-gallery-nav u-gallery-nav-next u-icon-circle u-opacity u-opacity-70 u-spacing-10 u-white u-gallery-nav-2\" href=\"#\" role=\"button\"><span aria-hidden=\"true\">\n            <svg viewBox=\"0 0 451.846 451.847\"><path d=\"M345.441,248.292L151.154,442.573c-12.359,12.365-32.397,12.365-44.75,0c-12.354-12.354-12.354-32.391,0-44.744\nL278.318,225.92L106.409,54.017c-12.354-12.359-12.354-32.394,0-44.748c12.354-12.359,32.391-12.359,44.75,0l194.287,194.284\nc6.177,6.18,9.262,14.271,9.262,22.366C354.708,234.018,351.617,242.115,345.441,248.292z\"><\/path><\/svg><\/span><span class=\"sr-only\">\n            <svg viewBox=\"0 0 451.846 451.847\"><path d=\"M345.441,248.292L151.154,442.573c-12.359,12.365-32.397,12.365-44.75,0c-12.354-12.354-12.354-32.391,0-44.744\nL278.318,225.92L106.409,54.017c-12.354-12.359-12.354-32.394,0-44.748c12.354-12.359,32.391-12.359,44.75,0l194.287,194.284\nc6.177,6.18,9.262,14.271,9.262,22.366C354.708,234.018,351.617,242.115,345.441,248.292z\"><\/path><\/svg><\/span>\n        <\/a>\n      <\/div>\n    <\/section>\n    <section class=\"u-align-center u-clearfix u-container-align-center u-section-4\" id=\"sec-98a1\">\n      <div class=\"u-clearfix u-sheet u-valign-middle u-sheet-1\">\n        <div class=\"data-layout-selected u-clearfix u-expanded-width u-gutter-22 u-layout-wrap u-layout-wrap-1\">\n          <div class=\"u-layout\">\n            <div class=\"u-layout-row\">\n              <div class=\"u-align-center u-container-align-center u-container-align-center-md u-container-align-center-sm u-container-align-center-xs u-container-align-left-lg u-container-align-left-xl u-container-style u-layout-cell u-right-cell u-shape-rectangle u-size-26-lg u-size-26-xl u-size-60-md u-size-60-sm u-size-60-xs u-layout-cell-1\">\n                <div class=\"u-container-layout u-container-layout-1\">\n                  <h2 class=\"u-custom-font u-text u-text-body-color u-text-default u-text-1\">VOTRE DATE EST-ELLE ENCORE DISPONIBLE ?<\/h2>\n                  <p class=\"u-align-center-md u-align-center-sm u-align-center-xs u-text u-text-default u-text-2\">Les agendas 2026 \/ 2027 se remplissent rapidement.<br>V\u00e9rifiez si nous pouvons faire partie de votre \u00e9v\u00e9nement.\n                  <\/p>\n                <\/div>\n              <\/div>\n              <div class=\"u-align-center u-container-align-center u-container-style u-layout-cell u-shape-rectangle u-size-34-lg u-size-34-xl u-size-60-md u-size-60-sm u-size-60-xs u-layout-cell-2\">\n                <div class=\"u-container-layout u-valign-top u-container-layout-2\">\n                  <div class=\"u-expanded-width u-form u-form-1\">\n                    <form action=\"https:\/\/service.nicepagesrv.com\/form\/v4\/form-process\" class=\"u-clearfix u-form-spacing-15 u-form-vertical u-inner-form\" style=\"padding: 0;\" source=\"email\" name=\"form\">\n                      <div class=\"u-form-date u-form-group u-form-group-1\">\n                        <label for=\"date-9b69\" class=\"u-label\">Date de votre \u00e9v\u00e9nement<\/label>\n                        <input type=\"text\" placeholder=\"MM\/JJ\/AAAA\" id=\"date-9b69\" name=\"date\" class=\"u-border-2 u-border-black u-border-no-left u-border-no-right u-border-no-top u-input u-input-rectangle\" required=\"\" data-date-format=\"mm\/dd\/yyyy\">\n                      <\/div>\n                      <div class=\"u-form-email u-form-group\">\n                        <label for=\"email-daf4\" class=\"u-label\">Email<\/label>\n                        <input type=\"email\" placeholder=\"Entrez une adresse email valide\" id=\"email-daf4\" name=\"email\" class=\"u-border-2 u-border-black u-border-no-left u-border-no-right u-border-no-top u-input u-input-rectangle\" required=\"\">\n                      <\/div>\n                      <div class=\"u-align-left u-form-group u-form-submit\">\n                        <a href=\"#\" class=\"u-active-palette-3-dark-1 u-border-none u-btn u-btn-round u-btn-submit u-button-style u-custom-color-7 u-hover-custom-color-3 u-radius-50 u-btn-1\">V\u00c9RIFIER LA DISPONIBILIT\u00c9<\/a>\n                        <input type=\"submit\" value=\"submit\" class=\"u-form-control-hidden\">\n                      <\/div>\n                      <div class=\"u-form-send-message u-form-send-success\">Merci ! Votre message a \u00e9t\u00e9 envoy\u00e9.<\/div>\n                      <div class=\"u-form-send-error u-form-send-message\">Impossible d'envoyer votre message. Merci de corriger les erreurs et r\u00e9essayer.<\/div>\n                      <input type=\"hidden\" value=\"\" name=\"recaptchaResponse\">\n                      <input type=\"hidden\" name=\"formServices\" value=\"c9e875d9-cd57-6bec-15cc-9fdcf2c1d27a\">\n                    <\/form>\n                  <\/div>\n                <\/div>\n              <\/div>\n            <\/div>\n          <\/div>\n        <\/div>\n      <\/div>\n    <\/section>\n    \n    \n    \n    \n    \n    \n  \n","protected":false},"excerpt":{"rendered":"<p>Offrez \u00e0 vos invit\u00e9s l&rsquo;exp\u00e9rience \u00a0\u00bb Cover Star \u00ab\u00a0avec notre PixiBox Magazine Design unique, Qualit\u00e9 Studio, Souvenirs \u00e9ternels. Transformez votre \u00e9v\u00e9nement en Une de Magazine ! D\u00c9COUVRIR l&rsquo;EXP\u00c9RIENCE Du tapis rouge du Met Gala \u00e0 l&rsquo;intimit\u00e9 d&rsquo;un mariage,Piximat cr\u00e9e l&rsquo;exp\u00e9rience photo qui vous ressemble. PixiBox Magazine La Box Magazine PixiBox Mini La Borne Standard PixiBooth &hellip; <a href=\"https:\/\/piximat.com\/\" class=\"more-link\">Continue reading<span class=\"screen-reader-text\"> \u00ab\u00a0Accueil\u00a0\u00bb<\/span><\/a><\/p>\n","protected":false},"author":1,"featured_media":0,"parent":0,"menu_order":10,"comment_status":"closed","ping_status":"closed","template":"","meta":{"footnotes":""},"class_list":["post-1346","page","type-page","status-publish","hentry"],"_links":{"self":[{"href":"https:\/\/piximat.com\/index.php\/wp-json\/wp\/v2\/pages\/1346","targetHints":{"allow":["GET"]}}],"collection":[{"href":"https:\/\/piximat.com\/index.php\/wp-json\/wp\/v2\/pages"}],"about":[{"href":"https:\/\/piximat.com\/index.php\/wp-json\/wp\/v2\/types\/page"}],"author":[{"embeddable":true,"href":"https:\/\/piximat.com\/index.php\/wp-json\/wp\/v2\/users\/1"}],"replies":[{"embeddable":true,"href":"https:\/\/piximat.com\/index.php\/wp-json\/wp\/v2\/comments?post=1346"}],"version-history":[{"count":1,"href":"https:\/\/piximat.com\/index.php\/wp-json\/wp\/v2\/pages\/1346\/revisions"}],"predecessor-version":[{"id":1362,"href":"https:\/\/piximat.com\/index.php\/wp-json\/wp\/v2\/pages\/1346\/revisions\/1362"}],"wp:attachment":[{"href":"https:\/\/piximat.com\/index.php\/wp-json\/wp\/v2\/media?parent=1346"}],"curies":[{"name":"wp","href":"https:\/\/api.w.org\/{rel}","templated":true}]}}