{"id":1345,"date":"2026-02-18T13:32:26","date_gmt":"2026-02-18T12:32:26","guid":{"rendered":"https:\/\/piximat.com\/index.php\/corporate-et-marques-4\/"},"modified":"2026-02-18T13:32:29","modified_gmt":"2026-02-18T12:32:29","slug":"corporate-et-marques-4","status":"publish","type":"page","link":"https:\/\/piximat.com\/index.php\/corporate-et-marques-4\/","title":{"rendered":"Corporate et Marques"},"content":{"rendered":"\n  \n    <section class=\"u-clearfix u-container-align-center u-section-1\" id=\"block-2\">\n      <div class=\"u-clearfix u-sheet u-valign-middle-xl u-sheet-1\">\n        <div class=\"data-layout-selected u-clearfix u-expanded-width u-gutter-0 u-layout-wrap u-layout-wrap-1\">\n          <div class=\"u-layout\" style=\"\">\n            <div class=\"u-layout-row\" style=\"\">\n              <div class=\"u-align-center u-container-align-center u-container-style u-image u-layout-cell u-left-cell u-size-30 u-size-xs-60 u-image-1\" src=\"\" data-image-width=\"896\" data-image-height=\"1152\" style=\"background-image: url(&quot;https:\/\/piximat.com\/wp-content\/uploads\/2026\/02\/Pixibox-Magazine-Corporate-Event-2.jpg&quot;);\">\n                <div class=\"u-container-layout u-valign-middle u-container-layout-1\" src=\"\"><\/div>\n              <\/div>\n              <div class=\"u-align-center u-container-align-center u-container-style u-custom-color-2 u-layout-cell u-right-cell u-size-30 u-size-xs-60 u-layout-cell-2\" src=\"\" data-image-width=\"1080\" data-image-height=\"1080\">\n                <div class=\"u-container-layout u-valign-middle-lg u-valign-middle-md u-valign-middle-sm u-valign-middle-xs u-container-layout-2\">\n                  <h1 class=\"u-align-center u-custom-font u-text u-text-custom-color-7 u-text-1\">ACTIVEZ VOTRE MARQUE.<br>SUBLIMEZ VOS \u00c9V\u00c9NEMENTS.\n                  <\/h1>\n                  <p class=\"u-align-center u-custom-font u-heading-font u-text u-text-2\"> Transformez vos lancements, soir\u00e9es de gala et salons professionnels en une exp\u00e9rience virale et m\u00e9morable avec nos studios photo connect\u00e9s.<\/p>\n                <\/div>\n              <\/div>\n            <\/div>\n          <\/div>\n        <\/div>\n      <\/div>\n    <\/section>\n    <section class=\"u-align-center u-clearfix u-section-2\" id=\"block-3\">\n      <div class=\"u-clearfix u-sheet u-valign-middle-lg u-valign-middle-md u-valign-middle-sm u-sheet-1\">\n        <h2 class=\"u-align-center u-custom-font u-text u-text-custom-color-7 u-text-1\"> L'EXP\u00c9RIENCE PHOTO AU SERVICE DE&nbsp;<br>VOTRE MARKETING.\n        <\/h2>\n        <p class=\"u-align-center u-custom-font u-heading-font u-text u-text-2\"> Dans un monde satur\u00e9 d'images, offrez \u00e0 vos invit\u00e9s celle qu'ils garderont pr\u00e9cieusement.\nPiximat ne se contente pas d'imprimer des photos.&nbsp;<br>Nous cr\u00e9ons des <b>points de contact interactifs<\/b> qui captent l'attention, v\u00e9hiculent vos valeurs et g\u00e9n\u00e8rent du contenu partageable instantan\u00e9ment.\n        <\/p>\n      <\/div>\n    <\/section>\n    <section class=\"u-align-center u-clearfix u-container-align-center u-section-3\" id=\"block-4\">\n      <div class=\"u-align-left u-clearfix u-sheet u-valign-middle-lg u-valign-middle-md u-valign-middle-sm u-valign-middle-xs u-sheet-1\">\n        <div class=\"u-expanded-width u-list u-list-1\">\n          <div class=\"u-repeater u-repeater-1\">\n            <div class=\"u-container-align-center u-container-style u-list-item u-repeater-item\">\n              <div class=\"u-container-layout u-similar-container u-valign-top-lg u-valign-top-md u-valign-top-sm u-valign-top-xs u-container-layout-1\"><span class=\"u-align-center u-file-icon u-icon u-text-custom-color-7 u-icon-1\"><img decoding=\"async\" src=\"https:\/\/piximat.com\/wp-content\/uploads\/2026\/02\/70eafa62-2.png\" alt=\"\"><\/span>\n                <h3 class=\"u-align-center u-text u-text-default u-text-1\">100 %<br>Personnalisable\n                <\/h3>\n                <p class=\"u-align-center u-custom-font u-heading-font u-text u-text-2\"> De l'habillage complet de la borne (covering) \u00e0 l'interface tactile, en passant par le cadre photo imprim\u00e9 : chaque d\u00e9tail respecte votre charte graphique.&nbsp;La borne devient un ambassadeur de votre marque.<\/p>\n              <\/div>\n            <\/div>\n            <div class=\"u-container-align-center u-container-style u-list-item u-repeater-item\">\n              <div class=\"u-container-layout u-similar-container u-valign-top-lg u-valign-top-md u-valign-top-sm u-valign-top-xs u-container-layout-2\"><span class=\"u-align-center u-file-icon u-icon u-text-custom-color-7 u-icon-2\"><img decoding=\"async\" src=\"https:\/\/piximat.com\/wp-content\/uploads\/2026\/02\/2ec638a6-2.png\" alt=\"\"><\/span>\n                <h3 class=\"u-align-center u-text u-text-default u-text-3\">Puissance<br>Digitale\n                <\/h3>\n                <p class=\"u-align-center u-custom-font u-heading-font u-text u-text-4\"> Vos invit\u00e9s deviennent vos meilleurs influenceurs. Gr\u00e2ce \u00e0 l'envoi instantan\u00e9 par Email ou Whatsapp, vos photos logot\u00e9es inondent les r\u00e9seaux sociaux en temps r\u00e9el.<\/p>\n              <\/div>\n            <\/div>\n            <div class=\"u-container-align-center u-container-style u-list-item u-repeater-item\">\n              <div class=\"u-container-layout u-similar-container u-valign-top-lg u-valign-top-md u-valign-top-sm u-valign-top-xs u-container-layout-3\"><span class=\"u-align-center u-file-icon u-icon u-text-custom-color-7 u-icon-3\"><img decoding=\"async\" src=\"https:\/\/piximat.com\/wp-content\/uploads\/2026\/02\/538a7039-2.png\" alt=\"\"><\/span>\n                <h3 class=\"u-align-center u-text u-text-default u-text-5\"> G\u00e9n\u00e9ration<br>de Leads\n                <\/h3>\n                <p class=\"u-align-center u-custom-font u-heading-font u-text u-text-6\"> Transformez l'animation en outil de collecte. R\u00e9cup\u00e9rez les adresses emails qualifi\u00e9es de vos visiteurs (conformit\u00e9 RGPD) pour enrichir votre CRM apr\u00e8s l'\u00e9v\u00e9nement.<\/p>\n              <\/div>\n            <\/div>\n          <\/div>\n        <\/div>\n      <\/div>\n    <\/section>\n    <section class=\"u-align-center u-black u-clearfix u-container-align-center u-section-4\" id=\"block-5\">\n      <div class=\"u-clearfix u-sheet u-valign-middle-lg u-valign-middle-md u-valign-middle-sm u-sheet-1\">\n        <h2 class=\"u-align-center u-custom-font u-text u-text-custom-color-7 u-text-default u-text-1\"> QUEL DISPOSITIF POUR VOTRE MARQUE ?<\/h2>\n        <div class=\"u-expanded-width u-layout-horizontal u-list u-list-1\">\n          <div class=\"u-repeater u-repeater-1\">\n            <div class=\"u-container-align-left u-container-style u-list-item u-repeater-item u-list-item-1\">\n              <div class=\"u-container-layout u-similar-container u-valign-top u-container-layout-1\">\n                <h3 class=\"u-align-left u-custom-font u-font-montserrat u-text u-text-default u-text-2\">PixiBox Magazine&nbsp;<br>(L'Effet Whaou) \n                <\/h3>\n                <p class=\"u-align-left u-text u-text-default u-text-3\"><i>Id\u00e9al pour :<\/i> Lancements de produits, Galas, Influenceurs.<br>\n                  <br> Offrez \u00e0 vos collaborateurs ou clients la couverture de votre propre magazine. Une exp\u00e9rience 'Tapis Rouge' immersive qui marque les esprits durablement.<br>\n                <\/p>\n              <\/div>\n            <\/div>\n            <div class=\"u-container-align-left u-container-style u-list-item u-repeater-item u-list-item-2\">\n              <div class=\"u-container-layout u-similar-container u-valign-top u-container-layout-2\">\n                <h3 class=\"u-align-left u-custom-font u-font-montserrat u-text u-text-default u-text-4\">Piximat Mini&nbsp;<br>(L'Agilit\u00e9)\n                <\/h3>\n                <p class=\"u-align-left u-text u-text-default u-text-5\"><i>Id\u00e9al pour :<\/i> Salons professionnels, Boutiques, Roadshows.<br>\n                  <br>Compacte, \u00e9l\u00e9gante et puissante. Elle s'int\u00e8gre partout, m\u00eame dans les espaces r\u00e9duits, pour maximiser le flux et la collecte de donn\u00e9es sans g\u00eaner la circulation.<br>\n                <\/p>\n              <\/div>\n            <\/div>\n          <\/div>\n          <a class=\"u-absolute-vcenter u-gallery-nav u-gallery-nav-prev u-hidden u-hidden-sm u-hidden-xs u-hover-white u-icon-circle u-opacity u-opacity-70 u-palette-1-light-1 u-spacing-10 u-text-body-color u-text-hover-black u-gallery-nav-1\" href=\"#\" role=\"button\"><span aria-hidden=\"true\">\n              <svg viewBox=\"0 0 451.847 451.847\"><path d=\"M97.141,225.92c0-8.095,3.091-16.192,9.259-22.366L300.689,9.27c12.359-12.359,32.397-12.359,44.751,0\nc12.354,12.354,12.354,32.388,0,44.748L173.525,225.92l171.903,171.909c12.354,12.354,12.354,32.391,0,44.744\nc-12.354,12.365-32.386,12.365-44.745,0l-194.29-194.281C100.226,242.115,97.141,234.018,97.141,225.92z\"><\/path><\/svg><\/span><span class=\"sr-only\">\n              <svg viewBox=\"0 0 451.847 451.847\"><path d=\"M97.141,225.92c0-8.095,3.091-16.192,9.259-22.366L300.689,9.27c12.359-12.359,32.397-12.359,44.751,0\nc12.354,12.354,12.354,32.388,0,44.748L173.525,225.92l171.903,171.909c12.354,12.354,12.354,32.391,0,44.744\nc-12.354,12.365-32.386,12.365-44.745,0l-194.29-194.281C100.226,242.115,97.141,234.018,97.141,225.92z\"><\/path><\/svg><\/span>\n          <\/a>\n          <a class=\"u-absolute-vcenter u-gallery-nav u-gallery-nav-next u-hidden u-hidden-sm u-hidden-xs u-hover-white u-icon-circle u-opacity u-opacity-70 u-palette-1-light-1 u-spacing-10 u-text-body-color u-text-hover-black u-gallery-nav-2\" href=\"#\" role=\"button\"><span aria-hidden=\"true\">\n              <svg viewBox=\"0 0 451.846 451.847\"><path d=\"M345.441,248.292L151.154,442.573c-12.359,12.365-32.397,12.365-44.75,0c-12.354-12.354-12.354-32.391,0-44.744\nL278.318,225.92L106.409,54.017c-12.354-12.359-12.354-32.394,0-44.748c12.354-12.359,32.391-12.359,44.75,0l194.287,194.284\nc6.177,6.18,9.262,14.271,9.262,22.366C354.708,234.018,351.617,242.115,345.441,248.292z\"><\/path><\/svg><\/span><span class=\"sr-only\">\n              <svg viewBox=\"0 0 451.846 451.847\"><path d=\"M345.441,248.292L151.154,442.573c-12.359,12.365-32.397,12.365-44.75,0c-12.354-12.354-12.354-32.391,0-44.744\nL278.318,225.92L106.409,54.017c-12.354-12.359-12.354-32.394,0-44.748c12.354-12.359,32.391-12.359,44.75,0l194.287,194.284\nc6.177,6.18,9.262,14.271,9.262,22.366C354.708,234.018,351.617,242.115,345.441,248.292z\"><\/path><\/svg><\/span>\n          <\/a>\n        <\/div>\n      <\/div>\n    <\/section>\n    <section class=\"u-align-center u-clearfix u-container-align-center u-section-5\" id=\"block-7\">\n      <div class=\"u-clearfix u-sheet u-valign-middle-lg u-valign-middle-md u-valign-middle-sm u-sheet-1\">\n        <div class=\"data-layout-selected u-clearfix u-expanded-width-lg u-expanded-width-md u-expanded-width-sm u-expanded-width-xs u-layout-wrap u-layout-wrap-1\">\n          <div class=\"u-layout\">\n            <div class=\"u-layout-row\">\n              <div class=\"u-container-align-left u-container-style u-layout-cell u-left-cell u-size-30-xl u-size-35-lg u-size-60-md u-size-60-sm u-size-60-xs u-layout-cell-1\">\n                <div class=\"u-container-layout u-valign-middle u-container-layout-1\">\n                  <h2 class=\"u-align-left u-text u-text-body-color u-text-1\">LANCEMENT DE PRODUIT<br>SOIR\u00c9E DU PERSONNEL<br>SALON PROFESSIONNEL<br>ACTIVATION DE BOUTIQUE\n                  <\/h2>\n                <\/div>\n              <\/div>\n              <div class=\"u-align-right u-container-align-left-md u-container-align-left-sm u-container-align-left-xs u-container-align-right u-container-style u-layout-cell u-right-cell u-size-25-lg u-size-30-xl u-size-60-md u-size-60-sm u-size-60-xs u-layout-cell-2\">\n                <div class=\"u-container-layout u-valign-middle-lg u-valign-middle-md u-valign-middle-sm u-valign-middle-xs u-container-layout-2\">\n                  <h4 class=\"u-align-left-md u-align-left-sm u-align-left-xs u-align-right-lg u-align-right-xl u-text u-text-2\">Cr\u00e9ez le buzz autour de votre nouveaut\u00e9<br>F\u00e9d\u00e9rez vos \u00e9quipes avec des souvenirs funs.<br>Attirez plus de visiteurs sur votre stand.<br>Animez votre point de vente et fid\u00e9lisez. \n                  <\/h4>\n                <\/div>\n              <\/div>\n            <\/div>\n          <\/div>\n        <\/div>\n      <\/div>\n    <\/section>\n    <section class=\"u-align-center u-clearfix u-container-align-center u-section-6\" id=\"block-8\">\n      <div class=\"u-clearfix u-sheet u-valign-middle u-sheet-1\">\n        <div class=\"data-layout-selected u-clearfix u-expanded-width u-gutter-22 u-layout-wrap u-layout-wrap-1\">\n          <div class=\"u-layout\">\n            <div class=\"u-layout-row\">\n              <div class=\"u-align-left u-container-align-center u-container-align-center-md u-container-align-center-sm u-container-align-center-xs u-container-align-left u-container-align-left-lg u-container-align-left-xl u-container-style u-layout-cell u-right-cell u-shape-rectangle u-size-26-lg u-size-26-xl u-size-60-md u-size-60-sm u-size-60-xs u-layout-cell-1\">\n                <div class=\"u-container-layout u-container-layout-1\">\n                  <h2 class=\"u-custom-font u-text u-text-body-color u-text-default u-text-1\">UN PROJET ?<br>UNE ID\u00c9E ?\n                  <\/h2>\n                  <p class=\"u-text u-text-default u-text-2\"> Nos \u00e9quipes vous accompagnent de la conception graphique \u00e0 l'installation sur site.<\/p>\n                <\/div>\n              <\/div>\n              <div class=\"u-align-center u-container-align-center u-container-style u-layout-cell u-shape-rectangle u-size-34-lg u-size-34-xl u-size-60-md u-size-60-sm u-size-60-xs u-layout-cell-2\">\n                <div class=\"u-container-layout u-valign-top u-container-layout-2\">\n                  <div class=\"u-expanded-width u-form u-form-1\">\n                    <form action=\"https:\/\/service.nicepagesrv.com\/form\/v4\/form-process\" class=\"u-clearfix u-form-spacing-15 u-form-vertical u-inner-form\" style=\"padding: 0;\" source=\"email\" name=\"form\">\n                      <div class=\"u-form-date u-form-group u-form-group-1\">\n                        <label for=\"date-9b69\" class=\"u-label\">Date de votre \u00e9v\u00e9nement<\/label>\n                        <input type=\"text\" placeholder=\"MM\/JJ\/AAAA\" id=\"date-9b69\" name=\"date\" class=\"u-border-2 u-border-black u-border-no-left u-border-no-right u-border-no-top u-input u-input-rectangle\" required=\"\" data-date-format=\"mm\/dd\/yyyy\">\n                      <\/div>\n                      <div class=\"u-form-email u-form-group\">\n                        <label for=\"email-daf4\" class=\"u-label\">Email<\/label>\n                        <input type=\"email\" placeholder=\"Entrez une adresse email valide\" id=\"email-daf4\" name=\"email\" class=\"u-border-2 u-border-black u-border-no-left u-border-no-right u-border-no-top u-input u-input-rectangle\" required=\"\">\n                      <\/div>\n                      <div class=\"u-align-left u-form-group u-form-submit\">\n                        <a href=\"#\" class=\"u-active-palette-3-dark-1 u-border-none u-btn u-btn-round u-btn-submit u-button-style u-custom-color-7 u-hover-custom-color-3 u-radius-50 u-btn-1\">dEMANDER UN DEVIS ENTREPRISE<\/a>\n                        <input type=\"submit\" value=\"submit\" class=\"u-form-control-hidden\">\n                      <\/div>\n                      <div class=\"u-form-send-message u-form-send-success\">Merci ! Votre message a \u00e9t\u00e9 envoy\u00e9.<\/div>\n                      <div class=\"u-form-send-error u-form-send-message\">Impossible d'envoyer votre message. Merci de corriger les erreurs et r\u00e9essayer.<\/div>\n                      <input type=\"hidden\" value=\"\" name=\"recaptchaResponse\">\n                      <input type=\"hidden\" name=\"formServices\" value=\"c9e875d9-cd57-6bec-15cc-9fdcf2c1d27a\">\n                    <\/form>\n                  <\/div>\n                <\/div>\n              <\/div>\n            <\/div>\n          <\/div>\n        <\/div>\n      <\/div>\n    <\/section>\n    \n    \n    \n    \n    \n    \n  \n","protected":false},"excerpt":{"rendered":"<p>ACTIVEZ VOTRE MARQUE.SUBLIMEZ VOS \u00c9V\u00c9NEMENTS. Transformez vos lancements, soir\u00e9es de gala et salons professionnels en une exp\u00e9rience virale et m\u00e9morable avec nos studios photo connect\u00e9s. L&rsquo;EXP\u00c9RIENCE PHOTO AU SERVICE DE&nbsp;VOTRE MARKETING. Dans un monde satur\u00e9 d&rsquo;images, offrez \u00e0 vos invit\u00e9s celle qu&rsquo;ils garderont pr\u00e9cieusement. Piximat ne se contente pas d&rsquo;imprimer des photos.&nbsp;Nous cr\u00e9ons des points &hellip; <a href=\"https:\/\/piximat.com\/index.php\/corporate-et-marques-4\/\" class=\"more-link\">Continue reading<span class=\"screen-reader-text\"> \u00ab\u00a0Corporate et Marques\u00a0\u00bb<\/span><\/a><\/p>\n","protected":false},"author":1,"featured_media":0,"parent":0,"menu_order":9,"comment_status":"closed","ping_status":"closed","template":"","meta":{"footnotes":""},"class_list":["post-1345","page","type-page","status-publish","hentry"],"_links":{"self":[{"href":"https:\/\/piximat.com\/index.php\/wp-json\/wp\/v2\/pages\/1345","targetHints":{"allow":["GET"]}}],"collection":[{"href":"https:\/\/piximat.com\/index.php\/wp-json\/wp\/v2\/pages"}],"about":[{"href":"https:\/\/piximat.com\/index.php\/wp-json\/wp\/v2\/types\/page"}],"author":[{"embeddable":true,"href":"https:\/\/piximat.com\/index.php\/wp-json\/wp\/v2\/users\/1"}],"replies":[{"embeddable":true,"href":"https:\/\/piximat.com\/index.php\/wp-json\/wp\/v2\/comments?post=1345"}],"version-history":[{"count":1,"href":"https:\/\/piximat.com\/index.php\/wp-json\/wp\/v2\/pages\/1345\/revisions"}],"predecessor-version":[{"id":1361,"href":"https:\/\/piximat.com\/index.php\/wp-json\/wp\/v2\/pages\/1345\/revisions\/1361"}],"wp:attachment":[{"href":"https:\/\/piximat.com\/index.php\/wp-json\/wp\/v2\/media?parent=1345"}],"curies":[{"name":"wp","href":"https:\/\/api.w.org\/{rel}","templated":true}]}}