{"id":1344,"date":"2026-02-18T13:32:25","date_gmt":"2026-02-18T12:32:25","guid":{"rendered":"https:\/\/piximat.com\/index.php\/pixibox-mini-11\/"},"modified":"2026-02-18T13:32:29","modified_gmt":"2026-02-18T12:32:29","slug":"pixibox-mini-11","status":"publish","type":"page","link":"https:\/\/piximat.com\/index.php\/pixibox-mini-11\/","title":{"rendered":"PixiBox Mini"},"content":{"rendered":"\n  \n    <section class=\"u-clearfix u-container-align-center u-section-1\" id=\"block-1\">\n      <div class=\"u-clearfix u-sheet u-valign-middle-lg u-valign-middle-md u-valign-middle-sm u-valign-middle-xl u-sheet-1\">\n        <div class=\"data-layout-selected u-clearfix u-expanded-width u-gutter-10 u-layout-wrap u-layout-wrap-1\">\n          <div class=\"u-layout\" style=\"\">\n            <div class=\"u-layout-row\" style=\"\">\n              <div class=\"u-align-left u-container-align-left u-container-style u-image u-layout-cell u-left-cell u-size-30 u-size-xs-60 u-image-1\" src=\"\" data-image-width=\"709\" data-image-height=\"752\" style=\"background-image: url(&quot;https:\/\/piximat.com\/wp-content\/uploads\/2026\/02\/Piximat_Mini_Mariage-2.jpg&quot;);\">\n                <div class=\"u-container-layout u-valign-middle u-container-layout-1\" src=\"\"><\/div>\n              <\/div>\n              <div class=\"u-align-left u-black u-container-align-left u-container-style u-layout-cell u-right-cell u-size-30 u-size-xs-60 u-layout-cell-2\">\n                <div class=\"u-container-layout u-valign-middle-lg u-valign-middle-md u-valign-middle-sm u-container-layout-2\">\n                  <h2 class=\"u-align-left u-custom-font u-text u-text-body-color u-text-default-lg u-text-default-md u-text-default-sm u-text-default-xl u-text-1\">PIXIMAT MINI.<br>L'ESSENTIEL CHIC. \n                  <\/h2>\n                  <p class=\"u-align-left u-custom-font u-heading-font u-text u-text-2\">Design \u00e9pur\u00e9, qualit\u00e9 studio et encombrement minimal.<br>La solution parfaite pour sublimer votre \u00e9v\u00e9nement sans l'envahir.\n                  <\/p>\n                <\/div>\n              <\/div>\n            <\/div>\n          <\/div>\n        <\/div>\n      <\/div>\n    <\/section>\n    <section class=\"u-clearfix u-container-align-center u-section-2\" id=\"block-2\">\n      <div class=\"u-clearfix u-sheet u-valign-middle-lg u-valign-middle-sm u-valign-middle-xl u-sheet-1\">\n        <div class=\"data-layout-selected u-clearfix u-expanded-width u-gutter-10 u-layout-wrap u-layout-wrap-1\">\n          <div class=\"u-gutter-0 u-layout\">\n            <div class=\"u-layout-row\">\n              <div class=\"u-size-30 u-size-60-md\">\n                <div class=\"u-layout-row\">\n                  <div class=\"u-align-left u-black u-container-align-left u-container-style u-layout-cell u-right-cell u-size-60 u-layout-cell-1\">\n                    <div class=\"u-container-layout u-valign-middle-lg u-valign-middle-md u-valign-middle-sm u-container-layout-1\">\n                      <h2 class=\"u-align-left u-custom-font u-text u-text-body-color u-text-1\">TOUTE LA QUALIT\u00c9 STUDIO DANS UN FORMAT COMPACT.<\/h2>\n                      <p class=\"u-align-left u-custom-font u-heading-font u-text u-text-2\"> Ne vous fiez pas \u00e0 sa taille de gu\u00eape.&nbsp;<br>Le Piximat Mini embarque exactement la m\u00eame technologie professionnelle que sa grande s\u0153ur :&nbsp;<br>un <b>v\u00e9ritable appareil photo Reflex Canon<\/b> et un <b>\u00c9clairage LED<\/b>&nbsp;puissant.<br>\n                        <br>R\u00e9sultat ?&nbsp;<br>Des photos \u00e9clatantes, nettes, m\u00eame en pleine nuit.<br>\n                        <br>Son design fin et \u00e9l\u00e9gant lui permet de se glisser dans les espaces les plus restreints, du coin cocktail d'un mariage au stand d'un salon professionnel.\n                      <\/p>\n                    <\/div>\n                  <\/div>\n                <\/div>\n              <\/div>\n              <div class=\"u-size-30 u-size-60-md\">\n                <div class=\"u-layout-col\">\n                  <div class=\"u-size-60\">\n                    <div class=\"u-layout-row\">\n                      <div class=\"u-align-left u-container-align-left u-container-style u-image u-layout-cell u-left-cell u-size-60 u-image-1\" src=\"\" data-image-width=\"709\" data-image-height=\"758\" style=\"background-image: url(&quot;https:\/\/piximat.com\/wp-content\/uploads\/2026\/02\/Piximat_Mini_Zoom-2.jpg&quot;);\">\n                        <div class=\"u-container-layout u-valign-middle u-container-layout-2\" src=\"\"><\/div>\n                      <\/div>\n                    <\/div>\n                  <\/div>\n                <\/div>\n              <\/div>\n            <\/div>\n          <\/div>\n        <\/div>\n      <\/div>\n    <\/section>\n    <section class=\"u-align-center u-clearfix u-container-align-center u-section-3\" id=\"block-3\">\n      <div class=\"u-clearfix u-sheet u-valign-middle-lg u-valign-middle-md u-valign-middle-sm u-sheet-1\">\n        <h2 class=\"u-align-center u-custom-font u-text u-text-body-color u-text-default-lg u-text-default-md u-text-default-sm u-text-default-xl u-text-1\">UNIQUE, COMME VOTRE \u00c9V\u00c9NEMENT.<\/h2>\n        <p class=\"u-align-center u-custom-font u-heading-font u-text u-text-2\">Ne vous contentez pas d'une borne blanche anonyme.<br>Faites-en un \u00e9l\u00e9ment de votre d\u00e9coration. \n        <\/p>\n        <div class=\"u-expanded-width u-gallery u-layout-grid u-lightbox u-show-text-on-hover u-gallery-1\">\n          <div class=\"u-gallery-inner u-gallery-inner-1\">\n            <div class=\"u-effect-fade u-gallery-item\">\n              <div class=\"u-back-slide\" data-image-width=\"709\" data-image-height=\"949\">\n                <img decoding=\"async\" class=\"u-back-image u-expanded\" src=\"https:\/\/piximat.com\/wp-content\/uploads\/2026\/02\/Piximat_Mini_Mariage_2025-2.jpg\">\n              <\/div>\n              <div class=\"u-over-slide u-shading u-over-slide-1\"><\/div>\n            <\/div>\n            <div class=\"u-effect-fade u-gallery-item\">\n              <div class=\"u-back-slide\" data-image-width=\"709\" data-image-height=\"949\">\n                <img decoding=\"async\" class=\"u-back-image u-expanded\" src=\"https:\/\/piximat.com\/wp-content\/uploads\/2026\/02\/Piximat_Mini_Branding-2.jpg\">\n              <\/div>\n              <div class=\"u-over-slide u-shading u-over-slide-2\"><\/div>\n            <\/div>\n            <div class=\"u-effect-fade u-gallery-item\">\n              <div class=\"u-back-slide\" data-image-width=\"709\" data-image-height=\"949\">\n                <img decoding=\"async\" class=\"u-back-image u-expanded\" src=\"https:\/\/piximat.com\/wp-content\/uploads\/2026\/02\/Piximat_Mini_Birthday-2.jpg\">\n              <\/div>\n              <div class=\"u-over-slide u-shading u-over-slide-3\"><\/div>\n            <\/div>\n          <\/div>\n        <\/div>\n      <\/div>\n    <\/section>\n    <section class=\"u-align-center u-clearfix u-container-align-center u-section-4\" id=\"sec-88dc\">\n      <div class=\"u-align-left u-clearfix u-sheet u-valign-middle u-sheet-1\">\n        <div class=\"u-expanded-width u-list u-list-1\">\n          <div class=\"u-repeater u-repeater-1\">\n            <div class=\"u-container-align-center u-container-style u-list-item u-repeater-item\">\n              <div class=\"u-container-layout u-similar-container u-valign-top-lg u-valign-top-md u-valign-top-sm u-valign-top-xs u-container-layout-1\"><span class=\"u-align-center u-file-icon u-icon u-text-custom-color-7 u-icon-1\"><img decoding=\"async\" src=\"https:\/\/piximat.com\/wp-content\/uploads\/2026\/02\/ec799723-2.png\" alt=\"\"><\/span>\n                <h3 class=\"u-align-center u-text u-text-default u-text-1\">Impression<br>\u00c9claire\n                <\/h3>\n                <p class=\"u-align-center u-custom-font u-heading-font u-text u-text-2\"> Vos photos imprim\u00e9es en seulement&nbsp;<br>15 secondes sur papier glac\u00e9 professionnel.&nbsp;<br>Formats 10x15cm..\n                <\/p>\n              <\/div>\n            <\/div>\n            <div class=\"u-container-style u-list-item u-repeater-item\">\n              <div class=\"u-container-layout u-similar-container u-valign-top-lg u-valign-top-md u-valign-top-sm u-valign-top-xs u-container-layout-2\"><span class=\"u-align-center u-file-icon u-icon u-text-custom-color-7 u-icon-2\"><img decoding=\"async\" src=\"https:\/\/piximat.com\/wp-content\/uploads\/2026\/02\/f239f290-2.png\" alt=\"\"><\/span>\n                <h3 class=\"u-align-center u-text u-text-default u-text-3\">100 %<br>Connect\u00e9e\n                <\/h3>\n                <p class=\"u-align-center u-custom-font u-heading-font u-text u-text-4\"> Envoi des photos par Email et Whatsapp (sous r\u00e9serve de Wi-Fi).&nbsp;<br>Id\u00e9al pour le partage sur les r\u00e9seaux sociaux.\n                <\/p>\n              <\/div>\n            <\/div>\n            <div class=\"u-container-style u-list-item u-repeater-item\">\n              <div class=\"u-container-layout u-similar-container u-valign-top-lg u-valign-top-md u-valign-top-sm u-valign-top-xs u-container-layout-3\"><span class=\"u-align-center u-file-icon u-icon u-text-custom-color-7 u-icon-3\"><img decoding=\"async\" src=\"https:\/\/piximat.com\/wp-content\/uploads\/2026\/02\/99651008-2.png\" alt=\"\"><\/span>\n                <h3 class=\"u-align-center u-text u-text-default u-text-5\"> Mise en Page<br>Sur Mesure\n                <\/h3>\n                <p class=\"u-align-center u-custom-font u-heading-font u-text u-text-6\"> Nous cr\u00e9ons le cadre de vos photos (le \"template\") selon votre th\u00e8me, vos couleurs ou votre logo.<\/p>\n              <\/div>\n            <\/div>\n          <\/div>\n        <\/div>\n      <\/div>\n    <\/section>\n    <section class=\"u-align-left u-clearfix u-container-align-left u-section-5\" id=\"sec-111d\">\n      <div class=\"u-clearfix u-sheet u-valign-middle-xl u-sheet-1\">\n        <h2 class=\"u-custom-font u-text u-text-custom-color-7 u-text-1\"> L'OFFRE CL\u00c9 EN MAIN.<\/h2>\n        <div class=\"u-expanded-width u-list u-list-1\">\n          <div class=\"u-repeater u-repeater-1\">\n            <div class=\"u-align-left u-border-10 u-border-custom-color-1 u-border-no-bottom u-border-no-right u-border-no-top u-container-align-left u-container-align-left-lg u-container-align-left-xl u-container-style u-list-item u-repeater-item u-shape-rectangle\">\n              <div class=\"u-container-layout u-similar-container u-valign-bottom-xs u-container-layout-1\"><span class=\"u-file-icon u-icon u-text-custom-color-7 u-icon-1\"><img decoding=\"async\" src=\"https:\/\/piximat.com\/wp-content\/uploads\/2026\/02\/24836a38-2.png\" alt=\"\"><\/span>\n                <p class=\"u-custom-font u-heading-font u-text u-text-2\">La Borne Photo Piximat Mini<br>(Appareil photo r\u00e9flex + Eclairage LED Studio) \n                <\/p>\n              <\/div>\n            <\/div>\n            <div class=\"u-align-left u-border-10 u-border-custom-color-1 u-border-no-bottom u-border-no-right u-border-no-top u-container-align-left u-container-align-left-lg u-container-align-left-xl u-container-style u-list-item u-repeater-item u-shape-rectangle\">\n              <div class=\"u-container-layout u-similar-container u-valign-bottom-xs u-container-layout-2\"><span class=\"u-file-icon u-icon u-text-custom-color-7 u-icon-2\"><img decoding=\"async\" src=\"https:\/\/piximat.com\/wp-content\/uploads\/2026\/02\/24836a38-2.png\" alt=\"\"><\/span>\n                <p class=\"u-custom-font u-heading-font u-text u-text-3\">Galerie Photo en ligne apr\u00e8s votre \u00e9v\u00e9nement<br>(Prot\u00e9g\u00e9e par un code)\n                <\/p>\n              <\/div>\n            <\/div>\n            <div class=\"u-align-left u-border-10 u-border-custom-color-1 u-border-no-bottom u-border-no-right u-border-no-top u-container-align-left u-container-align-left-lg u-container-align-left-xl u-container-style u-list-item u-repeater-item u-shape-rectangle\">\n              <div class=\"u-container-layout u-similar-container u-valign-bottom-xs u-container-layout-3\"><span class=\"u-file-icon u-icon u-text-custom-color-7 u-icon-3\"><img decoding=\"async\" src=\"https:\/\/piximat.com\/wp-content\/uploads\/2026\/02\/24836a38-2.png\" alt=\"\"><\/span>\n                <p class=\"u-custom-font u-heading-font u-text u-text-4\">700 impressions incluses<br>Format 10 x 15 cm\n                <\/p>\n              <\/div>\n            <\/div>\n            <div class=\"u-align-left u-border-10 u-border-custom-color-1 u-border-no-bottom u-border-no-right u-border-no-top u-container-align-left u-container-align-left-lg u-container-align-left-xl u-container-style u-list-item u-repeater-item u-shape-rectangle\">\n              <div class=\"u-container-layout u-similar-container u-valign-bottom-xs u-container-layout-4\"><span class=\"u-file-icon u-icon u-text-custom-color-7 u-icon-4\"><img decoding=\"async\" src=\"https:\/\/piximat.com\/wp-content\/uploads\/2026\/02\/24836a38-2.png\" alt=\"\"><\/span>\n                <p class=\"u-custom-font u-heading-font u-text u-text-5\">Livre d'Or \u00e0 remplir par vos invit\u00e9s<br>(Avec stylos et adh\u00e9sif)\n                <\/p>\n              <\/div>\n            <\/div>\n            <div class=\"u-align-left u-border-10 u-border-custom-color-1 u-border-no-bottom u-border-no-right u-border-no-top u-container-align-left u-container-align-left-lg u-container-align-left-xl u-container-style u-list-item u-repeater-item u-shape-rectangle\">\n              <div class=\"u-container-layout u-similar-container u-valign-bottom-xs u-container-layout-5\"><span class=\"u-file-icon u-icon u-text-custom-color-7 u-icon-5\"><img decoding=\"async\" src=\"https:\/\/piximat.com\/wp-content\/uploads\/2026\/02\/24836a38-2.png\" alt=\"\"><\/span>\n                <p class=\"u-custom-font u-heading-font u-text u-text-6\">Cr\u00e9ation graphique de la mise en page de vos photos<br>(Avec votre logo et \/ ou noms)\n                <\/p>\n              <\/div>\n            <\/div>\n            <div class=\"u-align-left u-border-10 u-border-custom-color-1 u-border-no-bottom u-border-no-right u-border-no-top u-container-align-left u-container-align-left-lg u-container-align-left-xl u-container-style u-list-item u-repeater-item u-shape-rectangle\">\n              <div class=\"u-container-layout u-similar-container u-valign-bottom-xs u-container-layout-6\"><span class=\"u-file-icon u-icon u-text-custom-color-7 u-icon-6\"><img decoding=\"async\" src=\"https:\/\/piximat.com\/wp-content\/uploads\/2026\/02\/24836a38-2.png\" alt=\"\"><\/span>\n                <p class=\"u-custom-font u-heading-font u-text u-text-7\">Accessoires de d\u00e9guisement vari\u00e9s<br>(pr\u00eat d'un lot pour votre \u00e9v\u00e9nement)\n                <\/p>\n              <\/div>\n            <\/div>\n            <div class=\"u-align-left u-border-10 u-border-custom-color-1 u-border-no-bottom u-border-no-right u-border-no-top u-container-align-left u-container-align-left-lg u-container-align-left-xl u-container-style u-list-item u-repeater-item u-shape-rectangle\">\n              <div class=\"u-container-layout u-similar-container u-valign-bottom-xs u-container-layout-7\"><span class=\"u-file-icon u-icon u-text-custom-color-7 u-icon-7\"><img decoding=\"async\" src=\"https:\/\/piximat.com\/wp-content\/uploads\/2026\/02\/24836a38-2.png\" alt=\"\"><\/span>\n                <p class=\"u-custom-font u-heading-font u-text u-text-8\">Partage par email et Whatsapp<br>(Sous r\u00e9serve de Wi-Fi)\n                <\/p>\n              <\/div>\n            <\/div>\n            <div class=\"u-align-left u-border-10 u-border-custom-color-1 u-border-no-bottom u-border-no-right u-border-no-top u-container-align-left u-container-align-left-lg u-container-align-left-xl u-container-style u-list-item u-repeater-item u-shape-rectangle\">\n              <div class=\"u-container-layout u-similar-container u-valign-bottom-xs u-container-layout-8\"><span class=\"u-file-icon u-icon u-text-custom-color-7 u-icon-8\"><img decoding=\"async\" src=\"https:\/\/piximat.com\/wp-content\/uploads\/2026\/02\/24836a38-2.png\" alt=\"\"><\/span>\n                <p class=\"u-custom-font u-heading-font u-text u-text-9\">Livraison, Installation et Reprise<br>(Gen\u00e8ve et Vaud)\n                <\/p>\n              <\/div>\n            <\/div>\n          <\/div>\n        <\/div>\n      <\/div>\n    <\/section>\n    <section class=\"u-clearfix u-section-6\" id=\"sec-d04e\">\n      <div class=\"u-clearfix u-sheet u-valign-middle-lg u-valign-middle-md u-valign-middle-sm u-valign-middle-xs u-sheet-1\">\n        <div class=\"u-expanded-width u-gallery u-layout-grid u-no-transition u-show-text-none u-gallery-1\">\n          <div class=\"u-gallery-inner u-gallery-inner-1\">\n            <div class=\"u-gallery-item\">\n              <div class=\"u-back-slide\" data-image-width=\"1800\" data-image-height=\"1200\">\n                <img decoding=\"async\" class=\"u-back-image u-expanded\" src=\"https:\/\/piximat.com\/wp-content\/uploads\/2026\/02\/Piximat_Mini_Exemple1-2.jpg\">\n              <\/div>\n              <div class=\"u-over-slide u-shading u-over-slide-1\"><\/div>\n            <\/div>\n            <div class=\"u-gallery-item\">\n              <div class=\"u-back-slide\" data-image-width=\"1800\" data-image-height=\"1200\">\n                <img decoding=\"async\" class=\"u-back-image u-expanded\" src=\"https:\/\/piximat.com\/wp-content\/uploads\/2026\/02\/Piximat_Mini_Exemple2-2.jpg\">\n              <\/div>\n              <div class=\"u-over-slide u-shading u-over-slide-2\"><\/div>\n            <\/div>\n            <div class=\"u-gallery-item\">\n              <div class=\"u-back-slide\" data-image-width=\"1800\" data-image-height=\"1200\">\n                <img decoding=\"async\" class=\"u-back-image u-expanded\" src=\"https:\/\/piximat.com\/wp-content\/uploads\/2026\/02\/Piximat_Mini_Exemple31-2.jpg\">\n              <\/div>\n              <div class=\"u-over-slide u-shading u-over-slide-3\"><\/div>\n            <\/div>\n            <div class=\"u-gallery-item\">\n              <div class=\"u-back-slide\" data-image-width=\"1800\" data-image-height=\"1200\">\n                <img decoding=\"async\" class=\"u-back-image u-expanded\" src=\"https:\/\/piximat.com\/wp-content\/uploads\/2026\/02\/Piximat_Mini_Exemple4-2.jpg\">\n              <\/div>\n              <div class=\"u-over-slide u-shading u-over-slide-4\"><\/div>\n            <\/div>\n            <div class=\"u-gallery-item\">\n              <div class=\"u-back-slide\" data-image-width=\"1800\" data-image-height=\"1200\">\n                <img decoding=\"async\" class=\"u-back-image u-expanded\" src=\"https:\/\/piximat.com\/wp-content\/uploads\/2026\/02\/Piximat_Mini_Exemple5-2.jpg\">\n              <\/div>\n              <div class=\"u-over-slide u-shading u-over-slide-5\"><\/div>\n            <\/div>\n            <div class=\"u-gallery-item\">\n              <div class=\"u-back-slide\" data-image-width=\"1800\" data-image-height=\"1200\">\n                <img decoding=\"async\" class=\"u-back-image u-expanded\" src=\"https:\/\/piximat.com\/wp-content\/uploads\/2026\/02\/Piximat_Mini_Exemple6-2.jpg\">\n              <\/div>\n              <div class=\"u-over-slide u-shading u-over-slide-6\"><\/div>\n            <\/div>\n          <\/div>\n        <\/div>\n        <p class=\"u-align-center u-custom-font u-heading-font u-text u-text-1\">Mariages chics, anniversaires, lancement de marque en magasin ou soir\u00e9es d'entreprises : le Piximat Mini s'adapte \u00e0 tous les terrains de jeu.<\/p>\n      <\/div>\n    <\/section>\n    <section class=\"u-align-center u-clearfix u-container-align-center u-section-7\" id=\"sec-fc81\">\n      <div class=\"u-clearfix u-sheet u-valign-middle-lg u-valign-middle-md u-valign-middle-sm u-valign-middle-xl u-sheet-1\">\n        <div class=\"data-layout-selected u-clearfix u-expanded-width u-gutter-22 u-layout-wrap u-layout-wrap-1\">\n          <div class=\"u-layout\">\n            <div class=\"u-layout-row\">\n              <div class=\"u-align-center u-container-align-center u-container-align-center-md u-container-align-center-sm u-container-align-center-xs u-container-align-left-lg u-container-align-left-xl u-container-style u-layout-cell u-right-cell u-shape-rectangle u-size-26-lg u-size-26-xl u-size-60-md u-size-60-sm u-size-60-xs u-layout-cell-1\">\n                <div class=\"u-container-layout u-container-layout-1\">\n                  <h2 class=\"u-custom-font u-text u-text-body-color u-text-default u-text-1\">VOTRE DATE EST-ELLE ENCORE DISPONIBLE ?<\/h2>\n                  <p class=\"u-align-center-md u-align-center-sm u-align-center-xs u-text u-text-default u-text-2\">Les agendas 2026 \/ 2027 se remplissent rapidement.<br>V\u00e9rifiez si nous pouvons faire partie de votre \u00e9v\u00e9nement.\n                  <\/p>\n                <\/div>\n              <\/div>\n              <div class=\"u-align-center u-container-align-center u-container-align-center-lg u-container-align-center-md u-container-align-center-sm u-container-align-center-xl u-container-style u-layout-cell u-shape-rectangle u-size-34-lg u-size-34-xl u-size-60-md u-size-60-sm u-size-60-xs u-layout-cell-2\">\n                <div class=\"u-container-layout u-valign-top-lg u-valign-top-md u-valign-top-sm u-container-layout-2\">\n                  <div class=\"custom-expanded u-form u-form-1\">\n                    <form action=\"https:\/\/service.nicepagesrv.com\/form\/v4\/form-process\" class=\"u-clearfix u-form-spacing-15 u-form-vertical u-inner-form\" style=\"padding: 0;\" source=\"email\" name=\"form\">\n                      <div class=\"u-form-date u-form-group u-form-group-1\">\n                        <label for=\"date-9b69\" class=\"u-label\">Date de votre \u00e9v\u00e9nement<\/label>\n                        <input type=\"text\" placeholder=\"MM\/JJ\/AAAA\" id=\"date-9b69\" name=\"date\" class=\"u-border-2 u-border-black u-border-no-left u-border-no-right u-border-no-top u-input u-input-rectangle\" required=\"\" data-date-format=\"mm\/dd\/yyyy\">\n                      <\/div>\n                      <div class=\"u-form-email u-form-group\">\n                        <label for=\"email-daf4\" class=\"u-label\">Email<\/label>\n                        <input type=\"email\" placeholder=\"Entrez une adresse email valide\" id=\"email-daf4\" name=\"email\" class=\"u-border-2 u-border-black u-border-no-left u-border-no-right u-border-no-top u-input u-input-rectangle\" required=\"\">\n                      <\/div>\n                      <div class=\"u-align-left u-form-group u-form-submit\">\n                        <a href=\"#\" class=\"u-active-palette-3-dark-1 u-border-none u-btn u-btn-round u-btn-submit u-button-style u-custom-color-7 u-hover-custom-color-3 u-radius-50 u-btn-1\">V\u00c9RIFIER LA DISPONIBILIT\u00c9<\/a>\n                        <input type=\"submit\" value=\"submit\" class=\"u-form-control-hidden\">\n                      <\/div>\n                      <div class=\"u-form-send-message u-form-send-success\">Merci ! Votre message a \u00e9t\u00e9 envoy\u00e9.<\/div>\n                      <div class=\"u-form-send-error u-form-send-message\">Impossible d'envoyer votre message. Merci de corriger les erreurs et r\u00e9essayer.<\/div>\n                      <input type=\"hidden\" value=\"\" name=\"recaptchaResponse\">\n                      <input type=\"hidden\" name=\"formServices\" value=\"c9e875d9-cd57-6bec-15cc-9fdcf2c1d27a\">\n                    <\/form>\n                  <\/div>\n                <\/div>\n              <\/div>\n            <\/div>\n          <\/div>\n        <\/div>\n      <\/div>\n    <\/section>\n    \n    \n    \n    \n    \n    \n  \n","protected":false},"excerpt":{"rendered":"<p>PIXIMAT MINI.L&rsquo;ESSENTIEL CHIC. Design \u00e9pur\u00e9, qualit\u00e9 studio et encombrement minimal.La solution parfaite pour sublimer votre \u00e9v\u00e9nement sans l&rsquo;envahir. TOUTE LA QUALIT\u00c9 STUDIO DANS UN FORMAT COMPACT. Ne vous fiez pas \u00e0 sa taille de gu\u00eape.&nbsp;Le Piximat Mini embarque exactement la m\u00eame technologie professionnelle que sa grande s\u0153ur :&nbsp;un v\u00e9ritable appareil photo Reflex Canon et un &hellip; <a href=\"https:\/\/piximat.com\/index.php\/pixibox-mini-11\/\" class=\"more-link\">Continue reading<span class=\"screen-reader-text\"> \u00ab\u00a0PixiBox Mini\u00a0\u00bb<\/span><\/a><\/p>\n","protected":false},"author":1,"featured_media":0,"parent":0,"menu_order":8,"comment_status":"closed","ping_status":"closed","template":"","meta":{"footnotes":""},"class_list":["post-1344","page","type-page","status-publish","hentry"],"_links":{"self":[{"href":"https:\/\/piximat.com\/index.php\/wp-json\/wp\/v2\/pages\/1344","targetHints":{"allow":["GET"]}}],"collection":[{"href":"https:\/\/piximat.com\/index.php\/wp-json\/wp\/v2\/pages"}],"about":[{"href":"https:\/\/piximat.com\/index.php\/wp-json\/wp\/v2\/types\/page"}],"author":[{"embeddable":true,"href":"https:\/\/piximat.com\/index.php\/wp-json\/wp\/v2\/users\/1"}],"replies":[{"embeddable":true,"href":"https:\/\/piximat.com\/index.php\/wp-json\/wp\/v2\/comments?post=1344"}],"version-history":[{"count":1,"href":"https:\/\/piximat.com\/index.php\/wp-json\/wp\/v2\/pages\/1344\/revisions"}],"predecessor-version":[{"id":1360,"href":"https:\/\/piximat.com\/index.php\/wp-json\/wp\/v2\/pages\/1344\/revisions\/1360"}],"wp:attachment":[{"href":"https:\/\/piximat.com\/index.php\/wp-json\/wp\/v2\/media?parent=1344"}],"curies":[{"name":"wp","href":"https:\/\/api.w.org\/{rel}","templated":true}]}}