{"id":1342,"date":"2026-02-18T13:32:23","date_gmt":"2026-02-18T12:32:23","guid":{"rendered":"https:\/\/piximat.com\/index.php\/pixibox-ia-7\/"},"modified":"2026-02-18T13:32:29","modified_gmt":"2026-02-18T12:32:29","slug":"pixibox-ia-7","status":"publish","type":"page","link":"https:\/\/piximat.com\/index.php\/pixibox-ia-7\/","title":{"rendered":"PixiBox IA"},"content":{"rendered":"\n   \n    <section class=\"u-clearfix u-container-align-center u-section-1\" id=\"sec-eac6\">\n      <div class=\"u-clearfix u-sheet u-sheet-1\">\n        <div class=\"data-layout-selected u-clearfix u-expanded-width u-gutter-0 u-layout-wrap u-layout-wrap-1\">\n          <div class=\"u-layout\" style=\"\">\n            <div class=\"u-layout-row\" style=\"\">\n              <div class=\"u-align-center u-container-align-center u-container-style u-image u-layout-cell u-left-cell u-size-30 u-size-xs-60 u-image-1\" src=\"\" data-image-width=\"709\" data-image-height=\"880\" style=\"background-image: url(&quot;https:\/\/piximat.com\/wp-content\/uploads\/2026\/02\/Piximat-IA-2.jpg&quot;);\">\n                <div class=\"u-container-layout u-valign-middle u-container-layout-1\" src=\"\"><\/div>\n              <\/div>\n              <div class=\"u-align-center u-container-align-center u-container-style u-custom-color-2 u-layout-cell u-right-cell u-size-30 u-size-xs-60 u-layout-cell-2\" src=\"\" data-image-width=\"1080\" data-image-height=\"1080\">\n                <div class=\"u-container-layout u-valign-middle-lg u-valign-middle-md u-valign-middle-sm u-valign-middle-xs u-container-layout-2\">\n                  <h2 class=\"u-align-center u-custom-font u-text u-text-custom-color-7 u-text-1\"> LE STUDIO IA. L'IMPOSSIBLE&nbsp;<br>DEVIENT R\u00c9ALIT\u00c9.\n                  <\/h2>\n                  <p class=\"u-align-center u-custom-font u-heading-font u-text u-text-2\"> Oubliez les simples filtres.&nbsp;<br>\n                    <br>Gr\u00e2ce \u00e0 l'Intelligence Artificielle, transformez instantan\u00e9ment vos invit\u00e9s en \u0153uvres d'art,&nbsp;<br>h\u00e9ros de cin\u00e9ma ou voyageurs temporels.\n                  <\/p>\n                <\/div>\n              <\/div>\n            <\/div>\n          <\/div>\n        <\/div>\n      <\/div>\n    <\/section>\n    <section class=\"u-clearfix u-container-align-center u-section-2\" id=\"sec-0436\">\n      <div class=\"u-clearfix u-sheet u-valign-middle-lg u-valign-middle-md u-valign-middle-sm u-valign-middle-xl u-sheet-1\">\n        <div class=\"data-layout-selected u-clearfix u-expanded-width u-gutter-10 u-layout-wrap u-layout-wrap-1\">\n          <div class=\"u-gutter-0 u-layout\">\n            <div class=\"u-layout-row\">\n              <div class=\"u-size-32-sm u-size-32-xs u-size-35-lg u-size-35-xl u-size-60-md\">\n                <div class=\"u-layout-row\">\n                  <div class=\"u-align-left u-black u-container-align-left u-container-style u-layout-cell u-right-cell u-size-60 u-layout-cell-1\">\n                    <div class=\"u-container-layout u-valign-middle-lg u-valign-middle-md u-valign-middle-sm u-valign-middle-xs u-container-layout-1\">\n                      <h2 class=\"u-align-left u-custom-font u-text u-text-body-color u-text-1\"> DE LA HAUTE COUTURE DIGITALE.<\/h2>\n                      <p class=\"u-align-left u-custom-font u-heading-font u-text u-text-2\"> Le Piximat IA ne se contente pas de prendre une photo, il la r\u00e9invente.<br>\n                        <br>Notre technologie analyse les traits de vos invit\u00e9s et g\u00e9n\u00e8re, en quelques secondes, une image totalement nouvelle en les plongeant dans l'univers de votre choix.&nbsp;<br>\n                        <br>Ce n'est pas un d\u00e9guisement virtuel, c'est une <b>cr\u00e9ation artistique unique<\/b> o\u00f9 chaque d\u00e9tail (lumi\u00e8re, texture, costume) est g\u00e9n\u00e9r\u00e9 avec un r\u00e9alisme \u00e9poustouflant.\n                      <\/p>\n                    <\/div>\n                  <\/div>\n                <\/div>\n              <\/div>\n              <div class=\"u-size-25-lg u-size-25-xl u-size-28-sm u-size-28-xs u-size-60-md\">\n                <div class=\"u-layout-col\">\n                  <div class=\"u-size-60\">\n                    <div class=\"u-layout-row\">\n                      <div class=\"u-align-left u-container-align-left u-container-style u-image u-layout-cell u-left-cell u-size-60 u-image-1\" src=\"\" data-image-width=\"709\" data-image-height=\"973\" style=\"background-image: url(&quot;https:\/\/piximat.com\/wp-content\/uploads\/2026\/02\/Piximat_IA_Transformation2-2.jpg&quot;);\">\n                        <div class=\"u-container-layout u-valign-middle u-container-layout-2\" src=\"\"><\/div>\n                      <\/div>\n                    <\/div>\n                  <\/div>\n                <\/div>\n              <\/div>\n            <\/div>\n          <\/div>\n        <\/div>\n      <\/div>\n    <\/section>\n    <section class=\"u-align-center u-clearfix u-container-align-center u-section-3\" id=\"sec-18ec\">\n      <div class=\"u-align-left u-clearfix u-sheet u-valign-middle-lg u-valign-middle-md u-valign-middle-sm u-valign-middle-xl u-sheet-1\">\n        <div class=\"u-expanded-width u-list u-list-1\">\n          <div class=\"u-repeater u-repeater-1\">\n            <div class=\"u-container-align-center u-container-style u-list-item u-repeater-item\">\n              <div class=\"u-container-layout u-similar-container u-valign-top-lg u-valign-top-md u-valign-top-sm u-valign-top-xs u-container-layout-1\"><span class=\"u-align-center u-file-icon u-icon u-text-custom-color-7 u-icon-1\"><img decoding=\"async\" src=\"https:\/\/piximat.com\/wp-content\/uploads\/2026\/02\/0bfc7468-2.png\" alt=\"\"><\/span>\n                <h3 class=\"u-align-center u-text u-text-default u-text-1\">La Prise&nbsp;<br>de Vue\n                <\/h3>\n                <p class=\"u-align-center u-custom-font u-heading-font u-text u-text-2\"> L'invit\u00e9 prend une photo normale devant la borne. Notre \u00e9clairage studio garantit une base parfaite pour l'IA.<\/p>\n              <\/div>\n            <\/div>\n            <div class=\"u-container-style u-list-item u-repeater-item\">\n              <div class=\"u-container-layout u-similar-container u-valign-top-lg u-valign-top-md u-valign-top-sm u-valign-top-xs u-container-layout-2\"><span class=\"u-align-center u-file-icon u-icon u-text-custom-color-7 u-icon-2\"><img decoding=\"async\" src=\"https:\/\/piximat.com\/wp-content\/uploads\/2026\/02\/f670f5cd-2.png\" alt=\"\"><\/span>\n                <h3 class=\"u-align-center u-text u-text-default u-text-3\">La&nbsp;<br>M\u00e9tamorphose\n                <\/h3>\n                <p class=\"u-align-center u-custom-font u-heading-font u-text u-text-4\"> En 20 \u00e0 25 secondes, l'Intelligence Artificielle traite l'image.&nbsp;<br>L'invit\u00e9 voit sa transformation se cr\u00e9er en direct sur l'\u00e9cran. Effet \"Whaou\" garanti.\n                <\/p>\n              <\/div>\n            <\/div>\n            <div class=\"u-container-style u-list-item u-repeater-item\">\n              <div class=\"u-container-layout u-similar-container u-valign-top-lg u-valign-top-md u-valign-top-sm u-valign-top-xs u-container-layout-3\"><span class=\"u-align-center u-file-icon u-icon u-text-custom-color-7 u-icon-3\"><img decoding=\"async\" src=\"https:\/\/piximat.com\/wp-content\/uploads\/2026\/02\/c3e3f0d1-2.png\" alt=\"\"><\/span>\n                <h3 class=\"u-align-center u-text u-text-default u-text-5\">Le Souvenir<br>Unique\n                <\/h3>\n                <p class=\"u-align-center u-custom-font u-heading-font u-text u-text-6\"> Le portrait g\u00e9n\u00e9r\u00e9 est imprim\u00e9 instantan\u00e9ment sur papier glac\u00e9 et peut \u00eatre partag\u00e9 imm\u00e9diatement via email.<\/p>\n              <\/div>\n            <\/div>\n          <\/div>\n        <\/div>\n      <\/div>\n    <\/section>\n    <section class=\"u-align-center u-clearfix u-container-align-center u-section-4\" id=\"block-5\">\n      <div class=\"u-clearfix u-sheet u-valign-middle u-sheet-1\">\n        <h2 class=\"u-align-center u-custom-font u-text u-text-custom-color-7 u-text-default u-text-1\">VOTRE IMAGINATION EST LA SEULE LIMITE.<\/h2>\n        <p class=\"u-align-center u-custom-font u-heading-font u-text u-text-2\"> Nous entra\u00eenons l'IA sp\u00e9cifiquement pour votre \u00e9v\u00e9nement.<\/p>\n        <div class=\"u-expanded-width u-gallery u-layout-grid u-lightbox u-show-text-on-hover u-gallery-1\">\n          <div class=\"u-gallery-inner u-gallery-inner-1\">\n            <div class=\"u-effect-fade u-gallery-item\">\n              <div class=\"u-back-slide\" data-image-width=\"1800\" data-image-height=\"1200\">\n                <img decoding=\"async\" class=\"u-back-image u-expanded\" src=\"https:\/\/piximat.com\/wp-content\/uploads\/2026\/02\/media_1748356986269-2.png\">\n              <\/div>\n              <div class=\"u-over-slide u-shading u-over-slide-1\"><\/div>\n            <\/div>\n            <div class=\"u-effect-fade u-gallery-item\">\n              <div class=\"u-back-slide\" data-image-width=\"1800\" data-image-height=\"1200\">\n                <img decoding=\"async\" class=\"u-back-image u-expanded\" src=\"https:\/\/piximat.com\/wp-content\/uploads\/2026\/02\/media_1748353594432-2.png\">\n              <\/div>\n              <div class=\"u-over-slide u-shading u-over-slide-2\"><\/div>\n            <\/div>\n            <div class=\"u-effect-fade u-gallery-item\">\n              <div class=\"u-back-slide\" data-image-width=\"1800\" data-image-height=\"1200\">\n                <img decoding=\"async\" class=\"u-back-image u-expanded\" src=\"https:\/\/piximat.com\/wp-content\/uploads\/2026\/02\/media_1748433611670-2.png\">\n              <\/div>\n              <div class=\"u-over-slide u-shading u-over-slide-3\"><\/div>\n            <\/div>\n            <div class=\"u-effect-fade u-gallery-item\">\n              <div class=\"u-back-slide\" data-image-width=\"1800\" data-image-height=\"1200\">\n                <img decoding=\"async\" class=\"u-back-image u-expanded\" src=\"https:\/\/piximat.com\/wp-content\/uploads\/2026\/02\/media_1748433629944-2.png\">\n              <\/div>\n              <div class=\"u-over-slide u-shading u-over-slide-4\"><\/div>\n            <\/div>\n            <div class=\"u-effect-fade u-gallery-item\">\n              <div class=\"u-back-slide\" data-image-width=\"1800\" data-image-height=\"1200\">\n                <img decoding=\"async\" class=\"u-back-image u-expanded\" src=\"https:\/\/piximat.com\/wp-content\/uploads\/2026\/02\/media_1748433593364-2.png\">\n              <\/div>\n              <div class=\"u-over-slide u-shading u-over-slide-5\"><\/div>\n            <\/div>\n            <div class=\"u-effect-fade u-gallery-item\">\n              <div class=\"u-back-slide\" data-image-width=\"1800\" data-image-height=\"1200\">\n                <img decoding=\"async\" class=\"u-back-image u-expanded\" src=\"https:\/\/piximat.com\/wp-content\/uploads\/2026\/02\/media_1748433586040-2.png\">\n              <\/div>\n              <div class=\"u-over-slide u-shading u-over-slide-6\"><\/div>\n            <\/div>\n          <\/div>\n        <\/div>\n      <\/div>\n    <\/section>\n    <section class=\"u-clearfix u-container-align-center u-section-5\" id=\"sec-d9c9\">\n      <div class=\"u-clearfix u-sheet u-valign-middle-xl u-sheet-1\">\n        <div class=\"data-layout-selected u-clearfix u-expanded-width u-gutter-0 u-layout-wrap u-layout-wrap-1\">\n          <div class=\"u-layout\" style=\"\">\n            <div class=\"u-layout-row\" style=\"\">\n              <div class=\"u-align-center u-container-align-center u-container-style u-image u-layout-cell u-left-cell u-size-30 u-size-xs-60 u-image-1\" src=\"\" data-image-width=\"1800\" data-image-height=\"1200\" style=\"background-image: url(&quot;https:\/\/piximat.com\/wp-content\/uploads\/2026\/02\/media_1748356993234-2.png&quot;);\">\n                <div class=\"u-container-layout u-valign-middle u-container-layout-1\" src=\"\"><\/div>\n              <\/div>\n              <div class=\"u-align-center u-container-align-center u-container-style u-custom-color-2 u-layout-cell u-right-cell u-size-30 u-size-xs-60 u-layout-cell-2\" src=\"\" data-image-width=\"1080\" data-image-height=\"1080\">\n                <div class=\"u-container-layout u-valign-middle-lg u-valign-middle-md u-valign-middle-sm u-valign-middle-xs u-container-layout-2\">\n                  <h2 class=\"u-align-center u-custom-font u-text u-text-custom-color-7 u-text-1\">UN RENDU&nbsp;<br>HAUTE D\u00c9FINITION.\n                  <\/h2>\n                  <p class=\"u-align-center u-custom-font u-heading-font u-text u-text-2\"> La qualit\u00e9 de la transformation d\u00e9pend de la&nbsp;<br>qualit\u00e9 de la photo originale.<br>\n                    <br>C'est pourquoi nous utilisons le m\u00eame mat\u00e9riel de prise de vue professionnel (Reflex + Flash Studio) que sur nos autres bornes.&nbsp;<br>\n                    <br>Le r\u00e9sultat final est une image <b>haute r\u00e9solution<\/b>, riche en d\u00e9tails, parfaite pour une impression sur notre papier photographique premium.\n                  <\/p>\n                <\/div>\n              <\/div>\n            <\/div>\n          <\/div>\n        <\/div>\n      <\/div>\n    <\/section>\n    <section class=\"u-align-center u-clearfix u-container-align-center u-custom-color-2 u-section-6\" id=\"block-6\">\n      <div class=\"u-clearfix u-sheet u-valign-middle-lg u-valign-middle-md u-valign-middle-sm u-valign-middle-xl u-sheet-1\">\n        <div class=\"u-expanded-width u-gallery u-layout-horizontal u-lightbox u-no-transition u-show-text-none u-width-fixed u-gallery-1\">\n          <div class=\"u-gallery-inner u-gallery-inner-1\"><div class=\"u-gallery-item u-gallery-item-1\"><div class=\"u-back-slide\" data-image-width=\"2000\" data-image-height=\"2000\"><img decoding=\"async\" class=\"u-back-image u-back-image-1\" src=\"https:\/\/piximat.com\/wp-content\/uploads\/2026\/02\/AI_Face_Swap_672e51b0-89f6-438b-b7f9-e7c0047b9f361-2.jpeg\">\n<\/div><div class=\"u-over-slide u-shading u-over-slide-1\"><\/div>\n<\/div><div class=\"u-gallery-item u-gallery-item-2\"><div class=\"u-back-slide\" data-image-width=\"709\" data-image-height=\"709\"><img decoding=\"async\" class=\"u-back-image u-back-image-2\" src=\"https:\/\/piximat.com\/wp-content\/uploads\/2026\/02\/Piximat_IA_Transformation1-2.jpg\">\n<\/div><div class=\"u-over-slide u-shading u-over-slide-2\"><\/div>\n<\/div><div class=\"u-gallery-item u-gallery-item-3\"><div class=\"u-back-slide\" data-image-width=\"1080\" data-image-height=\"1080\"><img decoding=\"async\" class=\"u-back-image u-back-image-3\" src=\"https:\/\/piximat.com\/wp-content\/uploads\/2026\/02\/style_pop_1-2.png\">\n<\/div><div class=\"u-over-slide u-shading u-over-slide-3\"><\/div>\n<\/div><div class=\"u-gallery-item u-gallery-item-4\"><div class=\"u-back-slide\" data-image-width=\"1800\" data-image-height=\"1800\"><img decoding=\"async\" class=\"u-back-image u-back-image-4\" src=\"https:\/\/piximat.com\/wp-content\/uploads\/2026\/02\/AI_Face_Switch_8_1-2.png\">\n<\/div><div class=\"u-over-slide u-shading u-over-slide-4\"><\/div>\n<\/div><div class=\"u-gallery-item u-gallery-item-5\"><div class=\"u-back-slide\" data-image-width=\"2160\" data-image-height=\"2160\"><img decoding=\"async\" class=\"u-back-image u-back-image-5\" src=\"https:\/\/piximat.com\/wp-content\/uploads\/2026\/02\/5-2.png\">\n<\/div><div class=\"u-over-slide u-shading u-over-slide-5\"><\/div>\n<\/div><div class=\"u-gallery-item u-gallery-item-6\"><div class=\"u-back-slide\" data-image-width=\"1080\" data-image-height=\"1080\"><img decoding=\"async\" class=\"u-back-image u-back-image-6\" src=\"https:\/\/piximat.com\/wp-content\/uploads\/2026\/02\/8-2.png\">\n<\/div><div class=\"u-over-slide u-shading u-over-slide-6\"><\/div>\n<\/div><\/div>\n          <a class=\"u-absolute-vcenter u-gallery-nav u-gallery-nav-prev u-grey-70 u-icon-circle u-opacity u-opacity-70 u-spacing-10 u-text-white u-gallery-nav-1\" href=\"#\" role=\"button\"><span aria-hidden=\"true\">\n              <svg viewBox=\"0 0 451.847 451.847\"><path d=\"M97.141,225.92c0-8.095,3.091-16.192,9.259-22.366L300.689,9.27c12.359-12.359,32.397-12.359,44.751,0\nc12.354,12.354,12.354,32.388,0,44.748L173.525,225.92l171.903,171.909c12.354,12.354,12.354,32.391,0,44.744\nc-12.354,12.365-32.386,12.365-44.745,0l-194.29-194.281C100.226,242.115,97.141,234.018,97.141,225.92z\"><\/path><\/svg><\/span><span class=\"sr-only\">\n              <svg viewBox=\"0 0 451.847 451.847\"><path d=\"M97.141,225.92c0-8.095,3.091-16.192,9.259-22.366L300.689,9.27c12.359-12.359,32.397-12.359,44.751,0\nc12.354,12.354,12.354,32.388,0,44.748L173.525,225.92l171.903,171.909c12.354,12.354,12.354,32.391,0,44.744\nc-12.354,12.365-32.386,12.365-44.745,0l-194.29-194.281C100.226,242.115,97.141,234.018,97.141,225.92z\"><\/path><\/svg><\/span>\n          <\/a>\n          <a class=\"u-absolute-vcenter u-gallery-nav u-gallery-nav-next u-grey-70 u-icon-circle u-opacity u-opacity-70 u-spacing-10 u-text-white u-gallery-nav-2\" href=\"#\" role=\"button\"><span aria-hidden=\"true\">\n              <svg viewBox=\"0 0 451.846 451.847\"><path d=\"M345.441,248.292L151.154,442.573c-12.359,12.365-32.397,12.365-44.75,0c-12.354-12.354-12.354-32.391,0-44.744\nL278.318,225.92L106.409,54.017c-12.354-12.359-12.354-32.394,0-44.748c12.354-12.359,32.391-12.359,44.75,0l194.287,194.284\nc6.177,6.18,9.262,14.271,9.262,22.366C354.708,234.018,351.617,242.115,345.441,248.292z\"><\/path><\/svg><\/span><span class=\"sr-only\">\n              <svg viewBox=\"0 0 451.846 451.847\"><path d=\"M345.441,248.292L151.154,442.573c-12.359,12.365-32.397,12.365-44.75,0c-12.354-12.354-12.354-32.391,0-44.744\nL278.318,225.92L106.409,54.017c-12.354-12.359-12.354-32.394,0-44.748c12.354-12.359,32.391-12.359,44.75,0l194.287,194.284\nc6.177,6.18,9.262,14.271,9.262,22.366C354.708,234.018,351.617,242.115,345.441,248.292z\"><\/path><\/svg><\/span>\n          <\/a>\n        <\/div>\n      <\/div>\n    <\/section>\n    <section class=\"u-align-center u-clearfix u-container-align-center u-section-7\" id=\"sec-ecde\">\n      <div class=\"u-clearfix u-sheet u-valign-middle u-sheet-1\">\n        <div class=\"data-layout-selected u-clearfix u-expanded-width u-gutter-22 u-layout-wrap u-layout-wrap-1\">\n          <div class=\"u-layout\">\n            <div class=\"u-layout-row\">\n              <div class=\"u-align-center u-container-align-center u-container-align-center-md u-container-align-center-sm u-container-align-center-xs u-container-align-left-lg u-container-align-left-xl u-container-style u-layout-cell u-right-cell u-shape-rectangle u-size-26-lg u-size-26-xl u-size-60-md u-size-60-sm u-size-60-xs u-layout-cell-1\">\n                <div class=\"u-container-layout u-container-layout-1\">\n                  <h2 class=\"u-custom-font u-text u-text-body-color u-text-default u-text-1\">VOTRE DATE EST-ELLE ENCORE DISPONIBLE ?<\/h2>\n                  <p class=\"u-align-center-md u-align-center-sm u-align-center-xs u-text u-text-default u-text-2\">Les agendas 2026 \/ 2027 se remplissent rapidement.<br>V\u00e9rifiez si nous pouvons faire partie de votre \u00e9v\u00e9nement.\n                  <\/p>\n                <\/div>\n              <\/div>\n              <div class=\"u-align-center u-container-align-center u-container-style u-layout-cell u-shape-rectangle u-size-34-lg u-size-34-xl u-size-60-md u-size-60-sm u-size-60-xs u-layout-cell-2\">\n                <div class=\"u-container-layout u-valign-top u-container-layout-2\">\n                  <div class=\"u-expanded-width u-form u-form-1\">\n                    <form action=\"https:\/\/service.nicepagesrv.com\/form\/v4\/form-process\" class=\"u-clearfix u-form-spacing-15 u-form-vertical u-inner-form\" style=\"padding: 0;\" source=\"email\" name=\"form\">\n                      <div class=\"u-form-date u-form-group u-form-group-1\">\n                        <label for=\"date-9b69\" class=\"u-label\">Date de votre \u00e9v\u00e9nement<\/label>\n                        <input type=\"text\" placeholder=\"MM\/JJ\/AAAA\" id=\"date-9b69\" name=\"date\" class=\"u-border-2 u-border-black u-border-no-left u-border-no-right u-border-no-top u-input u-input-rectangle\" required=\"\" data-date-format=\"mm\/dd\/yyyy\">\n                      <\/div>\n                      <div class=\"u-form-email u-form-group\">\n                        <label for=\"email-daf4\" class=\"u-label\">Email<\/label>\n                        <input type=\"email\" placeholder=\"Entrez une adresse email valide\" id=\"email-daf4\" name=\"email\" class=\"u-border-2 u-border-black u-border-no-left u-border-no-right u-border-no-top u-input u-input-rectangle\" required=\"\">\n                      <\/div>\n                      <div class=\"u-align-left u-form-group u-form-submit\">\n                        <a href=\"#\" class=\"u-active-palette-3-dark-1 u-border-none u-btn u-btn-round u-btn-submit u-button-style u-custom-color-7 u-hover-custom-color-3 u-radius-50 u-btn-1\">V\u00c9RIFIER LA DISPONIBILIT\u00c9<\/a>\n                        <input type=\"submit\" value=\"submit\" class=\"u-form-control-hidden\">\n                      <\/div>\n                      <div class=\"u-form-send-message u-form-send-success\">Merci ! Votre message a \u00e9t\u00e9 envoy\u00e9.<\/div>\n                      <div class=\"u-form-send-error u-form-send-message\">Impossible d'envoyer votre message. Merci de corriger les erreurs et r\u00e9essayer.<\/div>\n                      <input type=\"hidden\" value=\"\" name=\"recaptchaResponse\">\n                      <input type=\"hidden\" name=\"formServices\" value=\"c9e875d9-cd57-6bec-15cc-9fdcf2c1d27a\">\n                    <\/form>\n                  <\/div>\n                <\/div>\n              <\/div>\n            <\/div>\n          <\/div>\n        <\/div>\n      <\/div>\n    <\/section>\n    \n    \n    \n    \n    \n    \n  \n","protected":false},"excerpt":{"rendered":"<p>LE STUDIO IA. L&rsquo;IMPOSSIBLE&nbsp;DEVIENT R\u00c9ALIT\u00c9. Oubliez les simples filtres.&nbsp; Gr\u00e2ce \u00e0 l&rsquo;Intelligence Artificielle, transformez instantan\u00e9ment vos invit\u00e9s en \u0153uvres d&rsquo;art,&nbsp;h\u00e9ros de cin\u00e9ma ou voyageurs temporels. DE LA HAUTE COUTURE DIGITALE. Le Piximat IA ne se contente pas de prendre une photo, il la r\u00e9invente. Notre technologie analyse les traits de vos invit\u00e9s et g\u00e9n\u00e8re, en &hellip; <a href=\"https:\/\/piximat.com\/index.php\/pixibox-ia-7\/\" class=\"more-link\">Continue reading<span class=\"screen-reader-text\"> \u00ab\u00a0PixiBox IA\u00a0\u00bb<\/span><\/a><\/p>\n","protected":false},"author":1,"featured_media":0,"parent":0,"menu_order":6,"comment_status":"closed","ping_status":"closed","template":"","meta":{"footnotes":""},"class_list":["post-1342","page","type-page","status-publish","hentry"],"_links":{"self":[{"href":"https:\/\/piximat.com\/index.php\/wp-json\/wp\/v2\/pages\/1342","targetHints":{"allow":["GET"]}}],"collection":[{"href":"https:\/\/piximat.com\/index.php\/wp-json\/wp\/v2\/pages"}],"about":[{"href":"https:\/\/piximat.com\/index.php\/wp-json\/wp\/v2\/types\/page"}],"author":[{"embeddable":true,"href":"https:\/\/piximat.com\/index.php\/wp-json\/wp\/v2\/users\/1"}],"replies":[{"embeddable":true,"href":"https:\/\/piximat.com\/index.php\/wp-json\/wp\/v2\/comments?post=1342"}],"version-history":[{"count":1,"href":"https:\/\/piximat.com\/index.php\/wp-json\/wp\/v2\/pages\/1342\/revisions"}],"predecessor-version":[{"id":1358,"href":"https:\/\/piximat.com\/index.php\/wp-json\/wp\/v2\/pages\/1342\/revisions\/1358"}],"wp:attachment":[{"href":"https:\/\/piximat.com\/index.php\/wp-json\/wp\/v2\/media?parent=1342"}],"curies":[{"name":"wp","href":"https:\/\/api.w.org\/{rel}","templated":true}]}}