{"id":1341,"date":"2026-02-18T13:32:22","date_gmt":"2026-02-18T12:32:22","guid":{"rendered":"https:\/\/piximat.com\/index.php\/mariages-4\/"},"modified":"2026-02-18T13:32:29","modified_gmt":"2026-02-18T12:32:29","slug":"mariages-4","status":"publish","type":"page","link":"https:\/\/piximat.com\/index.php\/mariages-4\/","title":{"rendered":"Mariages"},"content":{"rendered":"\n  \n    <section class=\"u-align-center u-clearfix u-container-align-center u-image u-shading u-section-1\" id=\"block-1\" data-image-width=\"709\" data-image-height=\"949\" style=\"background-image: linear-gradient(0deg, rgba(0, 0, 0, 0.4), rgba(0, 0, 0, 0.4)), url(&quot;https:\/\/piximat.com\/wp-content\/uploads\/2026\/02\/PixiBox-Magazine-Mariage-2.jpg&quot;);\">\n      <div class=\"u-clearfix u-sheet u-valign-middle-lg u-valign-middle-md u-valign-middle-sm u-valign-middle-xs u-sheet-1\">\n        <h1 class=\"u-align-center u-custom-font u-text u-text-default u-title u-text-1\"> LE PLUS BEAU JOUR DE VOTRE VIE M\u00c9RITE LES PLUS BEAUX SOUVENIRS.<\/h1>\n        <p class=\"u-align-center u-custom-font u-heading-font u-large-text u-text u-text-variant u-text-2\"> Oubliez les accessoires en plastique et les photos floues.&nbsp;<br>Offrez \u00e0 vos invit\u00e9s une exp\u00e9rience studio \u00e9l\u00e9gante qui sublime&nbsp;<br>votre r\u00e9ception&nbsp;et capture la vraie magie de la f\u00eate.\n        <\/p>\n      <\/div>\n    <\/section>\n    <section class=\"u-align-center u-black u-clearfix u-container-align-center u-section-2\" id=\"sec-1ad4\">\n      <div class=\"u-clearfix u-sheet u-sheet-1\"><span class=\"u-custom-color-7 u-file-icon u-icon u-icon-circle u-icon-1\"><img decoding=\"async\" src=\"https:\/\/piximat.com\/wp-content\/uploads\/2026\/02\/a5765e52-2.png\" alt=\"\"><\/span>\n        <h2 class=\"u-custom-font u-text u-text-custom-color-7 u-text-1\"> PLUS QU'UNE ANIMATION, UN \u00c9L\u00c9MENT DE D\u00c9CORATION.<\/h2>\n        <h6 class=\"u-text u-text-default u-text-2\"> Nous savons combien de temps vous avez pass\u00e9 \u00e0 choisir vos fleurs,&nbsp;<br>votre lieu, votre ambiance.&nbsp;<br>\n          <br>Il est hors de question qu'une machine disgracieuse&nbsp;<br>vienne g\u00e2cher ce tableau.<br>\n          <br>Chez Piximat, nos bornes sont des objets design.&nbsp;<br>Du velours de la Box Magazine au panneaux d\u00e9cor du Pixibooth,&nbsp;<br>elles sont con\u00e7ues pour s'int\u00e9grer harmonieusement \u00e0 la&nbsp;<br>sc\u00e9nographie de votre mariage,&nbsp;<br>du vin d'honneur jusqu'au bout de la nuit.\"\n        <\/h6>\n      <\/div>\n    <\/section>\n    <section class=\"u-clearfix u-valign-middle-lg u-valign-middle-md u-valign-middle-xs u-section-3\" id=\"sec-396b\">\n      <h2 class=\"u-align-center u-custom-font u-text u-text-body-color u-text-default-lg u-text-default-md u-text-default-sm u-text-default-xl u-text-1\"> QUELLE EXP\u00c9RIENCE POUR VOTRE&nbsp;<br>GRAND JOUR ?\n      <\/h2>\n      <div class=\"custom-expanded u-expanded-width-lg u-expanded-width-md u-expanded-width-sm u-expanded-width-xl u-layout-horizontal u-list u-list-1\">\n        <div class=\"u-repeater u-repeater-1\">\n          <div class=\"u-container-style u-image u-list-item u-repeater-item u-shading u-image-1\" data-image-width=\"709\" data-image-height=\"754\" data-href=\"https:\/\/piximat.com\/index.php\/pixibooth-7\/\" title=\"D\u00e9couvrez PixiBooth\" style=\"background-image: linear-gradient(0deg, rgba(0, 0, 0, 0.25), rgba(0, 0, 0, 0.25)), url(&quot;https:\/\/piximat.com\/wp-content\/uploads\/2026\/02\/PixiBooth-Mariage-Extrieur-2025-2.jpg&quot;);\">\n            <div class=\"u-container-layout u-similar-container u-container-layout-1\">\n              <div class=\"u-container-style u-custom-color-7 u-expanded-width u-group u-group-1\">\n                <div class=\"u-container-layout u-container-layout-2\">\n                  <h3 class=\"u-align-left u-text u-text-2\"> LE CHARME R\u00c9TRO&nbsp;<br>Pixibooth\n                  <\/h3>\n                  <p class=\"u-align-left u-text u-text-default u-text-3\"> Pour un vin d'honneur Boh\u00e8me-Chic.<br>\n                    <br>L'authenticit\u00e9 de la cabine ferm\u00e9e pour des moments de complicit\u00e9 intimes et des souvenirs argentiques.\n                  <\/p>\n                <\/div>\n              <\/div>\n            <\/div>\n          <\/div>\n          <div class=\"u-container-style u-image u-list-item u-repeater-item u-shading u-image-2\" data-image-width=\"587\" data-image-height=\"627\" data-href=\"https:\/\/piximat.com\/index.php\/pixibox-magazine-7\/\" title=\"D\u00e9couvrez PixiBox Magazine\" style=\"background-image: linear-gradient(0deg, rgba(0, 0, 0, 0.25), rgba(0, 0, 0, 0.25)), url(&quot;https:\/\/piximat.com\/wp-content\/uploads\/2026\/02\/PixiBox-Magazine-Mariage-juin-2025-2.jpg&quot;);\">\n            <div class=\"u-container-layout u-similar-container u-container-layout-3\">\n              <div class=\"u-container-style u-custom-color-7 u-expanded-width u-group u-group-2\">\n                <div class=\"u-container-layout u-container-layout-4\">\n                  <h3 class=\"u-align-left u-text u-text-4\"> L'EFFET WHAOU&nbsp;<br>PixiBox Magazine\n                  <\/h3>\n                  <p class=\"u-align-left u-text u-text-default u-text-5\"> Pour une soir\u00e9e dansante \"Tapis Rouge\"<br>\n                    <br> Le studio immersif qui transforme vos invit\u00e9s en stars de la soir\u00e9e. Id\u00e9al pour lancer la f\u00eate apr\u00e8s le repas.<br>\n                    <br>\n                  <\/p>\n                <\/div>\n              <\/div>\n            <\/div>\n          <\/div>\n          <div class=\"u-container-style u-image u-list-item u-repeater-item u-shading u-image-3\" data-image-width=\"709\" data-image-height=\"619\" data-href=\"https:\/\/piximat.com\/index.php\/pixibox-mini-11\/\" title=\"D\u00e9couvrez Piximat Mini\" style=\"background-image: linear-gradient(0deg, rgba(0, 0, 0, 0.25), rgba(0, 0, 0, 0.25)), url(&quot;https:\/\/piximat.com\/wp-content\/uploads\/2026\/02\/Piximat-Mini-Mariage1-2.jpg&quot;);\">\n            <div class=\"u-container-layout u-similar-container u-container-layout-5\">\n              <div class=\"u-container-style u-custom-color-7 u-expanded-width u-group u-group-3\">\n                <div class=\"u-container-layout u-container-layout-6\">\n                  <h3 class=\"u-align-left u-text u-text-6\"> L'\u00c9L\u00c9GANCE DISCR\u00c8TE&nbsp;<br>Piximat Mini\n                  <\/h3>\n                  <p class=\"u-align-left u-text u-text-default u-text-7\"> Pour s'adapter \u00e0 tous les espaces.<br>\n                    <br>Un design \u00e9pur\u00e9 et une qualit\u00e9 studio dans un format compact qui trouve sa place partout.\n                  <\/p>\n                <\/div>\n              <\/div>\n            <\/div>\n          <\/div>\n        <\/div>\n        <a class=\"u-absolute-vcenter u-gallery-nav u-gallery-nav-prev u-icon-circle u-opacity u-opacity-70 u-spacing-10 u-white u-gallery-nav-1\" href=\"#\" role=\"button\"><span aria-hidden=\"true\">\n            <svg viewBox=\"0 0 451.847 451.847\"><path d=\"M97.141,225.92c0-8.095,3.091-16.192,9.259-22.366L300.689,9.27c12.359-12.359,32.397-12.359,44.751,0\nc12.354,12.354,12.354,32.388,0,44.748L173.525,225.92l171.903,171.909c12.354,12.354,12.354,32.391,0,44.744\nc-12.354,12.365-32.386,12.365-44.745,0l-194.29-194.281C100.226,242.115,97.141,234.018,97.141,225.92z\"><\/path><\/svg><\/span><span class=\"sr-only\">\n            <svg viewBox=\"0 0 451.847 451.847\"><path d=\"M97.141,225.92c0-8.095,3.091-16.192,9.259-22.366L300.689,9.27c12.359-12.359,32.397-12.359,44.751,0\nc12.354,12.354,12.354,32.388,0,44.748L173.525,225.92l171.903,171.909c12.354,12.354,12.354,32.391,0,44.744\nc-12.354,12.365-32.386,12.365-44.745,0l-194.29-194.281C100.226,242.115,97.141,234.018,97.141,225.92z\"><\/path><\/svg><\/span>\n        <\/a>\n        <a class=\"u-absolute-vcenter u-gallery-nav u-gallery-nav-next u-icon-circle u-opacity u-opacity-70 u-spacing-10 u-white u-gallery-nav-2\" href=\"#\" role=\"button\"><span aria-hidden=\"true\">\n            <svg viewBox=\"0 0 451.846 451.847\"><path d=\"M345.441,248.292L151.154,442.573c-12.359,12.365-32.397,12.365-44.75,0c-12.354-12.354-12.354-32.391,0-44.744\nL278.318,225.92L106.409,54.017c-12.354-12.359-12.354-32.394,0-44.748c12.354-12.359,32.391-12.359,44.75,0l194.287,194.284\nc6.177,6.18,9.262,14.271,9.262,22.366C354.708,234.018,351.617,242.115,345.441,248.292z\"><\/path><\/svg><\/span><span class=\"sr-only\">\n            <svg viewBox=\"0 0 451.846 451.847\"><path d=\"M345.441,248.292L151.154,442.573c-12.359,12.365-32.397,12.365-44.75,0c-12.354-12.354-12.354-32.391,0-44.744\nL278.318,225.92L106.409,54.017c-12.354-12.359-12.354-32.394,0-44.748c12.354-12.359,32.391-12.359,44.75,0l194.287,194.284\nc6.177,6.18,9.262,14.271,9.262,22.366C354.708,234.018,351.617,242.115,345.441,248.292z\"><\/path><\/svg><\/span>\n        <\/a>\n      <\/div>\n    <\/section>\n    <section class=\"u-clearfix u-container-align-center u-section-4\" id=\"sec-f0c0\">\n      <div class=\"u-clearfix u-sheet u-sheet-1\">\n        <div class=\"data-layout-selected u-clearfix u-expanded-width u-gutter-0 u-layout-wrap u-layout-wrap-1\">\n          <div class=\"u-layout\" style=\"\">\n            <div class=\"u-layout-row\" style=\"\">\n              <div class=\"u-align-center u-container-align-center u-container-style u-image u-layout-cell u-left-cell u-size-30 u-size-xs-60 u-image-1\" src=\"\" data-image-width=\"832\" data-image-height=\"1248\" style=\"background-image: url(&quot;https:\/\/piximat.com\/wp-content\/uploads\/2026\/02\/Livre-Dor-Piximat-Mariage-2.png&quot;);\">\n                <div class=\"u-container-layout u-valign-middle u-container-layout-1\" src=\"\"><\/div>\n              <\/div>\n              <div class=\"u-align-center u-container-align-center u-container-style u-custom-color-2 u-layout-cell u-right-cell u-size-30 u-size-xs-60 u-layout-cell-2\" src=\"\" data-image-width=\"1080\" data-image-height=\"1080\">\n                <div class=\"u-container-layout u-valign-middle-lg u-valign-middle-md u-valign-middle-sm u-container-layout-2\">\n                  <h2 class=\"u-align-center u-custom-font u-text u-text-custom-color-7 u-text-1\"> LE LIVRE D'OR DONT VOUS AVEZ TOUJOURS R\u00caV\u00c9.<\/h2>\n                  <p class=\"u-align-center u-custom-font u-heading-font u-text u-text-2\"> C'est le souvenir que vous ch\u00e9rirez le plus le&nbsp;<br>lendemain du mariage.<br>\n                    <br>Gr\u00e2ce \u00e0 l'impression en double exemplaire (une pour l'invit\u00e9, une pour vous), votre livre d'or se remplit&nbsp;<br>tout seul, en direct.&nbsp;<br>\n                    <br>Nous fournissons tout le n\u00e9cessaire : l'album \u00e9l\u00e9gant,&nbsp;<br>les feutres m\u00e9tallis\u00e9s, les adh\u00e9sifs et une table de pr\u00e9sentation chic.&nbsp;<br>\n                    <br>Vos invit\u00e9s s'amusent, et vous r\u00e9cup\u00e9rez un album rempli de visages heureux et de mots doux.\n                  <\/p>\n                <\/div>\n              <\/div>\n            <\/div>\n          <\/div>\n        <\/div>\n      <\/div>\n    <\/section>\n    <section class=\"u-align-left-md u-align-left-sm u-align-left-xs u-clearfix u-custom-typography u-section-5\" id=\"block-4\">\n      <div class=\"u-clearfix u-sheet u-valign-middle-lg u-valign-middle-sm u-valign-middle-xs u-sheet-1\">\n        <h2 class=\"u-align-center u-custom-font u-text u-text-body-color u-text-default u-text-1\"> \u00c0 VOS NOMS, \u00c0 VOS COULEURS.<\/h2>\n        <p class=\"u-align-center u-custom-font u-heading-font u-text u-text-2\"> De l'\u00e9cran d'accueil au tirage papier, en passant par l'habillage physique de la borne : nous personnalisons l'exp\u00e9rience pour qu'elle soit uniquement la v\u00f4tre.<\/p>\n        <div class=\"u-expanded-width-md u-expanded-width-sm u-expanded-width-xs u-list u-list-1\">\n          <div class=\"u-repeater u-repeater-1\">\n            <div class=\"u-align-center u-container-align-center u-container-style u-list-item u-repeater-item\">\n              <div class=\"u-container-layout u-similar-container u-valign-bottom-md u-valign-top-lg u-valign-top-sm u-valign-top-xs u-container-layout-1\">\n                <img decoding=\"async\" alt=\"\" class=\"u-expanded-width u-image u-image-default u-image-1\" data-image-width=\"567\" data-image-height=\"793\" src=\"https:\/\/piximat.com\/wp-content\/uploads\/2026\/02\/Cover-Magazine-Fashion-Piximat-Homepage-2.jpg?rand=93e8\">\n              <\/div>\n            <\/div>\n            <div class=\"u-align-center u-container-align-center u-container-style u-list-item u-repeater-item\">\n              <div class=\"u-container-layout u-similar-container u-valign-bottom-md u-valign-top-lg u-valign-top-sm u-valign-top-xs u-container-layout-2\">\n                <img decoding=\"async\" alt=\"\" class=\"u-expanded-width u-image u-image-default u-image-2\" data-image-width=\"709\" data-image-height=\"949\" src=\"https:\/\/piximat.com\/wp-content\/uploads\/2026\/02\/Piximat_Mini_Mariage_2025-2.jpg\">\n              <\/div>\n            <\/div>\n          <\/div>\n        <\/div>\n      <\/div>\n    <\/section>\n    <section class=\"u-align-center u-black u-clearfix u-container-align-center u-container-align-center-lg u-container-align-center-md u-container-align-center-sm u-container-align-center-xl u-section-6\" id=\"block-5\">\n      <div class=\"u-clearfix u-sheet u-valign-middle-lg u-valign-middle-md u-valign-middle-sm u-sheet-1\">\n        <h2 class=\"u-align-center u-custom-font u-text u-text-body-color u-text-default u-text-1\">VOTRE COUVERTURE SUR-MESURE<\/h2>\n        <h2 class=\"u-align-center u-subtitle u-text u-text-default u-text-2\"> Voici quelques exemples de designs cr\u00e9\u00e9s par notre studio pour vous inspirer.<\/h2>\n        <div class=\"custom-expanded u-expanded-width-lg u-expanded-width-md u-expanded-width-sm u-expanded-width-xl u-gallery u-layout-horizontal u-no-transition u-show-text-none u-width-fixed u-gallery-1\">\n          <div class=\"u-gallery-inner u-gallery-inner-1\"><div class=\"u-gallery-item u-gallery-item-1\"><div class=\"u-back-slide\" data-image-width=\"832\" data-image-height=\"1248\"><img decoding=\"async\" class=\"u-back-image u-back-image-1\" src=\"https:\/\/piximat.com\/wp-content\/uploads\/2026\/02\/PixiBox_Cover_Iconic_11-2.png\">\n<\/div><div class=\"u-over-slide u-shading u-over-slide-1\"><\/div>\n<\/div><div class=\"u-gallery-item u-gallery-item-2\"><div class=\"u-back-slide\" data-image-width=\"832\" data-image-height=\"1248\"><img decoding=\"async\" class=\"u-back-image u-back-image-2\" src=\"https:\/\/piximat.com\/wp-content\/uploads\/2026\/02\/PixiBox_Cover_Match_11-2.png\">\n<\/div><div class=\"u-over-slide u-shading u-over-slide-2\"><\/div>\n<\/div><div class=\"u-gallery-item u-gallery-item-3\"><div class=\"u-back-slide\" data-image-width=\"832\" data-image-height=\"1248\"><img decoding=\"async\" class=\"u-back-image u-back-image-3\" src=\"https:\/\/piximat.com\/wp-content\/uploads\/2026\/02\/PixiBox_Cover_Vanity_Love_11-2.png\">\n<\/div><div class=\"u-over-slide u-shading u-over-slide-3\"><\/div>\n<\/div><div class=\"u-gallery-item u-gallery-item-4\"><div class=\"u-back-slide\" data-image-width=\"832\" data-image-height=\"1248\"><img decoding=\"async\" class=\"u-back-image u-back-image-4\" src=\"https:\/\/piximat.com\/wp-content\/uploads\/2026\/02\/PixiBox_Cover_Vanity_Love_21-2.png\">\n<\/div><div class=\"u-over-slide u-shading u-over-slide-4\"><\/div>\n<\/div><div class=\"u-gallery-item u-gallery-item-5\"><div class=\"u-back-slide\" data-image-width=\"832\" data-image-height=\"1248\"><img decoding=\"async\" class=\"u-back-image u-back-image-5\" src=\"https:\/\/piximat.com\/wp-content\/uploads\/2026\/02\/PixiBox_Cover_Vanity_Iconic_21-2.png\">\n<\/div><div class=\"u-over-slide u-shading u-over-slide-5\"><\/div>\n<\/div><div class=\"u-gallery-item u-gallery-item-6\"><div class=\"u-back-slide\" data-image-width=\"832\" data-image-height=\"1248\"><img decoding=\"async\" class=\"u-back-image u-back-image-6\" src=\"https:\/\/piximat.com\/wp-content\/uploads\/2026\/02\/PixiBox_Cover_Vanity_Love_31-2.png\">\n<\/div><div class=\"u-over-slide u-shading u-over-slide-6\"><\/div>\n<\/div><\/div>\n          <a class=\"u-absolute-vcenter u-gallery-nav u-gallery-nav-prev u-grey-70 u-icon-circle u-opacity u-opacity-70 u-spacing-10 u-text-white u-gallery-nav-1\" href=\"#\" role=\"button\"><span aria-hidden=\"true\">\n              <svg viewBox=\"0 0 451.847 451.847\"><path d=\"M97.141,225.92c0-8.095,3.091-16.192,9.259-22.366L300.689,9.27c12.359-12.359,32.397-12.359,44.751,0\nc12.354,12.354,12.354,32.388,0,44.748L173.525,225.92l171.903,171.909c12.354,12.354,12.354,32.391,0,44.744\nc-12.354,12.365-32.386,12.365-44.745,0l-194.29-194.281C100.226,242.115,97.141,234.018,97.141,225.92z\"><\/path><\/svg><\/span><span class=\"sr-only\">\n              <svg viewBox=\"0 0 451.847 451.847\"><path d=\"M97.141,225.92c0-8.095,3.091-16.192,9.259-22.366L300.689,9.27c12.359-12.359,32.397-12.359,44.751,0\nc12.354,12.354,12.354,32.388,0,44.748L173.525,225.92l171.903,171.909c12.354,12.354,12.354,32.391,0,44.744\nc-12.354,12.365-32.386,12.365-44.745,0l-194.29-194.281C100.226,242.115,97.141,234.018,97.141,225.92z\"><\/path><\/svg><\/span>\n          <\/a>\n          <a class=\"u-absolute-vcenter-lg u-absolute-vcenter-md u-absolute-vcenter-sm u-absolute-vcenter-xl u-gallery-nav u-gallery-nav-next u-grey-70 u-icon-circle u-opacity u-opacity-70 u-spacing-10 u-text-white u-gallery-nav-2\" href=\"#\" role=\"button\"><span aria-hidden=\"true\">\n              <svg viewBox=\"0 0 451.846 451.847\"><path d=\"M345.441,248.292L151.154,442.573c-12.359,12.365-32.397,12.365-44.75,0c-12.354-12.354-12.354-32.391,0-44.744\nL278.318,225.92L106.409,54.017c-12.354-12.359-12.354-32.394,0-44.748c12.354-12.359,32.391-12.359,44.75,0l194.287,194.284\nc6.177,6.18,9.262,14.271,9.262,22.366C354.708,234.018,351.617,242.115,345.441,248.292z\"><\/path><\/svg><\/span><span class=\"sr-only\">\n              <svg viewBox=\"0 0 451.846 451.847\"><path d=\"M345.441,248.292L151.154,442.573c-12.359,12.365-32.397,12.365-44.75,0c-12.354-12.354-12.354-32.391,0-44.744\nL278.318,225.92L106.409,54.017c-12.354-12.359-12.354-32.394,0-44.748c12.354-12.359,32.391-12.359,44.75,0l194.287,194.284\nc6.177,6.18,9.262,14.271,9.262,22.366C354.708,234.018,351.617,242.115,345.441,248.292z\"><\/path><\/svg><\/span>\n          <\/a>\n        <\/div>\n      <\/div>\n    <\/section>\n    <section class=\"u-align-center u-clearfix u-container-align-center u-section-7\" id=\"sec-cde1\">\n      <div class=\"u-clearfix u-sheet u-valign-middle-lg u-valign-middle-md u-valign-middle-sm u-valign-middle-xl u-sheet-1\">\n        <div class=\"data-layout-selected u-clearfix u-expanded-width u-gutter-22 u-layout-wrap u-layout-wrap-1\">\n          <div class=\"u-layout\">\n            <div class=\"u-layout-row\">\n              <div class=\"u-align-center u-container-align-center u-container-align-center-md u-container-align-center-sm u-container-align-center-xs u-container-align-left-lg u-container-align-left-xl u-container-style u-layout-cell u-right-cell u-shape-rectangle u-size-26-lg u-size-26-xl u-size-60-md u-size-60-sm u-size-60-xs u-layout-cell-1\">\n                <div class=\"u-container-layout u-container-layout-1\">\n                  <h2 class=\"u-custom-font u-text u-text-body-color u-text-default u-text-1\">VOTRE DATE EST-ELLE ENCORE DISPONIBLE ?<\/h2>\n                  <p class=\"u-align-center-md u-align-center-sm u-align-center-xs u-text u-text-default u-text-2\">Les agendas 2026 \/ 2027 se remplissent rapidement.<br>V\u00e9rifiez si nous pouvons faire partie de votre \u00e9v\u00e9nement.\n                  <\/p>\n                <\/div>\n              <\/div>\n              <div class=\"u-align-center u-container-align-center u-container-style u-layout-cell u-shape-rectangle u-size-34-lg u-size-34-xl u-size-60-md u-size-60-sm u-size-60-xs u-layout-cell-2\">\n                <div class=\"u-container-layout u-valign-top u-container-layout-2\">\n                  <div class=\"u-expanded-width u-form u-form-1\">\n                    <form action=\"https:\/\/service.nicepagesrv.com\/form\/v4\/form-process\" class=\"u-clearfix u-form-spacing-15 u-form-vertical u-inner-form\" style=\"padding: 0;\" source=\"email\" name=\"form\">\n                      <div class=\"u-form-date u-form-group u-form-group-1\">\n                        <label for=\"date-9b69\" class=\"u-label\">Date de votre \u00e9v\u00e9nement<\/label>\n                        <input type=\"text\" placeholder=\"MM\/JJ\/AAAA\" id=\"date-9b69\" name=\"date\" class=\"u-border-2 u-border-black u-border-no-left u-border-no-right u-border-no-top u-input u-input-rectangle\" required=\"\" data-date-format=\"mm\/dd\/yyyy\">\n                      <\/div>\n                      <div class=\"u-form-email u-form-group\">\n                        <label for=\"email-daf4\" class=\"u-label\">Email<\/label>\n                        <input type=\"email\" placeholder=\"Entrez une adresse email valide\" id=\"email-daf4\" name=\"email\" class=\"u-border-2 u-border-black u-border-no-left u-border-no-right u-border-no-top u-input u-input-rectangle\" required=\"\">\n                      <\/div>\n                      <div class=\"u-align-left u-form-group u-form-submit\">\n                        <a href=\"#\" class=\"u-active-palette-3-dark-1 u-border-none u-btn u-btn-round u-btn-submit u-button-style u-custom-color-7 u-hover-custom-color-3 u-radius-50 u-btn-1\">V\u00c9RIFIER LA DISPONIBILIT\u00c9<\/a>\n                        <input type=\"submit\" value=\"submit\" class=\"u-form-control-hidden\">\n                      <\/div>\n                      <div class=\"u-form-send-message u-form-send-success\">Merci ! Votre message a \u00e9t\u00e9 envoy\u00e9.<\/div>\n                      <div class=\"u-form-send-error u-form-send-message\">Impossible d'envoyer votre message. Merci de corriger les erreurs et r\u00e9essayer.<\/div>\n                      <input type=\"hidden\" value=\"\" name=\"recaptchaResponse\">\n                      <input type=\"hidden\" name=\"formServices\" value=\"c9e875d9-cd57-6bec-15cc-9fdcf2c1d27a\">\n                    <\/form>\n                  <\/div>\n                <\/div>\n              <\/div>\n            <\/div>\n          <\/div>\n        <\/div>\n      <\/div>\n    <\/section>\n    \n    \n    \n    \n    \n    \n  \n","protected":false},"excerpt":{"rendered":"<p>LE PLUS BEAU JOUR DE VOTRE VIE M\u00c9RITE LES PLUS BEAUX SOUVENIRS. Oubliez les accessoires en plastique et les photos floues.&nbsp;Offrez \u00e0 vos invit\u00e9s une exp\u00e9rience studio \u00e9l\u00e9gante qui sublime&nbsp;votre r\u00e9ception&nbsp;et capture la vraie magie de la f\u00eate. PLUS QU&rsquo;UNE ANIMATION, UN \u00c9L\u00c9MENT DE D\u00c9CORATION. Nous savons combien de temps vous avez pass\u00e9 \u00e0 choisir &hellip; <a href=\"https:\/\/piximat.com\/index.php\/mariages-4\/\" class=\"more-link\">Continue reading<span class=\"screen-reader-text\"> \u00ab\u00a0Mariages\u00a0\u00bb<\/span><\/a><\/p>\n","protected":false},"author":1,"featured_media":0,"parent":0,"menu_order":5,"comment_status":"closed","ping_status":"closed","template":"","meta":{"footnotes":""},"class_list":["post-1341","page","type-page","status-publish","hentry"],"_links":{"self":[{"href":"https:\/\/piximat.com\/index.php\/wp-json\/wp\/v2\/pages\/1341","targetHints":{"allow":["GET"]}}],"collection":[{"href":"https:\/\/piximat.com\/index.php\/wp-json\/wp\/v2\/pages"}],"about":[{"href":"https:\/\/piximat.com\/index.php\/wp-json\/wp\/v2\/types\/page"}],"author":[{"embeddable":true,"href":"https:\/\/piximat.com\/index.php\/wp-json\/wp\/v2\/users\/1"}],"replies":[{"embeddable":true,"href":"https:\/\/piximat.com\/index.php\/wp-json\/wp\/v2\/comments?post=1341"}],"version-history":[{"count":1,"href":"https:\/\/piximat.com\/index.php\/wp-json\/wp\/v2\/pages\/1341\/revisions"}],"predecessor-version":[{"id":1357,"href":"https:\/\/piximat.com\/index.php\/wp-json\/wp\/v2\/pages\/1341\/revisions\/1357"}],"wp:attachment":[{"href":"https:\/\/piximat.com\/index.php\/wp-json\/wp\/v2\/media?parent=1341"}],"curies":[{"name":"wp","href":"https:\/\/api.w.org\/{rel}","templated":true}]}}