{"id":1340,"date":"2026-02-18T13:32:21","date_gmt":"2026-02-18T12:32:21","guid":{"rendered":"https:\/\/piximat.com\/index.php\/pixibooth-7\/"},"modified":"2026-02-18T13:32:28","modified_gmt":"2026-02-18T12:32:28","slug":"pixibooth-7","status":"publish","type":"page","link":"https:\/\/piximat.com\/index.php\/pixibooth-7\/","title":{"rendered":"PixiBooth"},"content":{"rendered":"\n   \n    <section class=\"u-clearfix u-container-align-center u-section-1\" id=\"sec-5688\">\n      <div class=\"u-clearfix u-sheet u-valign-middle u-sheet-1\">\n        <div class=\"data-layout-selected u-clearfix u-expanded-width u-gutter-10 u-layout-wrap u-layout-wrap-1\">\n          <div class=\"u-layout\" style=\"\">\n            <div class=\"u-layout-row\" style=\"\">\n              <div class=\"u-align-left u-container-align-left u-container-style u-image u-layout-cell u-left-cell u-size-30 u-size-xs-60 u-image-1\" src=\"\" data-image-width=\"709\" data-image-height=\"742\" style=\"background-image: url(&quot;https:\/\/piximat.com\/wp-content\/uploads\/2026\/02\/PixiBooth_Loft1-2.jpg&quot;);\">\n                <div class=\"u-container-layout u-valign-middle u-container-layout-1\" src=\"\"><\/div>\n              <\/div>\n              <div class=\"u-align-left u-black u-container-align-left u-container-style u-layout-cell u-right-cell u-size-30 u-size-xs-60 u-layout-cell-2\">\n                <div class=\"u-container-layout u-valign-middle-lg u-valign-middle-md u-valign-middle-sm u-container-layout-2\">\n                  <h2 class=\"u-align-left u-custom-font u-text u-text-body-color u-text-default-lg u-text-default-md u-text-default-sm u-text-default-xl u-text-1\"> L'AUTHENTIQUE CABINE VINTAGE.<\/h2>\n                  <p class=\"u-align-left u-custom-font u-heading-font u-text u-text-2\"> Retrouvez le charme du photomaton d'antan, revisit\u00e9 avec des mat\u00e9riaux nobles et modernes.&nbsp;<br>\n                    <br>Le mariage parfait du style industriel et du confort.\n                  <\/p>\n                <\/div>\n              <\/div>\n            <\/div>\n          <\/div>\n        <\/div>\n      <\/div>\n    <\/section>\n    <section class=\"u-clearfix u-container-align-center u-section-2\" id=\"sec-bed8\">\n      <div class=\"u-clearfix u-sheet u-valign-middle-lg u-valign-middle-md u-valign-middle-sm u-sheet-1\">\n        <div class=\"data-layout-selected u-clearfix u-expanded-width u-gutter-10 u-layout-wrap u-layout-wrap-1\">\n          <div class=\"u-gutter-0 u-layout\">\n            <div class=\"u-layout-row\">\n              <div class=\"u-size-32-sm u-size-32-xs u-size-35-lg u-size-35-xl u-size-60-md\">\n                <div class=\"u-layout-row\">\n                  <div class=\"u-align-left u-black u-container-align-left u-container-style u-layout-cell u-right-cell u-size-60 u-layout-cell-1\">\n                    <div class=\"u-container-layout u-valign-middle-lg u-valign-middle-md u-valign-middle-sm u-valign-middle-xs u-container-layout-1\">\n                      <h2 class=\"u-align-left u-custom-font u-text u-text-body-color u-text-1\"> DESIGN N\u00c9O-R\u00c9TRO ET MAT\u00c9RIAUX PREMIUM.<\/h2>\n                      <p class=\"u-align-left u-custom-font u-heading-font u-text u-text-2\"> Le Pixibooth est la rencontre entre la robustesse moderne et le charme de l'ancien.<br>\n                        <br>Sa <b>structure en aluminium<\/b> lui conf\u00e8re une solidit\u00e9 et une l\u00e9g\u00e8ret\u00e9 id\u00e9ales pour s'installer partout, tandis que ses panneaux d'habillage en <b>bois peint<\/b> (finition soign\u00e9e) et ses <b>rideaux en velours \u00e9pais<\/b> apportent cette touche de chaleur et d'\u00e9l\u00e9gance intemporelle.<br>\n                        <br>Plus qu'une cabine photo, c'est un meuble design qui sublime votre d\u00e9coration.\n                      <\/p>\n                    <\/div>\n                  <\/div>\n                <\/div>\n              <\/div>\n              <div class=\"u-size-25-lg u-size-25-xl u-size-28-sm u-size-28-xs u-size-60-md\">\n                <div class=\"u-layout-col\">\n                  <div class=\"u-size-60\">\n                    <div class=\"u-layout-row\">\n                      <div class=\"u-align-left u-container-align-left u-container-style u-image u-layout-cell u-left-cell u-size-60 u-image-1\" src=\"\" data-image-width=\"709\" data-image-height=\"880\" style=\"background-image: url(&quot;https:\/\/piximat.com\/wp-content\/uploads\/2026\/02\/PixiBooth_Dcor-2.jpg&quot;);\">\n                        <div class=\"u-container-layout u-valign-middle u-container-layout-2\" src=\"\"><\/div>\n                      <\/div>\n                    <\/div>\n                  <\/div>\n                <\/div>\n              <\/div>\n            <\/div>\n          <\/div>\n        <\/div>\n      <\/div>\n    <\/section>\n    <section class=\"u-clearfix u-container-align-center u-section-3\" id=\"sec-b784\">\n      <div class=\"u-clearfix u-sheet u-valign-middle-lg u-valign-middle-sm u-valign-middle-xl u-sheet-1\">\n        <div class=\"data-layout-selected u-clearfix u-expanded-width u-gutter-10 u-layout-wrap u-layout-wrap-1\">\n          <div class=\"u-gutter-0 u-layout\">\n            <div class=\"u-layout-row\">\n              <div class=\"u-size-28-lg u-size-28-xl u-size-32-sm u-size-32-xs u-size-60-md\">\n                <div class=\"u-layout-row\">\n                  <div class=\"u-align-left u-black u-container-align-left u-container-style u-layout-cell u-right-cell u-size-60 u-layout-cell-1\">\n                    <div class=\"u-container-layout u-valign-middle-lg u-valign-middle-sm u-container-layout-1\">\n                      <h2 class=\"u-align-left u-custom-font u-text u-text-body-color u-text-1\"> L'INTIMIT\u00c9 D'UN \u00c9CRIN DE VELOURS.<\/h2>\n                      <p class=\"u-align-left u-custom-font u-heading-font u-text u-text-2\"> C'est la magie unique des cabines ferm\u00e9es.&nbsp;<br>\n                        <br>Une fois le lourd rideau de velours tir\u00e9, vos invit\u00e9s entrent dans leur bulle.<br>\n                        <br>L'atmosph\u00e8re feutr\u00e9e et cosy cr\u00e9e une d\u00e9sinhibition imm\u00e9diate : les grimaces sont plus franches, les fous rires plus intenses et les baisers plus spontan\u00e9s.&nbsp;<br>\n                        <br>Le Pixibooth capture ces moments de pure complicit\u00e9, \u00e0 l'abri des regards.\n                      <\/p>\n                    <\/div>\n                  <\/div>\n                <\/div>\n              <\/div>\n              <div class=\"u-size-28-sm u-size-28-xs u-size-32-lg u-size-32-xl u-size-60-md\">\n                <div class=\"u-layout-col\">\n                  <div class=\"u-size-60\">\n                    <div class=\"u-layout-row\">\n                      <div class=\"u-align-left u-container-align-left u-container-style u-image u-layout-cell u-left-cell u-size-60 u-image-1\" src=\"\" data-image-width=\"709\" data-image-height=\"742\" style=\"background-image: url(&quot;https:\/\/piximat.com\/wp-content\/uploads\/2026\/02\/PixiBooth_intrieur-2.jpg&quot;);\">\n                        <div class=\"u-container-layout u-valign-middle u-container-layout-2\" src=\"\"><\/div>\n                      <\/div>\n                    <\/div>\n                  <\/div>\n                <\/div>\n              <\/div>\n            <\/div>\n          <\/div>\n        <\/div>\n      <\/div>\n    <\/section>\n    <section class=\"u-align-center u-clearfix u-container-align-center u-section-4\" id=\"sec-2bcd\">\n      <div class=\"u-align-left u-clearfix u-sheet u-valign-middle u-sheet-1\">\n        <div class=\"u-expanded-width u-list u-list-1\">\n          <div class=\"u-repeater u-repeater-1\">\n            <div class=\"u-container-align-center u-container-style u-list-item u-repeater-item\">\n              <div class=\"u-container-layout u-similar-container u-valign-top-lg u-valign-top-md u-valign-top-sm u-valign-top-xs u-container-layout-1\"><span class=\"u-align-center u-file-icon u-icon u-text-custom-color-7 u-icon-1\"><img decoding=\"async\" src=\"https:\/\/piximat.com\/wp-content\/uploads\/2026\/02\/36f2e351-2.png\" alt=\"\"><\/span>\n                <h3 class=\"u-align-center u-text u-text-default u-text-1\">Qualit\u00e9<br>Studio\n                <\/h3>\n                <p class=\"u-align-center u-custom-font u-heading-font u-text u-text-2\"> Sous le style r\u00e9tro se cache un \u00e9quipement professionnel de derni\u00e8re g\u00e9n\u00e9ration (Reflex Canon, flash studio) pour des photos nettes et \u00e9clatantes.<\/p>\n              <\/div>\n            <\/div>\n            <div class=\"u-container-style u-list-item u-repeater-item\">\n              <div class=\"u-container-layout u-similar-container u-valign-top-lg u-valign-top-md u-valign-top-sm u-valign-top-xs u-container-layout-2\"><span class=\"u-align-center u-file-icon u-icon u-text-custom-color-7 u-icon-2\"><img decoding=\"async\" src=\"https:\/\/piximat.com\/wp-content\/uploads\/2026\/02\/0dddf0e9-2.png\" alt=\"\"><\/span>\n                <h3 class=\"u-align-center u-text u-text-default u-text-3\">\u00c9cran Tactile<br>Intuitif\n                <\/h3>\n                <p class=\"u-align-center u-custom-font u-heading-font u-text u-text-4\"> Une interface moderne et simple \u00e0 l'int\u00e9rieur pour lancer le d\u00e9compte, se voir en direct et choisir ses options.<\/p>\n              <\/div>\n            <\/div>\n            <div class=\"u-container-style u-list-item u-repeater-item\">\n              <div class=\"u-container-layout u-similar-container u-valign-top-lg u-valign-top-md u-valign-top-sm u-valign-top-xs u-container-layout-3\"><span class=\"u-align-center u-file-icon u-icon u-text-custom-color-7 u-icon-3\"><img decoding=\"async\" src=\"https:\/\/piximat.com\/wp-content\/uploads\/2026\/02\/ec799723-2.png\" alt=\"\"><\/span>\n                <h3 class=\"u-align-center u-text u-text-default u-text-5\">Impression<br>Instantan\u00e9e\n                <\/h3>\n                <p class=\"u-align-center u-custom-font u-heading-font u-text u-text-6\"> Repartez imm\u00e9diatement avec votre tirage sur papier glac\u00e9 professionnel. Le souvenir tangible d'une soir\u00e9e inoubliable.<\/p>\n              <\/div>\n            <\/div>\n          <\/div>\n        <\/div>\n      <\/div>\n    <\/section>\n    <section class=\"u-align-center u-clearfix u-container-align-center u-section-5\" id=\"sec-0367\">\n      <div class=\"u-clearfix u-sheet u-valign-middle-lg u-valign-middle-md u-valign-middle-sm u-valign-middle-xs u-sheet-1\">\n        <h2 class=\"u-align-center u-custom-font u-text u-text-body-color u-text-default u-text-1\"> UNE CABINE QUI SE FOND DANS VOTRE D\u00c9COR.<\/h2>\n        <p class=\"u-align-center u-custom-font u-heading-font u-text u-text-2\"> Gr\u00e2ce \u00e0 son design n\u00e9o-r\u00e9tro intemporel, le Pixibooth s'habille selon votre th\u00e8me. Compositions florales, guirlandes lumineuses ou mise en sc\u00e8ne vintage :&nbsp;<br>il devient la pi\u00e8ce ma\u00eetresse de votre sc\u00e9nographie.\n        <\/p>\n        <div class=\"u-expanded-width u-gallery u-layout-grid u-lightbox u-show-text-on-hover u-gallery-1\">\n          <div class=\"u-gallery-inner u-gallery-inner-1\">\n            <div class=\"u-effect-fade u-gallery-item\">\n              <div class=\"u-back-slide\" data-image-width=\"709\" data-image-height=\"742\">\n                <img decoding=\"async\" class=\"u-back-image u-expanded\" src=\"https:\/\/piximat.com\/wp-content\/uploads\/2026\/02\/PixiBooth-Mariage-Extrieur1-2.jpg\">\n              <\/div>\n              <div class=\"u-over-slide u-shading u-over-slide-1\"><\/div>\n            <\/div>\n            <div class=\"u-effect-fade u-gallery-item\">\n              <div class=\"u-back-slide\" data-image-width=\"709\" data-image-height=\"742\">\n                <img decoding=\"async\" class=\"u-back-image u-expanded\" src=\"https:\/\/piximat.com\/wp-content\/uploads\/2026\/02\/PixiBooth_Bar_A_Vin-2.jpg\">\n              <\/div>\n              <div class=\"u-over-slide u-shading u-over-slide-2\"><\/div>\n            <\/div>\n            <div class=\"u-effect-fade u-gallery-item\">\n              <div class=\"u-back-slide\" data-image-width=\"709\" data-image-height=\"742\">\n                <img decoding=\"async\" class=\"u-back-image u-expanded\" src=\"https:\/\/piximat.com\/wp-content\/uploads\/2026\/02\/Pixibooth_mairgae-2.jpg\">\n              <\/div>\n              <div class=\"u-over-slide u-shading u-over-slide-3\"><\/div>\n            <\/div>\n          <\/div>\n        <\/div>\n      <\/div>\n    <\/section>\n    <section class=\"u-align-center u-clearfix u-container-align-center u-section-6\" id=\"sec-337c\">\n      <div class=\"u-clearfix u-sheet u-valign-middle u-sheet-1\">\n        <div class=\"data-layout-selected u-clearfix u-expanded-width u-gutter-22 u-layout-wrap u-layout-wrap-1\">\n          <div class=\"u-layout\">\n            <div class=\"u-layout-row\">\n              <div class=\"u-align-center u-container-align-center u-container-align-center-md u-container-align-center-sm u-container-align-center-xs u-container-align-left-lg u-container-align-left-xl u-container-style u-layout-cell u-right-cell u-shape-rectangle u-size-26-lg u-size-26-xl u-size-60-md u-size-60-sm u-size-60-xs u-layout-cell-1\">\n                <div class=\"u-container-layout u-container-layout-1\">\n                  <h2 class=\"u-custom-font u-text u-text-body-color u-text-default u-text-1\">VOTRE DATE EST-ELLE ENCORE DISPONIBLE ?<\/h2>\n                  <p class=\"u-align-center-md u-align-center-sm u-align-center-xs u-text u-text-default u-text-2\">Les agendas 2026 \/ 2027 se remplissent rapidement.<br>V\u00e9rifiez si nous pouvons faire partie de votre \u00e9v\u00e9nement.\n                  <\/p>\n                <\/div>\n              <\/div>\n              <div class=\"u-align-center u-container-align-center u-container-style u-layout-cell u-shape-rectangle u-size-34-lg u-size-34-xl u-size-60-md u-size-60-sm u-size-60-xs u-layout-cell-2\">\n                <div class=\"u-container-layout u-valign-top u-container-layout-2\">\n                  <div class=\"u-expanded-width u-form u-form-1\">\n                    <form action=\"https:\/\/service.nicepagesrv.com\/form\/v4\/form-process\" class=\"u-clearfix u-form-spacing-15 u-form-vertical u-inner-form\" style=\"padding: 0;\" source=\"email\" name=\"form\">\n                      <div class=\"u-form-date u-form-group u-form-group-1\">\n                        <label for=\"date-9b69\" class=\"u-label\">Date de votre \u00e9v\u00e9nement<\/label>\n                        <input type=\"text\" placeholder=\"MM\/JJ\/AAAA\" id=\"date-9b69\" name=\"date\" class=\"u-border-2 u-border-black u-border-no-left u-border-no-right u-border-no-top u-input u-input-rectangle\" required=\"\" data-date-format=\"mm\/dd\/yyyy\">\n                      <\/div>\n                      <div class=\"u-form-email u-form-group\">\n                        <label for=\"email-daf4\" class=\"u-label\">Email<\/label>\n                        <input type=\"email\" placeholder=\"Entrez une adresse email valide\" id=\"email-daf4\" name=\"email\" class=\"u-border-2 u-border-black u-border-no-left u-border-no-right u-border-no-top u-input u-input-rectangle\" required=\"\">\n                      <\/div>\n                      <div class=\"u-align-left u-form-group u-form-submit\">\n                        <a href=\"#\" class=\"u-active-palette-3-dark-1 u-border-none u-btn u-btn-round u-btn-submit u-button-style u-custom-color-7 u-hover-custom-color-3 u-radius-50 u-btn-1\">V\u00c9RIFIER LA DISPONIBILIT\u00c9<\/a>\n                        <input type=\"submit\" value=\"submit\" class=\"u-form-control-hidden\">\n                      <\/div>\n                      <div class=\"u-form-send-message u-form-send-success\">Merci ! Votre message a \u00e9t\u00e9 envoy\u00e9.<\/div>\n                      <div class=\"u-form-send-error u-form-send-message\">Impossible d'envoyer votre message. Merci de corriger les erreurs et r\u00e9essayer.<\/div>\n                      <input type=\"hidden\" value=\"\" name=\"recaptchaResponse\">\n                      <input type=\"hidden\" name=\"formServices\" value=\"c9e875d9-cd57-6bec-15cc-9fdcf2c1d27a\">\n                    <\/form>\n                  <\/div>\n                <\/div>\n              <\/div>\n            <\/div>\n          <\/div>\n        <\/div>\n      <\/div>\n    <\/section>\n    \n    \n    \n    \n    \n    \n  \n","protected":false},"excerpt":{"rendered":"<p>L&rsquo;AUTHENTIQUE CABINE VINTAGE. Retrouvez le charme du photomaton d&rsquo;antan, revisit\u00e9 avec des mat\u00e9riaux nobles et modernes.&nbsp; Le mariage parfait du style industriel et du confort. DESIGN N\u00c9O-R\u00c9TRO ET MAT\u00c9RIAUX PREMIUM. Le Pixibooth est la rencontre entre la robustesse moderne et le charme de l&rsquo;ancien. Sa structure en aluminium lui conf\u00e8re une solidit\u00e9 et une l\u00e9g\u00e8ret\u00e9 &hellip; <a href=\"https:\/\/piximat.com\/index.php\/pixibooth-7\/\" class=\"more-link\">Continue reading<span class=\"screen-reader-text\"> \u00ab\u00a0PixiBooth\u00a0\u00bb<\/span><\/a><\/p>\n","protected":false},"author":1,"featured_media":0,"parent":0,"menu_order":4,"comment_status":"closed","ping_status":"closed","template":"","meta":{"footnotes":""},"class_list":["post-1340","page","type-page","status-publish","hentry"],"_links":{"self":[{"href":"https:\/\/piximat.com\/index.php\/wp-json\/wp\/v2\/pages\/1340","targetHints":{"allow":["GET"]}}],"collection":[{"href":"https:\/\/piximat.com\/index.php\/wp-json\/wp\/v2\/pages"}],"about":[{"href":"https:\/\/piximat.com\/index.php\/wp-json\/wp\/v2\/types\/page"}],"author":[{"embeddable":true,"href":"https:\/\/piximat.com\/index.php\/wp-json\/wp\/v2\/users\/1"}],"replies":[{"embeddable":true,"href":"https:\/\/piximat.com\/index.php\/wp-json\/wp\/v2\/comments?post=1340"}],"version-history":[{"count":1,"href":"https:\/\/piximat.com\/index.php\/wp-json\/wp\/v2\/pages\/1340\/revisions"}],"predecessor-version":[{"id":1356,"href":"https:\/\/piximat.com\/index.php\/wp-json\/wp\/v2\/pages\/1340\/revisions\/1356"}],"wp:attachment":[{"href":"https:\/\/piximat.com\/index.php\/wp-json\/wp\/v2\/media?parent=1340"}],"curies":[{"name":"wp","href":"https:\/\/api.w.org\/{rel}","templated":true}]}}