{"id":1339,"date":"2026-02-18T13:32:20","date_gmt":"2026-02-18T12:32:20","guid":{"rendered":"https:\/\/piximat.com\/index.php\/devis-12\/"},"modified":"2026-02-18T13:32:28","modified_gmt":"2026-02-18T12:32:28","slug":"devis-12","status":"publish","type":"page","link":"https:\/\/piximat.com\/index.php\/devis-12\/","title":{"rendered":"Devis"},"content":{"rendered":"\n  \n    <section class=\"u-align-left u-black u-clearfix u-container-align-left u-container-align-left-lg u-container-align-left-xl u-container-align-right-lg u-container-align-right-xl u-valign-middle-lg u-valign-middle-sm u-section-1\" id=\"sec-7203\">\n      <div class=\"data-layout-selected u-clearfix u-layout-wrap u-layout-wrap-1\">\n        <div class=\"u-gutter-0 u-layout\">\n          <div class=\"u-layout-row\">\n            <div class=\"u-align-left u-container-align-left u-container-style u-image u-layout-cell u-size-29-lg u-size-35-xl u-size-60-md u-size-60-sm u-size-60-xs u-image-1\" data-image-width=\"1792\" data-image-height=\"2400\" style=\"background-image: url(&quot;https:\/\/piximat.com\/wp-content\/uploads\/2026\/02\/PixiBox-Magazine-Dcembre-2025-2.jpg&quot;);\">\n              <div class=\"u-container-layout u-valign-bottom u-container-layout-1\"><\/div>\n            <\/div>\n            <div class=\"u-align-center-xs u-align-left-lg u-align-left-md u-align-left-sm u-align-left-xl u-container-align-left-lg u-container-align-left-md u-container-align-left-sm u-container-align-left-xl u-container-style u-layout-cell u-size-25-xl u-size-31-lg u-size-60-md u-size-60-sm u-size-60-xs u-layout-cell-2\">\n              <div class=\"u-container-layout u-valign-middle-lg u-valign-middle-sm u-valign-top-xs u-container-layout-2\">\n                <h1 class=\"u-align-left-lg u-align-left-md u-align-left-sm u-align-left-xl u-custom-font u-text u-text-custom-color-7 u-text-1\"> PARLONS DE VOTRE PROJET.<\/h1>\n                <p class=\"u-align-left-lg u-align-left-md u-align-left-sm u-align-left-xl u-custom-font u-heading-font u-text u-text-body-alt-color u-text-2\"> Vous avez une date en t\u00eate ?&nbsp;<br>Un r\u00eave un peu fou ?&nbsp;<br>\n                  <br>Remplissez ce formulaire, et je reviens vers vous sous 24h avec une proposition sur-mesure.\n                <\/p>\n              <\/div>\n            <\/div>\n          <\/div>\n        <\/div>\n      <\/div>\n    <\/section>\n    <section class=\"u-clearfix u-section-2\" id=\"sec-952f\">\n      <div class=\"u-clearfix u-sheet u-valign-middle-lg u-valign-middle-md u-valign-middle-sm u-valign-middle-xs u-sheet-1\">\n        <div class=\"data-layout-selected u-clearfix u-expanded-width u-layout-wrap u-layout-wrap-1\">\n          <div class=\"u-layout\">\n            <div class=\"u-layout-row\">\n              <div class=\"u-align-center-xs u-container-style u-layout-cell u-size-20 u-layout-cell-1\">\n                <div class=\"u-container-layout u-container-layout-1\">\n                  <h1 class=\"u-custom-font u-text u-text-body-color u-text-default u-text-1\">VOS INFORMATIONS CL\u00c9S.<\/h1>\n                <\/div>\n              <\/div>\n              <div class=\"u-container-style u-layout-cell u-size-40 u-layout-cell-2\">\n                <div class=\"u-container-layout u-valign-top-xl u-container-layout-2\">\n                  <div class=\"u-form u-form-1\">\n                    <form action=\"https:\/\/service.nicepagesrv.com\/form\/v4\/form-process\" class=\"u-clearfix u-form-spacing-10 u-form-vertical u-inner-form\" source=\"email\" name=\"form\" style=\"padding: 10px;\">\n                      <div class=\"u-form-group u-form-name\">\n                        <label for=\"name-175e\" class=\"u-label\">Nom et Pr\u00e9nom<\/label>\n                        <input type=\"text\" placeholder=\"Entrez votre nom et pr\u00e9nom\" id=\"name-175e\" name=\"name\" class=\"u-border-no-left u-border-no-right u-border-no-top u-input u-input-rectangle\" required=\"\">\n                      <\/div>\n                      <div class=\"u-form-email u-form-group\">\n                        <label for=\"email-175e\" class=\"u-label\">Email<\/label>\n                        <input type=\"email\" placeholder=\"Entrez une adresse email valide\" id=\"email-175e\" name=\"email\" class=\"u-border-no-left u-border-no-right u-border-no-top u-input u-input-rectangle\" required=\"\">\n                      <\/div>\n                      <div class=\"u-form-date u-form-group u-form-group-3\">\n                        <label for=\"date-b074\" class=\"u-label\">Date de l'\u00e9v\u00e9nement<\/label>\n                        <input type=\"text\" placeholder=\"MM\/JJ\/AAAA\" id=\"date-b074\" name=\"date\" class=\"u-border-no-left u-border-no-right u-border-no-top u-input u-input-rectangle\" required=\"\" data-date-format=\"mm\/dd\/yyyy\">\n                      <\/div>\n                      <div class=\"u-form-group u-form-group-4\">\n                        <label for=\"city-e001\" class=\"u-label\">Lieu de l'\u00e9v\u00e9nement<\/label>\n                        <input type=\"text\" placeholder=\"Saisir la ville + Code Postal\" id=\"city-e001\" name=\"city\" class=\"u-border-no-left u-border-no-right u-border-no-top u-input u-input-rectangle\">\n                      <\/div>\n                      <div class=\"u-form-group u-form-select u-form-group-5\">\n                        <label for=\"select-a968\" class=\"u-label\">Type d'\u00e9v\u00e9nement<\/label>\n                        <div class=\"u-form-select-wrapper\">\n                          <select id=\"select-a968\" name=\"Type Event\" class=\"u-border-no-left u-border-no-right u-border-no-top u-input u-input-rectangle\">\n                            <option value=\"Mariage\" data-calc=\"Mariage\">Mariage<\/option>\n                            <option value=\"Soir\u00e9e Entreprise\" data-calc=\"Soir\u00e9e Entreprise\">Soir\u00e9e d'entreprise<\/option>\n                            <option value=\"Anni \/ F\u00eate Priv\u00e9e\" data-calc=\"Anni \/ F\u00eate Priv\u00e9e\">Anniversaire \/ F\u00eate Priv\u00e9e<\/option>\n                            <option data-calc=\"Lancement Prdt \/ Salon\" value=\"Lancement Prdt \/ Salon\">Lancement de Produit \/ Salon<\/option>\n                            <option data-calc=\"Autre\" value=\"Autre\">Autre<\/option>\n                          <\/select>\n                          <svg class=\"u-caret u-caret-svg\" version=\"1.1\" id=\"Layer_1\" xmlns=\"http:\/\/www.w3.org\/2000\/svg\" xmlns:xlink=\"http:\/\/www.w3.org\/1999\/xlink\" x=\"0px\" y=\"0px\" width=\"16px\" height=\"16px\" viewBox=\"0 0 16 16\" style=\"fill:currentColor;\" xml:space=\"preserve\"><polygon class=\"st0\" points=\"8,12 2,4 14,4 \"><\/polygon><\/svg>\n                        <\/div>\n                      <\/div>\n                      <div class=\"u-form-group u-form-select u-form-group-6\">\n                        <label for=\"select-c259\" class=\"u-label\">L'exp\u00e9rience qui vous int\u00e9resse ?<\/label>\n                        <div class=\"u-form-select-wrapper\">\n                          <select id=\"select-c259\" name=\"select\" class=\"u-border-no-left u-border-no-right u-border-no-top u-input u-input-rectangle\">\n                            <option value=\"PixiBox Magazine\" data-calc=\"PixiBox Magazine\">PixiBox Magazine (L'Exp\u00e9rience Studio)<\/option>\n                            <option value=\"Piximat Mini\" data-calc=\"Piximat Mini\">Piximat Mini (L'exp\u00e9rience Essentielle)<\/option>\n                            <option value=\"PixiBooth\" data-calc=\"PixiBooth\">PixiBooth (La Cabine R\u00e9tro)<\/option>\n                            <option data-calc=\"Piximat IA\" value=\"Piximat IA\">Piximat IA (L'Art Num\u00e9rique)<\/option>\n                          <\/select>\n                          <svg class=\"u-caret u-caret-svg\" version=\"1.1\" id=\"Layer_1\" xmlns=\"http:\/\/www.w3.org\/2000\/svg\" xmlns:xlink=\"http:\/\/www.w3.org\/1999\/xlink\" x=\"0px\" y=\"0px\" width=\"16px\" height=\"16px\" viewBox=\"0 0 16 16\" style=\"fill:currentColor;\" xml:space=\"preserve\"><polygon class=\"st0\" points=\"8,12 2,4 14,4 \"><\/polygon><\/svg>\n                        <\/div>\n                      <\/div>\n                      <div class=\"u-form-group u-form-textarea u-form-group-7\">\n                        <label for=\"textarea-cea9\" class=\"u-label\">Racontez-moi vos envies : th\u00e8me, nombre d'invit\u00e9s, horaires souhait\u00e9s...<\/label>\n                        <textarea rows=\"4\" cols=\"50\" id=\"textarea-cea9\" name=\"textarea\" class=\"u-border-no-left u-border-no-right u-border-no-top u-input u-input-rectangle\" required=\"\" placeholder=\"Donnez moi toutes les pr\u00e9cisions qui vous sembleront utiles pour la cr\u00e9ation de votre exp\u00e9rience personnalis\u00e9e.\"><\/textarea>\n                      <\/div>\n                      <div class=\"u-align-left u-form-group u-form-submit\">\n                        <a href=\"#\" class=\"u-border-none u-btn u-btn-round u-btn-submit u-button-style u-custom-color-7 u-custom-font u-radius u-btn-1\">V\u00c9RIFIER LA DISPONIBILIT\u00c9<br>&amp; RECEVOIR MON DEVIS\n                        <\/a>\n                        <input type=\"submit\" value=\"submit\" class=\"u-form-control-hidden\">\n                      <\/div>\n                      <div class=\"u-form-send-message u-form-send-success\">Merci ! Votre message a \u00e9t\u00e9 envoy\u00e9.<\/div>\n                      <div class=\"u-form-send-error u-form-send-message\">Impossible d'envoyer votre message. Merci de corriger les erreurs et r\u00e9essayer.<\/div>\n                      <input type=\"hidden\" value=\"\" name=\"recaptchaResponse\">\n                      <input type=\"hidden\" name=\"formServices\" value=\"c9e875d9-cd57-6bec-15cc-9fdcf2c1d27a\">\n                    <\/form>\n                  <\/div>\n                <\/div>\n              <\/div>\n            <\/div>\n          <\/div>\n        <\/div>\n      <\/div>\n    <\/section>\n    <section class=\"u-align-center u-clearfix u-container-align-center u-section-3\" id=\"block-1\">\n      <div class=\"u-clearfix u-sheet u-valign-middle u-sheet-1\">\n        <h2 class=\"u-align-center u-custom-font u-text u-text-custom-color-7 u-text-1\">ET ENSUITE ?<\/h2>\n        <p class=\"u-align-center u-custom-font u-heading-font u-text u-text-2\"> Je consulte personnellement chaque demande.&nbsp;<br>\n          <br>Si votre date est disponible, vous recevrez sous 48h ouvr\u00e9es un devis d\u00e9taill\u00e9&nbsp;<br>et personnalis\u00e9 par email.&nbsp;<br>\n          <br>Aucune relance agressive, promis !\n        <\/p>\n      <\/div>\n    <\/section>\n    <section class=\"u-clearfix u-custom-color-2 u-section-4\" id=\"block-2\">\n      <div class=\"u-clearfix u-sheet u-sheet-1\">\n        <div class=\"data-layout-selected u-clearfix u-expanded-width u-gutter-0 u-layout-wrap u-layout-wrap-1\">\n          <div class=\"u-gutter-0 u-layout\">\n            <div class=\"u-layout-row\">\n              <div class=\"u-align-center-xs u-align-left-lg u-align-left-md u-align-left-sm u-align-left-xl u-container-align-left u-container-style u-layout-cell u-left-cell u-size-30 u-layout-cell-1\">\n                <div class=\"u-container-layout u-valign-top u-container-layout-1\">\n                  <h2 class=\"u-custom-font u-text u-text-custom-color-7 u-text-1\">CONTACT DIRECT<\/h2>\n                  <p class=\"u-text u-text-2\">contact@piximat.com<br>T\u00e9l. 078 697 77 05&nbsp;<br>(du Lundi au Vendredi, 9h-17h).<br>\n                    <br>Bas\u00e9 \u00e0 Plan-Les-Ouates (GE), d\u00e9placements dans toute la Suisse Romande et France voisine.\n                  <\/p>\n                <\/div>\n              <\/div>\n              <div class=\"u-align-left-lg u-align-left-md u-align-left-sm u-align-left-xl u-container-align-left-lg u-container-align-left-md u-container-align-left-sm u-container-align-left-xl u-container-style u-layout-cell u-right-cell u-size-30 u-layout-cell-2\">\n                <div class=\"u-container-layout u-valign-bottom-xl u-valign-top-lg u-valign-top-md u-valign-top-sm u-valign-top-xs u-container-layout-2\">\n                  <h2 class=\"u-align-left-xs u-custom-font u-text u-text-custom-color-7 u-text-3\">QUESTIONS FR\u00c9QUENTES<\/h2>\n                  <p class=\"u-align-center-xs u-text u-text-4\"><i>Combien de temps \u00e0 l'avance faut-il r\u00e9server ?<\/i>&nbsp;<br>Id\u00e9alement 3 \u00e0 6 mois pour les \u00e9v\u00e9nement d'\u00e9t\u00e9 ou de No\u00ebl.<br>\n                    <br><i>Quels sont les frais de d\u00e9placement ?<\/i>&nbsp;<br>Inclus sur Gen\u00e8ve, sur devis au-del\u00e0.<br>\n                    <br><i>Un acompte est-il demand\u00e9 ?<\/i>&nbsp;<br>Oui, 30% \u00e0 la r\u00e9servation pour bloquer la date.\n                  <\/p>\n                <\/div>\n              <\/div>\n            <\/div>\n          <\/div>\n        <\/div>\n      <\/div>\n    <\/section>\n    \n    \n    \n    \n    \n    \n  \n","protected":false},"excerpt":{"rendered":"<p>PARLONS DE VOTRE PROJET. Vous avez une date en t\u00eate ?&nbsp;Un r\u00eave un peu fou ?&nbsp; Remplissez ce formulaire, et je reviens vers vous sous 24h avec une proposition sur-mesure. VOS INFORMATIONS CL\u00c9S. Nom et Pr\u00e9nom Email Date de l&rsquo;\u00e9v\u00e9nement Lieu de l&rsquo;\u00e9v\u00e9nement Type d&rsquo;\u00e9v\u00e9nement Mariage Soir\u00e9e d&rsquo;entreprise Anniversaire \/ F\u00eate Priv\u00e9e Lancement de Produit &hellip; <a href=\"https:\/\/piximat.com\/index.php\/devis-12\/\" class=\"more-link\">Continue reading<span class=\"screen-reader-text\"> \u00ab\u00a0Devis\u00a0\u00bb<\/span><\/a><\/p>\n","protected":false},"author":1,"featured_media":0,"parent":0,"menu_order":3,"comment_status":"closed","ping_status":"closed","template":"","meta":{"footnotes":""},"class_list":["post-1339","page","type-page","status-publish","hentry"],"_links":{"self":[{"href":"https:\/\/piximat.com\/index.php\/wp-json\/wp\/v2\/pages\/1339","targetHints":{"allow":["GET"]}}],"collection":[{"href":"https:\/\/piximat.com\/index.php\/wp-json\/wp\/v2\/pages"}],"about":[{"href":"https:\/\/piximat.com\/index.php\/wp-json\/wp\/v2\/types\/page"}],"author":[{"embeddable":true,"href":"https:\/\/piximat.com\/index.php\/wp-json\/wp\/v2\/users\/1"}],"replies":[{"embeddable":true,"href":"https:\/\/piximat.com\/index.php\/wp-json\/wp\/v2\/comments?post=1339"}],"version-history":[{"count":1,"href":"https:\/\/piximat.com\/index.php\/wp-json\/wp\/v2\/pages\/1339\/revisions"}],"predecessor-version":[{"id":1355,"href":"https:\/\/piximat.com\/index.php\/wp-json\/wp\/v2\/pages\/1339\/revisions\/1355"}],"wp:attachment":[{"href":"https:\/\/piximat.com\/index.php\/wp-json\/wp\/v2\/media?parent=1339"}],"curies":[{"name":"wp","href":"https:\/\/api.w.org\/{rel}","templated":true}]}}